

{"id":5272,"date":"2022-06-22T11:04:22","date_gmt":"2022-06-22T09:04:22","guid":{"rendered":"https:\/\/www.camping-airial.com\/news\/"},"modified":"2023-02-15T09:57:02","modified_gmt":"2023-02-15T08:57:02","slug":"news","status":"publish","type":"page","link":"https:\/\/www.camping-airial.com\/de\/news\/","title":{"rendered":"News"},"content":{"rendered":"\n[et_pb_section fb_built=&#8220;1&#8243; _builder_version=&#8220;4.17.4&#8243; _module_preset=&#8220;default&#8220; background_image=&#8220;https:\/\/www.camping-airial.com\/wp-content\/uploads\/2022\/06\/raphael-cubertafon-nVYV7NeBnHk-unsplash.jpg&#8220; custom_padding=&#8220;||0px|||&#8220; global_colors_info=&#8220;{}&#8220;][et_pb_row column_structure=&#8220;1_2,1_2&#8243; _builder_version=&#8220;4.17.6&#8243; _module_preset=&#8220;default&#8220; width=&#8220;84%&#8220; max_width=&#8220;2560px&#8220; module_alignment=&#8220;center&#8220; custom_margin=&#8220;-20px|130px||auto||&#8220; global_colors_info=&#8220;{}&#8220;][et_pb_column type=&#8220;1_2&#8243; _builder_version=&#8220;4.17.4&#8243; _module_preset=&#8220;default&#8220; global_colors_info=&#8220;{}&#8220;][\/et_pb_column][et_pb_column type=&#8220;1_2&#8243; _builder_version=&#8220;4.17.4&#8243; _module_preset=&#8220;default&#8220; global_colors_info=&#8220;{}&#8220;][et_pb_text _builder_version=&#8220;4.17.6&#8243; _module_preset=&#8220;default&#8220; text_font=&#8220;|700|||||||&#8220; text_text_color=&#8220;#C0B1AA&#8220; text_font_size=&#8220;20px&#8220; text_letter_spacing=&#8220;1px&#8220; text_line_height=&#8220;1.8em&#8220; header_font=&#8220;|800|||||||&#8220; header_text_color=&#8220;#2B2B2B&#8220; background_color=&#8220;#f7f3ed&#8220; max_width=&#8220;35%&#8220; max_width_tablet=&#8220;35%&#8220; max_width_phone=&#8220;68%&#8220; max_width_last_edited=&#8220;on|phone&#8220; module_alignment=&#8220;right&#8220; custom_margin=&#8220;316px||-29px|109px||&#8220; custom_padding=&#8220;31px|0px|10px||false|false&#8220; border_radii=&#8220;off|60px|60px||&#8220; box_shadow_style=&#8220;preset3&#8243; box_shadow_horizontal=&#8220;-3px&#8220; box_shadow_vertical=&#8220;-13px&#8220; global_colors_info=&#8220;{}&#8220;]<h2 style=\"font-weight: 400; text-align: center;\">News<\/h2>[\/et_pb_text][\/et_pb_column][\/et_pb_row][\/et_pb_section][et_pb_section fb_built=&#8220;1&#8243; _builder_version=&#8220;4.17.4&#8243; _module_preset=&#8220;default&#8220; background_color=&#8220;#f7f3ed&#8220; custom_margin=&#8220;-7px|||||&#8220; custom_padding=&#8220;51px||6px|||&#8220; global_colors_info=&#8220;{}&#8220;][et_pb_row column_structure=&#8220;1_4,3_4&#8243; _builder_version=&#8220;4.17.6&#8243; _module_preset=&#8220;default&#8220; max_width=&#8220;1467px&#8220; global_colors_info=&#8220;{}&#8220;][et_pb_column type=&#8220;1_4&#8243; _builder_version=&#8220;4.17.4&#8243; _module_preset=&#8220;default&#8220; global_colors_info=&#8220;{}&#8220;][et_pb_text _builder_version=&#8220;4.17.6&#8243; _module_preset=&#8220;default&#8220; text_font=&#8220;|300|||||||&#8220; header_2_font_size=&#8220;21px&#8220; header_3_letter_spacing=&#8220;1px&#8220; header_3_line_height=&#8220;1.4em&#8220; global_colors_info=&#8220;{}&#8220;]<h2 style=\"font-weight: 400;\"><strong>Alle News gibt es hier!<\/strong><\/h2>[\/et_pb_text][et_pb_text _builder_version=&#8220;4.17.4&#8243; _module_preset=&#8220;default&#8220; text_font=&#8220;|300|||||||&#8220; text_font_size=&#8220;18px&#8220; text_letter_spacing=&#8220;1px&#8220; text_line_height=&#8220;1.8em&#8220; global_colors_info=&#8220;{}&#8220;]<p>Die S\u00fcdk\u00fcste der Landes ist eine unglaublich dynamische Region, in der sich zahlreiche lokale Akteure engagiert und innovativ einbringen. Aus Soustons und Umgebung gibt es daher viel zu berichten!<\/p>\n<p>Er\u00f6ffnung von Kultureinrichtungen, neue Gesch\u00e4fte, Erweiterung des Radwegenetzes, Ausbau von Sportzentren usw. Kurzum: Unsere Region ist in Bewegung!<\/p>\n<p>Diese Seite stellt aber selbstverst\u00e4ndlich auch die Neuigkeiten unseres 4-Sterne-Campingplatzes vor.<\/p>\n<p>Unser Empfangsteam und unsere engagierten Animateure helfen Ihnen gerne dabei, Ihren Aufenthalt so \u00fcberraschend und bereichernd wie m\u00f6glich zu gestalten! Sie kennen die Region wie ihre Westentasche und stehen Ihnen gerne bei Ihren Entdeckungstouren zur Seite. In Soustons gibt es zudem ein Fremdenverkehrsamt, wo Sie ebenfalls hervorragend beraten werden.<\/p>\n<p>Und vergessen Sie nicht, uns nach der R\u00fcckkehr von Ihren Ausfl\u00fcgen bei einem Gl\u00e4schen an der Bar, w\u00e4hrend einer Sportaktivit\u00e4t oder in der Badelandschaft alles zu erz\u00e4hlen!<\/p>\n<p>Bis bald!<\/p>[\/et_pb_text][\/et_pb_column][et_pb_column type=&#8220;3_4&#8243; _builder_version=&#8220;4.17.4&#8243; _module_preset=&#8220;default&#8220; global_colors_info=&#8220;{}&#8220;][et_pb_blog fullwidth=&#8220;off&#8220; posts_number=&#8220;30&#8243; include_categories=&#8220;17&#8243; excerpt_length=&#8220;100&#8243; show_more=&#8220;on&#8220; show_author=&#8220;off&#8220; show_date=&#8220;off&#8220; show_pagination=&#8220;off&#8220; _builder_version=&#8220;4.17.6&#8243; _module_preset=&#8220;default&#8220; header_font=&#8220;|800|||||||&#8220; background_enable_color=&#8220;off&#8220; border_width_all=&#8220;0px&#8220; global_colors_info=&#8220;{}&#8220;][\/et_pb_blog][\/et_pb_column][\/et_pb_row][\/et_pb_section][et_pb_section fb_built=&#8220;1&#8243; _builder_version=&#8220;4.17.6&#8243; _module_preset=&#8220;default&#8220; background_color=&#8220;#2B2B2B&#8220; custom_margin=&#8220;-16px|||||&#8220; custom_padding=&#8220;40px||40px|||&#8220; global_colors_info=&#8220;{}&#8220;][et_pb_row _builder_version=&#8220;4.17.4&#8243; _module_preset=&#8220;default&#8220; width=&#8220;90%&#8220; max_width=&#8220;1738px&#8220; global_colors_info=&#8220;{}&#8220;][et_pb_column type=&#8220;4_4&#8243; _builder_version=&#8220;4.17.4&#8243; _module_preset=&#8220;default&#8220; global_colors_info=&#8220;{}&#8220;][et_pb_text _builder_version=&#8220;4.17.6&#8243; _module_preset=&#8220;default&#8220; global_colors_info=&#8220;{}&#8220;]<thr-favorites><\/thr-favorites>[\/et_pb_text][\/et_pb_column][\/et_pb_row][\/et_pb_section][et_pb_section fb_built=&#8220;1&#8243; _builder_version=&#8220;4.17.6&#8243; _module_preset=&#8220;default&#8220; custom_padding=&#8220;0px||0px||false|false&#8220; global_colors_info=&#8220;{}&#8220;][et_pb_row column_structure=&#8220;1_2,1_2&#8243; use_custom_gutter=&#8220;on&#8220; gutter_width=&#8220;1&#8243; make_equal=&#8220;on&#8220; _builder_version=&#8220;4.17.6&#8243; _module_preset=&#8220;default&#8220; width=&#8220;100%&#8220; max_width=&#8220;2539px&#8220; custom_margin=&#8220;0px|auto||auto||&#8220; custom_padding=&#8220;0px||0px||false|false&#8220; global_colors_info=&#8220;{}&#8220;][et_pb_column type=&#8220;1_2&#8243; _builder_version=&#8220;4.17.6&#8243; _module_preset=&#8220;default&#8220; use_background_color_gradient=&#8220;on&#8220; background_color_gradient_stops=&#8220;rgba(43,43,43,0.36) 0%|rgba(43,43,43,0.52) 99%&#8220; background_color_gradient_overlays_image=&#8220;on&#8220; background_image=&#8220;https:\/\/www.camping-airial.com\/\/wp-content\/uploads\/2022\/06\/elizeu-dias-xarhNpLSHTk-unsplash.jpg&#8220; global_colors_info=&#8220;{}&#8220;][et_pb_text _builder_version=&#8220;4.17.6&#8243; _module_preset=&#8220;default&#8220; text_font=&#8220;||||||||&#8220; text_text_color=&#8220;#FFFFFF&#8220; header_2_font=&#8220;|600|||||||&#8220; header_2_text_color=&#8220;#FFFFFF&#8220; width=&#8220;50%&#8220; max_width=&#8220;50%&#8220; module_alignment=&#8220;center&#8220; custom_margin=&#8220;77px|||||&#8220; global_colors_info=&#8220;{}&#8220;]<h2 class=\"afterline\" style=\"text-align: center;\"><span class=\"titre\">Erkunden Sie die Region<br>an der C\u00f4t\u00e9 Landaise<\/span><\/h2>\n<p style=\"text-align: center;\">Wer Natur und Authentizit\u00e4t liebt, findet in den Landes ein Paradies, das durch eine au\u00dfergew\u00f6hnliche Umgebung besticht.<\/p>[\/et_pb_text][et_pb_button button_url=&#8220;@ET-DC@eyJkeW5hbWljIjp0cnVlLCJjb250ZW50IjoicG9zdF9saW5rX3VybF9wYWdlIiwic2V0dGluZ3MiOnsicG9zdF9pZCI6Ijc2In19@&#8220; button_text=&#8220;Mehr zu den Landes&#8220; button_alignment=&#8220;center&#8220; _builder_version=&#8220;4.17.6&#8243; _dynamic_attributes=&#8220;button_url&#8220; _module_preset=&#8220;default&#8220; custom_button=&#8220;on&#8220; button_text_size=&#8220;18px&#8220; button_text_color=&#8220;#FFFFFF&#8220; custom_margin=&#8220;17px||11px|||&#8220; global_colors_info=&#8220;{}&#8220;][\/et_pb_button][et_pb_button button_url=&#8220;@ET-DC@eyJkeW5hbWljIjp0cnVlLCJjb250ZW50IjoicG9zdF9saW5rX3VybF9wYWdlIiwic2V0dGluZ3MiOnsicG9zdF9pZCI6Ijc0In19@&#8220; button_text=&#8220;Mehr zu Soustons&#8220; button_alignment=&#8220;center&#8220; _builder_version=&#8220;4.17.6&#8243; _dynamic_attributes=&#8220;button_url&#8220; _module_preset=&#8220;default&#8220; custom_button=&#8220;on&#8220; button_text_size=&#8220;18px&#8220; button_text_color=&#8220;#FFFFFF&#8220; custom_margin=&#8220;||136px|||&#8220; custom_padding=&#8220;||0px|||&#8220; global_colors_info=&#8220;{}&#8220;][\/et_pb_button][\/et_pb_column][et_pb_column type=&#8220;1_2&#8243; _builder_version=&#8220;4.17.6&#8243; _module_preset=&#8220;default&#8220; background_color=&#8220;#C9D408&#8243; global_colors_info=&#8220;{}&#8220;][et_pb_text _builder_version=&#8220;4.17.6&#8243; _module_preset=&#8220;default&#8220; text_font=&#8220;||||||||&#8220; text_text_color=&#8220;#FFFFFF&#8220; header_2_font=&#8220;|600|||||||&#8220; header_2_text_color=&#8220;#FFFFFF&#8220; width=&#8220;50%&#8220; max_width=&#8220;50%&#8220; module_alignment=&#8220;center&#8220; custom_margin=&#8220;77px|||||&#8220; global_colors_info=&#8220;{}&#8220;]<h2 class=\"afterline\" style=\"text-align: center;\"><span class=\"titre\"><span>Entdecken Sie<\/span> <span>unsere Events<\/span>!<\/span><\/h2>\n<p style=\"text-align: center;\"><span>Erfahren Sie alles \u00fcber unsere Neuigkeiten und Events, damit Ihnen nichts entgeht!<\/span><\/p>[\/et_pb_text][et_pb_blog fullwidth=&#8220;off&#8220; posts_number=&#8220;3&#8243; include_categories=&#8220;18&#8243; show_thumbnail=&#8220;off&#8220; use_manual_excerpt=&#8220;off&#8220; excerpt_length=&#8220;50&#8243; show_more=&#8220;on&#8220; show_author=&#8220;off&#8220; show_date=&#8220;off&#8220; show_categories=&#8220;off&#8220; show_pagination=&#8220;off&#8220; use_overlay=&#8220;on&#8220; hover_overlay_color=&#8220;#2B2B2B&#8220; masonry_tile_background_color=&#8220;#C9D408&#8243; _builder_version=&#8220;4.17.6&#8243; _module_preset=&#8220;default&#8220; header_font=&#8220;|700|||||||&#8220; header_text_color=&#8220;#FFFFFF&#8220; body_font=&#8220;|300|||||||&#8220; body_text_color=&#8220;#D5D3C7&#8243; body_font_size=&#8220;18px&#8220; body_letter_spacing=&#8220;1px&#8220; meta_text_color=&#8220;#FFFFFF&#8220; read_more_font=&#8220;|700|||||||&#8220; read_more_text_color=&#8220;#C9D408&#8243; background_color=&#8220;#C9D408&#8243; width=&#8220;69%&#8220; module_alignment=&#8220;center&#8220; custom_margin=&#8220;11px|||||&#8220; border_width_all=&#8220;0px&#8220; border_width_top=&#8220;1px&#8220; global_colors_info=&#8220;{}&#8220;][\/et_pb_blog][\/et_pb_column][\/et_pb_row][\/et_pb_section][et_pb_section fb_built=&#8220;1&#8243; inner_shadow=&#8220;on&#8220; _builder_version=&#8220;4.17.4&#8243; _module_preset=&#8220;default&#8220; global_colors_info=&#8220;{}&#8220;][et_pb_row _builder_version=&#8220;4.17.4&#8243; _module_preset=&#8220;default&#8220; global_colors_info=&#8220;{}&#8220;][et_pb_column type=&#8220;4_4&#8243; _builder_version=&#8220;4.17.4&#8243; _module_preset=&#8220;default&#8220; global_colors_info=&#8220;{}&#8220;][et_pb_text _builder_version=&#8220;4.17.4&#8243; _module_preset=&#8220;default&#8220; global_colors_info=&#8220;{}&#8220;]<h2>Weitere Angebote<\/h2>[\/et_pb_text][\/et_pb_column][\/et_pb_row][et_pb_row column_structure=&#8220;1_3,1_3,1_3&#8243; _builder_version=&#8220;4.17.4&#8243; _module_preset=&#8220;default&#8220; global_colors_info=&#8220;{}&#8220;][et_pb_column type=&#8220;1_3&#8243; _builder_version=&#8220;4.17.4&#8243; _module_preset=&#8220;default&#8220; global_colors_info=&#8220;{}&#8220;][et_pb_slider _builder_version=&#8220;4.17.6&#8243; _dynamic_attributes=&#8220;link_option_url&#8220; _module_preset=&#8220;default&#8220; background_color=&#8220;#C0B1AA&#8220; link_option_url=&#8220;@ET-DC@eyJkeW5hbWljIjp0cnVlLCJjb250ZW50IjoicG9zdF9saW5rX3VybF9wYWdlIiwic2V0dGluZ3MiOnsicG9zdF9pZCI6IjU4In19@&#8220; border_radii=&#8220;on|60px|60px|60px|60px&#8220; global_colors_info=&#8220;{}&#8220;][et_pb_slide heading=&#8220;Teambuilding&#8220; _builder_version=&#8220;4.17.6&#8243; _module_preset=&#8220;default&#8220; background_image=&#8220;https:\/\/www.camping-airial.com\/wp-content\/uploads\/2022\/07\/PdLAufildeleau-11.jpg&#8220; background_enable_image=&#8220;on&#8220; global_colors_info=&#8220;{}&#8220; sticky_transition=&#8220;on&#8220;][\/et_pb_slide][\/et_pb_slider][\/et_pb_column][et_pb_column type=&#8220;1_3&#8243; _builder_version=&#8220;4.17.4&#8243; _module_preset=&#8220;default&#8220; global_colors_info=&#8220;{}&#8220;][et_pb_slider _builder_version=&#8220;4.17.6&#8243; _dynamic_attributes=&#8220;link_option_url&#8220; _module_preset=&#8220;default&#8220; background_color=&#8220;#C0B1AA&#8220; link_option_url=&#8220;@ET-DC@eyJkeW5hbWljIjp0cnVlLCJjb250ZW50IjoicG9zdF9saW5rX3VybF9wYWdlIiwic2V0dGluZ3MiOnsicG9zdF9pZCI6IjEyOTEifX0=@&#8220; border_radii=&#8220;on|60px|60px|60px|60px&#8220; global_colors_info=&#8220;{}&#8220;][et_pb_slide heading=&#8220;Segel-Aufenthalt&#8220; _builder_version=&#8220;4.17.6&#8243; _module_preset=&#8220;default&#8220; background_image=&#8220;https:\/\/www.camping-airial.com\/\/wp-content\/uploads\/2022\/07\/voile-isleverte.jpg&#8220; background_enable_image=&#8220;on&#8220; global_colors_info=&#8220;{}&#8220; sticky_transition=&#8220;on&#8220;][\/et_pb_slide][\/et_pb_slider][\/et_pb_column][et_pb_column type=&#8220;1_3&#8243; _builder_version=&#8220;4.17.4&#8243; _module_preset=&#8220;default&#8220; global_colors_info=&#8220;{}&#8220;][et_pb_slider _builder_version=&#8220;4.17.6&#8243; _dynamic_attributes=&#8220;link_option_url&#8220; _module_preset=&#8220;default&#8220; background_color=&#8220;#C0B1AA&#8220; link_option_url=&#8220;@ET-DC@eyJkeW5hbWljIjp0cnVlLCJjb250ZW50IjoicG9zdF9saW5rX3VybF9wYWdlIiwic2V0dGluZ3MiOnsicG9zdF9pZCI6IjQ1In19@&#8220; border_radii=&#8220;on|60px|60px|60px|60px&#8220; global_colors_info=&#8220;{}&#8220;][et_pb_slide heading=&#8220;Der Campingplatz&#8220; _builder_version=&#8220;4.17.6&#8243; _module_preset=&#8220;default&#8220; background_image=&#8220;https:\/\/www.camping-airial.com\/wp-content\/uploads\/2022\/07\/\u00a9LandesAtlantiqueSud-5.jpg&#8220; background_enable_image=&#8220;on&#8220; global_colors_info=&#8220;{}&#8220; sticky_transition=&#8220;on&#8220;][\/et_pb_slide][\/et_pb_slider][\/et_pb_column][\/et_pb_row][\/et_pb_section]\n","protected":false},"excerpt":{"rendered":"<p>NewsAlle News gibt es hier!Die S\u00fcdk\u00fcste der Landes ist eine unglaublich dynamische Region, in der sich zahlreiche lokale Akteure engagiert und innovativ einbringen. Aus Soustons und Umgebung gibt es daher viel zu berichten! Er\u00f6ffnung von Kultureinrichtungen, neue Gesch\u00e4fte, Erweiterung des Radwegenetzes, Ausbau von Sportzentren usw. Kurzum: Unsere Region ist in Bewegung! Diese Seite stellt aber [&hellip;]<\/p>\n","protected":false},"author":1,"featured_media":0,"parent":0,"menu_order":0,"comment_status":"closed","ping_status":"closed","template":"","meta":{"_et_pb_use_builder":"on","_et_pb_old_content":"","_et_gb_content_width":"","footnotes":""},"class_list":["post-5272","page","type-page","status-publish","hentry"],"_links":{"self":[{"href":"https:\/\/www.camping-airial.com\/de\/wp-json\/wp\/v2\/pages\/5272","targetHints":{"allow":["GET"]}}],"collection":[{"href":"https:\/\/www.camping-airial.com\/de\/wp-json\/wp\/v2\/pages"}],"about":[{"href":"https:\/\/www.camping-airial.com\/de\/wp-json\/wp\/v2\/types\/page"}],"author":[{"embeddable":true,"href":"https:\/\/www.camping-airial.com\/de\/wp-json\/wp\/v2\/users\/1"}],"replies":[{"embeddable":true,"href":"https:\/\/www.camping-airial.com\/de\/wp-json\/wp\/v2\/comments?post=5272"}],"version-history":[{"count":0,"href":"https:\/\/www.camping-airial.com\/de\/wp-json\/wp\/v2\/pages\/5272\/revisions"}],"wp:attachment":[{"href":"https:\/\/www.camping-airial.com\/de\/wp-json\/wp\/v2\/media?parent=5272"}],"curies":[{"name":"wp","href":"https:\/\/api.w.org\/{rel}","templated":true}]}}