

{"id":5275,"date":"2022-06-22T10:54:28","date_gmt":"2022-06-22T08:54:28","guid":{"rendered":"https:\/\/www.camping-airial.com\/animationen\/"},"modified":"2025-03-01T13:50:57","modified_gmt":"2025-03-01T12:50:57","slug":"animationen","status":"publish","type":"page","link":"https:\/\/www.camping-airial.com\/de\/animationen\/","title":{"rendered":"Animationen"},"content":{"rendered":"<p>[et_pb_section fb_built=&#8220;1&#8243; _builder_version=&#8220;4.17.4&#8243; _module_preset=&#8220;default&#8220; background_image=&#8220;https:\/\/www.camping-airial.com\/wp-content\/uploads\/2022\/06\/bruno-emmanuelle-Gi6-m_t_W-E-unsplash.jpg&#8220; custom_padding=&#8220;||0px|||&#8220; global_colors_info=&#8220;{}&#8220;][et_pb_row column_structure=&#8220;1_2,1_2&#8243; _builder_version=&#8220;4.17.4&#8243; _module_preset=&#8220;default&#8220; custom_margin=&#8220;-20px|auto||auto||&#8220; custom_padding=&#8220;||0px|||&#8220; global_colors_info=&#8220;{}&#8220;][et_pb_column type=&#8220;1_2&#8243; _builder_version=&#8220;4.17.4&#8243; _module_preset=&#8220;default&#8220; global_colors_info=&#8220;{}&#8220;][\/et_pb_column][et_pb_column type=&#8220;1_2&#8243; _builder_version=&#8220;4.17.4&#8243; _module_preset=&#8220;default&#8220; global_colors_info=&#8220;{}&#8220;][et_pb_text _builder_version=&#8220;4.17.4&#8243; _module_preset=&#8220;default&#8220; text_font=&#8220;|700|||||||&#8220; text_text_color=&#8220;#C0B1AA&#8220; text_font_size=&#8220;20px&#8220; text_letter_spacing=&#8220;1px&#8220; text_line_height=&#8220;1.8em&#8220; header_font=&#8220;|800|||||||&#8220; header_text_color=&#8220;#2B2B2B&#8220; background_color=&#8220;#FFFFFF&#8220; custom_margin=&#8220;306px|||||&#8220; custom_padding=&#8220;45px|30px|45px|43px|true|false&#8220; border_radii=&#8220;off|60px|60px||&#8220; box_shadow_style=&#8220;preset3&#8243; box_shadow_horizontal=&#8220;-3px&#8220; box_shadow_vertical=&#8220;-13px&#8220; global_colors_info=&#8220;{}&#8220;]<\/p>\n<h1>Animationen<\/h1>\n<p><span><\/span><\/p>\n<p style=\"font-weight: 400;\">Animationen geh\u00f6ren zum Campingurlaub einfach dazu \u2013 vor allem in einer solch gastfreundlichen Region wie den Landes! Unser dynamisches Animationsteam hat Ihnen ein umfangreiches Ferienprogramm zusammengestellt: Wir sehen uns auf der B\u00fchne oder im Zelt!<\/p>\n<p>[\/et_pb_text][\/et_pb_column][\/et_pb_row][\/et_pb_section][et_pb_section fb_built=&#8220;1&#8243; _builder_version=&#8220;4.17.6&#8243; _module_preset=&#8220;default&#8220; custom_padding=&#8220;3px||0px|||&#8220; global_colors_info=&#8220;{}&#8220;][et_pb_row _builder_version=&#8220;4.17.6&#8243; _module_preset=&#8220;default&#8220; custom_padding=&#8220;6px||3px|||&#8220; global_colors_info=&#8220;{}&#8220;][et_pb_column type=&#8220;4_4&#8243; _builder_version=&#8220;4.17.6&#8243; _module_preset=&#8220;default&#8220; global_colors_info=&#8220;{}&#8220;][et_pb_text _builder_version=&#8220;4.17.6&#8243; _module_preset=&#8220;default&#8220; text_font=&#8220;|300|||||||&#8220; text_text_color=&#8220;#C0B1AA&#8220; link_font=&#8220;|300|||||||&#8220; link_text_color=&#8220;#C0B1AA&#8220; global_colors_info=&#8220;{}&#8220;]<\/p>\n<span><span><a href=\"https:\/\/www.camping-airial.com\/de\/willkommen\/\">Accueil<\/a><\/span><\/span>\n<p>[\/et_pb_text][\/et_pb_column][\/et_pb_row][\/et_pb_section][et_pb_section fb_built=&#8220;1&#8243; _builder_version=&#8220;4.17.4&#8243; _module_preset=&#8220;default&#8220; global_colors_info=&#8220;{}&#8220;][et_pb_row column_structure=&#8220;1_2,1_2&#8243; _builder_version=&#8220;4.17.4&#8243; _module_preset=&#8220;default&#8220; global_colors_info=&#8220;{}&#8220;][et_pb_column type=&#8220;1_2&#8243; _builder_version=&#8220;4.17.4&#8243; _module_preset=&#8220;default&#8220; global_colors_info=&#8220;{}&#8220;][et_pb_text _builder_version=&#8220;4.19.1&#8243; _module_preset=&#8220;default&#8220; text_font=&#8220;|300|||||||&#8220; text_font_size=&#8220;18px&#8220; text_letter_spacing=&#8220;1px&#8220; text_line_height=&#8220;1.8em&#8220; global_colors_info=&#8220;{}&#8220;]<\/p>\n<h2 style=\"font-weight: 400;\"><strong>T\u00e4gliche Animationen<\/strong><\/h2>\n<p><strong><br \/>In L&#8217;Airial m\u00f6chten wir, dass alle Spa\u00df haben.<\/strong><br \/>Wir gestalten Ihren Tag mit verschiedenen Aktivit\u00e4ten, mal <strong>sportlich<\/strong>, mal <strong>k\u00fcnstlerisch\/kulturell<\/strong>: Dartturniere, Eltern-Kind-Foto-Rallyes, etc. Ob mit der Familie, mit Freunden oder auch allein: F\u00fcr jeden ist etwas im Angebot! Die Animationen sind eine hervorragende Gelegenheit, andere Urlaubsg\u00e4ste kennenzulernen, Neues auszuprobieren und vielleicht ein verstecktes Talent zu entdecken! Es tut so gut, sich einfach einmal Zeit f\u00fcr sich zu nehmen \u2026<\/p>\n<p><strong>Jeden Abend<\/strong> erwartet Sie ein <strong>anderes Thema<\/strong> in einer einzigartigen Atmosph\u00e4re in L&#8217;Airial: <strong>Willkommenscocktail<\/strong> an der Bar, um sich mit den Neuank\u00f6mmlingen auszutauschen, <strong>Nachtmarkt<\/strong> mit regionalen Produkten, <strong>Aperitif-Spiele<\/strong> und <strong>Karaoke<\/strong>, um Kontakte zu kn\u00fcpfen, ein <strong>ungew\u00f6hnlicher Abend in den B\u00e4umen<\/strong>, etc. Gute Laune und viel Gel\u00e4chter sorgen f\u00fcr Momente, an die Sie sich noch lange und gerne zur\u00fcckerinnern werden! Lassen Sie sich gehen, vergessen Sie Ihre Alltagssorgen und genie\u00dfen Sie ganz einfach Ihr Leben.<\/p>\n<p>[\/et_pb_text][\/et_pb_column][et_pb_column type=&#8220;1_2&#8243; _builder_version=&#8220;4.17.4&#8243; _module_preset=&#8220;default&#8220; global_colors_info=&#8220;{}&#8220;][et_pb_image src=&#8220;https:\/\/www.camping-airial.com\/wp-content\/uploads\/2022\/06\/nate-johnston-2gBpsNuHcyA-unsplash.jpg&#8220; title_text=&#8220;nate-johnston-2gBpsNuHcyA-unsplash&#8220; _builder_version=&#8220;4.19.1&#8243; _module_preset=&#8220;default&#8220; custom_margin=&#8220;-19px||-29px|||&#8220; custom_padding=&#8220;|33px||||&#8220; animation_direction=&#8220;right&#8220; border_radii=&#8220;on|80px|80px|80px|80px&#8220; global_colors_info=&#8220;{}&#8220;][\/et_pb_image][et_pb_text _builder_version=&#8220;4.19.1&#8243; _module_preset=&#8220;default&#8220; text_text_color=&#8220;#FFFFFF&#8220; header_5_font=&#8220;|800||on|||||&#8220; header_5_text_color=&#8220;#FFFFFF&#8220; background_color=&#8220;#C9D408&#8243; text_orientation=&#8220;center&#8220; max_width=&#8220;58%&#8220; max_width_tablet=&#8220;48%&#8220; max_width_phone=&#8220;70%&#8220; max_width_last_edited=&#8220;on|desktop&#8220; module_alignment=&#8220;right&#8220; custom_margin=&#8220;2px|30px|-19px||false|false&#8220; custom_padding=&#8220;10px|21px|10px|21px|true|true&#8220; animation_direction=&#8220;right&#8220; border_radii=&#8220;on|60px|60px|60px|60px&#8220; global_colors_info=&#8220;{}&#8220;]<\/p>\n<p style=\"font-weight: 400;\">Ein Muss in diesem Sommer:<br \/>Die Abendveranstaltungen des Aquaparks.<span style=\"text-decoration: underline;\"><span style=\"color: #ffffff; text-decoration: underline;\"><a href=\"https:\/\/www.camping-airial.com\/de\/badelandschaft\/\" style=\"color: #ffffff; text-decoration: underline;\"><strong>Wassersportzentrums.<\/strong><\/a><\/span><\/span>Die Nachtschw\u00e4rmer, die in jedem von uns einen Hauch von Verr\u00fccktheit wecken. Also nix wie rein in die Badeklamotten!<\/p>\n<p>[\/et_pb_text][\/et_pb_column][\/et_pb_row][\/et_pb_section][et_pb_section fb_built=&#8220;1&#8243; _builder_version=&#8220;4.17.4&#8243; _module_preset=&#8220;default&#8220; global_colors_info=&#8220;{}&#8220;][et_pb_row column_structure=&#8220;1_2,1_2&#8243; _builder_version=&#8220;4.17.4&#8243; _module_preset=&#8220;default&#8220; global_colors_info=&#8220;{}&#8220;][et_pb_column type=&#8220;1_2&#8243; _builder_version=&#8220;4.17.4&#8243; _module_preset=&#8220;default&#8220; global_colors_info=&#8220;{}&#8220;][et_pb_image src=&#8220;https:\/\/www.camping-airial.com\/wp-content\/uploads\/2022\/06\/andreas-brun-3zP003vow9U-unsplash.jpg&#8220; title_text=&#8220;andreas-brun-3zP003vow9U-unsplash&#8220; _builder_version=&#8220;4.19.1&#8243; _module_preset=&#8220;default&#8220; custom_margin=&#8220;||-54px|||&#8220; animation_direction=&#8220;left&#8220; global_colors_info=&#8220;{}&#8220;][\/et_pb_image][et_pb_cta title=&#8220;Zeit zum Feiern in Soustons-Lac!&#8220; _builder_version=&#8220;4.19.1&#8243; _module_preset=&#8220;default&#8220; body_font=&#8220;|600|||||||&#8220; body_text_color=&#8220;#FFFFFF&#8220; body_link_font=&#8220;|800|||||||&#8220; body_link_text_color=&#8220;#2B2B2B&#8220; body_link_font_size=&#8220;23px&#8220; body_link_letter_spacing=&#8220;1px&#8220; body_link_line_height=&#8220;1.5em&#8220; background_color=&#8220;#C9D408&#8243; max_width=&#8220;73%&#8220; module_alignment=&#8220;center&#8220; custom_margin=&#8220;12px||||false|false&#8220; custom_padding=&#8220;34px||0px|||&#8220; animation_direction=&#8220;left&#8220; border_radii=&#8220;on|40px|40px|40px|40px&#8220; global_colors_info=&#8220;{}&#8220;][\/et_pb_cta][\/et_pb_column][et_pb_column type=&#8220;1_2&#8243; _builder_version=&#8220;4.17.4&#8243; _module_preset=&#8220;default&#8220; global_colors_info=&#8220;{}&#8220;][et_pb_text _builder_version=&#8220;4.19.1&#8243; _module_preset=&#8220;default&#8220; text_font=&#8220;|300|||||||&#8220; text_font_size=&#8220;18px&#8220; text_letter_spacing=&#8220;1px&#8220; text_line_height=&#8220;1.8em&#8220; global_colors_info=&#8220;{}&#8220;]<\/p>\n<h2 style=\"font-weight: 400;\"><strong>Ein hochwertiges Unterhaltungsangebot<\/strong><\/h2>\n<p><strong>Ein weiteres Highlight auf dem L\u2019Airial: die Vorstellungen! <\/strong><\/p>\n<p>Unser 4-Sterne-Campingplatz an der S\u00fcdk\u00fcste der Landes organisiert:<\/p>\n<ul>\n<li>vielf\u00e4ltige <strong>Konzerte<\/strong> f\u00fcr alle Musikliebhaber,<\/li>\n<li>allseits beliebte <strong>Tanzabende<\/strong>,<\/li>\n<li><strong>kost\u00fcmierte Tanzvorstellungen<\/strong> zu Themen wie Musicals, 70er-Jahre usw.<\/li>\n<li>und nat\u00fcrlich die <strong>Shows der Kinder und Jugendlichen des Campingplatzes<\/strong>, die mithilfe unseres freundlichen, dynamischen Animationsteams vorbereitet werden.<\/li>\n<\/ul>\n<p>Eine wunderbar festliche Atmosph\u00e4re nach einem leckeren Essen auf Ihrer Terrasse oder in unserem <a href=\"https:\/\/www.camping-airial.com\/\/restauration-soustons\/\"><span style=\"text-decoration: underline;\"><strong>Restaurant<\/strong><\/span><\/a>, in dem \u00fcbrigens auch kulinarische Themenabende stattfinden.<\/p>\n<p>[\/et_pb_text][\/et_pb_column][\/et_pb_row][et_pb_row _builder_version=&#8220;4.19.1&#8243; _module_preset=&#8220;default&#8220; global_colors_info=&#8220;{}&#8220;][et_pb_column type=&#8220;4_4&#8243; _builder_version=&#8220;4.17.6&#8243; _module_preset=&#8220;default&#8220; global_colors_info=&#8220;{}&#8220;][et_pb_text _builder_version=&#8220;4.19.1&#8243; _module_preset=&#8220;default&#8220; global_colors_info=&#8220;{}&#8220;]<\/p>\n<h4 style=\"text-align: center;\"><span style=\"text-decoration: underline;\">Beispiele f\u00fcr unser Festprogramm im Sommer<\/span><\/h4>\n<p>[\/et_pb_text][et_pb_image src=&#8220;https:\/\/www.camping-airial.com\/wp-content\/uploads\/2024\/07\/Semaine4.png&#8220; title_text=&#8220;Woche4&#8243; _builder_version=&#8220;4.25.1&#8243; _module_preset=&#8220;default&#8220; hover_enabled=&#8220;0&#8243; global_colors_info=&#8220;{}&#8220; sticky_enabled=&#8220;0&#8243;][\/et_pb_image][et_pb_image src=&#8220;https:\/\/www.camping-airial.com\/wp-content\/uploads\/2024\/07\/Copie-de-Copie-de-mini-club-.png&#8220; title_text=&#8220;Kopie von Kopie von Mini Club&#8220; _builder_version=&#8220;4.25.1&#8243; _module_preset=&#8220;default&#8220; hover_enabled=&#8220;0&#8243; global_colors_info=&#8220;{}&#8220; sticky_enabled=&#8220;0&#8243;][\/et_pb_image][\/et_pb_column][\/et_pb_row][\/et_pb_section][et_pb_section fb_built=&#8220;1&#8243; _builder_version=&#8220;4.19.1&#8243; _module_preset=&#8220;default&#8220; background_color=&#8220;#D5D3C7&#8243; background_image=&#8220;https:\/\/www.camping-airial.com\/wp-content\/uploads\/2022\/06\/douglas-lopez-4B0cLMtJxWw-unsplash.jpg&#8220; global_colors_info=&#8220;{}&#8220;][et_pb_row _builder_version=&#8220;4.19.1&#8243; _module_preset=&#8220;default&#8220; global_colors_info=&#8220;{}&#8220;][et_pb_column type=&#8220;4_4&#8243; _builder_version=&#8220;4.17.4&#8243; _module_preset=&#8220;default&#8220; global_colors_info=&#8220;{}&#8220;][et_pb_text _builder_version=&#8220;4.19.1&#8243; _module_preset=&#8220;default&#8220; text_font=&#8220;|300|||||||&#8220; text_text_color=&#8220;#FFFFFF&#8220; text_font_size=&#8220;18px&#8220; text_letter_spacing=&#8220;1px&#8220; text_line_height=&#8220;1.8em&#8220; header_2_text_color=&#8220;#FFFFFF&#8220; global_colors_info=&#8220;{}&#8220;]<\/p>\n<h2 style=\"font-weight: 400;\"><strong>Leckereien und beste Stimmung<\/strong><\/h2>\n<p style=\"font-weight: 400;\">Unser <a href=\"https:\/\/www.camping-airial.com\/\/restauration\/\"><strong>Restaurant<\/strong><\/a> organisiert Events wie: Paella-Abend, Poulet-Basquaise-Abend, Muscheln-Pommes-Abend usw. Kulinarische Entdeckungen und neue Bekanntschaften: Wer bietet mehr?<\/p>\n<p>[\/et_pb_text][\/et_pb_column][\/et_pb_row][\/et_pb_section][et_pb_section fb_built=&#8220;1&#8243; inner_shadow=&#8220;on&#8220; _builder_version=&#8220;4.19.1&#8243; _module_preset=&#8220;default&#8220; global_colors_info=&#8220;{}&#8220;][et_pb_row _builder_version=&#8220;4.17.4&#8243; _module_preset=&#8220;default&#8220; global_colors_info=&#8220;{}&#8220;][et_pb_column type=&#8220;4_4&#8243; _builder_version=&#8220;4.17.4&#8243; _module_preset=&#8220;default&#8220; global_colors_info=&#8220;{}&#8220;][et_pb_text _builder_version=&#8220;4.17.4&#8243; _module_preset=&#8220;default&#8220; global_colors_info=&#8220;{}&#8220;]<\/p>\n<h2>Weitere Angebote<\/h2>\n<p>[\/et_pb_text][\/et_pb_column][\/et_pb_row][et_pb_row column_structure=&#8220;1_3,1_3,1_3&#8243; _builder_version=&#8220;4.17.4&#8243; _module_preset=&#8220;default&#8220; global_colors_info=&#8220;{}&#8220;][et_pb_column type=&#8220;1_3&#8243; _builder_version=&#8220;4.17.4&#8243; _module_preset=&#8220;default&#8220; global_colors_info=&#8220;{}&#8220;][et_pb_slider _builder_version=&#8220;4.17.6&#8243; _dynamic_attributes=&#8220;link_option_url&#8220; _module_preset=&#8220;default&#8220; background_color=&#8220;#C0B1AA&#8220; link_option_url=&#8220;@ET-DC@eyJkeW5hbWljIjp0cnVlLCJjb250ZW50IjoicG9zdF9saW5rX3VybF9wYWdlIiwic2V0dGluZ3MiOnsicG9zdF9pZCI6IjQ3In19@&#8220; border_radii=&#8220;on|60px|60px|60px|60px&#8220; global_colors_info=&#8220;{}&#8220;][et_pb_slide heading=&#8220;Kinderclub&#8220; _builder_version=&#8220;4.17.4&#8243; _module_preset=&#8220;default&#8220; background_image=&#8220;https:\/\/www.camping-airial.com\/wp-content\/uploads\/2022\/06\/trust-tru-katsande-bahN87L4ZIM-unsplash.jpg&#8220; background_enable_image=&#8220;on&#8220; global_colors_info=&#8220;{}&#8220; sticky_transition=&#8220;on&#8220;][\/et_pb_slide][\/et_pb_slider][\/et_pb_column][et_pb_column type=&#8220;1_3&#8243; _builder_version=&#8220;4.17.4&#8243; _module_preset=&#8220;default&#8220; global_colors_info=&#8220;{}&#8220;][et_pb_slider _builder_version=&#8220;4.17.6&#8243; _dynamic_attributes=&#8220;link_option_url&#8220; _module_preset=&#8220;default&#8220; background_color=&#8220;#C0B1AA&#8220; background_image=&#8220;https:\/\/www.camping-airial.com\/wp-content\/uploads\/2022\/06\/beth-macdonald-7Y8gfWM-1dw-unsplash.jpg&#8220; link_option_url=&#8220;@ET-DC@eyJkeW5hbWljIjp0cnVlLCJjb250ZW50IjoicG9zdF9saW5rX3VybF9wYWdlIiwic2V0dGluZ3MiOnsicG9zdF9pZCI6IjQ5In19@&#8220; border_radii=&#8220;on|60px|60px|60px|60px&#8220; global_colors_info=&#8220;{}&#8220;][et_pb_slide heading=&#8220;Aktivit\u00e4ten&#8220; _builder_version=&#8220;4.17.4&#8243; _module_preset=&#8220;default&#8220; global_colors_info=&#8220;{}&#8220; sticky_transition=&#8220;on&#8220;][\/et_pb_slide][\/et_pb_slider][\/et_pb_column][et_pb_column type=&#8220;1_3&#8243; _builder_version=&#8220;4.17.4&#8243; _module_preset=&#8220;default&#8220; global_colors_info=&#8220;{}&#8220;][et_pb_slider _builder_version=&#8220;4.17.6&#8243; _dynamic_attributes=&#8220;link_option_url&#8220; _module_preset=&#8220;default&#8220; background_enable_color=&#8220;off&#8220; background_image=&#8220;https:\/\/www.camping-airial.com\/\/wp-content\/uploads\/2022\/07\/Capture-decran-2022-07-20-a-17.24.23.jpg&#8220; link_option_url=&#8220;@ET-DC@eyJkeW5hbWljIjp0cnVlLCJjb250ZW50IjoicG9zdF9saW5rX3VybF9wYWdlIiwic2V0dGluZ3MiOnsicG9zdF9pZCI6IjYwIn19@&#8220; border_radii=&#8220;on|60px|60px|60px|60px&#8220; global_colors_info=&#8220;{}&#8220;][et_pb_slide heading=&#8220;Dienstleistungen&#8220; button_link=&#8220;@ET-DC@eyJkeW5hbWljIjp0cnVlLCJjb250ZW50IjoicG9zdF9saW5rX3VybF9wYWdlIiwic2V0dGluZ3MiOnsicG9zdF9pZCI6IjU2In19@&#8220; _builder_version=&#8220;4.17.6&#8243; _dynamic_attributes=&#8220;button_link&#8220; _module_preset=&#8220;default&#8220; global_colors_info=&#8220;{}&#8220; sticky_transition=&#8220;on&#8220;][\/et_pb_slide][\/et_pb_slider][\/et_pb_column][\/et_pb_row][\/et_pb_section]<\/p>\n","protected":false},"excerpt":{"rendered":"<p>Animationen Animationen geh\u00f6ren zum Campingurlaub einfach dazu \u2013 vor allem in einer solch gastfreundlichen Region wie den Landes! Unser dynamisches Animationsteam hat Ihnen ein umfangreiches Ferienprogramm zusammengestellt: Wir sehen uns auf der B\u00fchne oder im Zelt!<span><span><a href=\"https:\/\/www.camping-airial.com\/de\/willkommen\/\">Accueil<\/a><\/span><\/span>T\u00e4gliche Animationen In L&#8217;Airial m\u00f6chten wir, dass alle Spa\u00df haben.Wir gestalten Ihren Tag mit verschiedenen Aktivit\u00e4ten, mal sportlich, mal k\u00fcnstlerisch\/kulturell: [&hellip;]<\/p>\n","protected":false},"author":1,"featured_media":0,"parent":0,"menu_order":0,"comment_status":"closed","ping_status":"closed","template":"","meta":{"_et_pb_use_builder":"on","_et_pb_old_content":"","_et_gb_content_width":"","footnotes":""},"class_list":["post-5275","page","type-page","status-publish","hentry"],"_links":{"self":[{"href":"https:\/\/www.camping-airial.com\/de\/wp-json\/wp\/v2\/pages\/5275","targetHints":{"allow":["GET"]}}],"collection":[{"href":"https:\/\/www.camping-airial.com\/de\/wp-json\/wp\/v2\/pages"}],"about":[{"href":"https:\/\/www.camping-airial.com\/de\/wp-json\/wp\/v2\/types\/page"}],"author":[{"embeddable":true,"href":"https:\/\/www.camping-airial.com\/de\/wp-json\/wp\/v2\/users\/1"}],"replies":[{"embeddable":true,"href":"https:\/\/www.camping-airial.com\/de\/wp-json\/wp\/v2\/comments?post=5275"}],"version-history":[{"count":0,"href":"https:\/\/www.camping-airial.com\/de\/wp-json\/wp\/v2\/pages\/5275\/revisions"}],"wp:attachment":[{"href":"https:\/\/www.camping-airial.com\/de\/wp-json\/wp\/v2\/media?parent=5275"}],"curies":[{"name":"wp","href":"https:\/\/api.w.org\/{rel}","templated":true}]}}