

{"id":6125,"date":"2022-07-20T12:59:45","date_gmt":"2022-07-20T10:59:45","guid":{"rendered":"https:\/\/www.camping-airial.com\/agb\/"},"modified":"2023-02-17T12:05:16","modified_gmt":"2023-02-17T11:05:16","slug":"agb","status":"publish","type":"page","link":"https:\/\/www.camping-airial.com\/de\/agb\/","title":{"rendered":"AGB"},"content":{"rendered":"<p>[et_pb_section fb_built=&#8220;1&#8243; _builder_version=&#8220;4.17.6&#8243; _module_preset=&#8220;default&#8220; global_colors_info=&#8220;{}&#8220;][et_pb_row _builder_version=&#8220;4.17.6&#8243; _module_preset=&#8220;default&#8220; global_colors_info=&#8220;{}&#8220;][et_pb_column type=&#8220;4_4&#8243; _builder_version=&#8220;4.17.6&#8243; _module_preset=&#8220;default&#8220; global_colors_info=&#8220;{}&#8220;][et_pb_text _builder_version=&#8220;4.17.6&#8243; _module_preset=&#8220;default&#8220; global_colors_info=&#8220;{}&#8220;]<\/p>\n<h1 style=\"font-weight: 400; text-align: center;\">Allgemeine Gesch\u00e4ftsbedingungen<\/h1>\n<p style=\"font-weight: 400;\">\n<h3 style=\"font-weight: 400;\"><span style=\"text-decoration: underline;\"><strong>Reservierung<\/strong><\/span><\/h3>\n<p style=\"font-weight: 400;\">Die Buchung wird erst mit unserer Zustimmung und nach Erhalt des unterschriebenen Vertrags zusammen mit der Bearbeitungsgeb\u00fchr f\u00fcr einen Aufenthalt auf dem Campingplatz oder der Anzahlung f\u00fcr eine Mietunterkunft wirksam. Jede Buchung ist namentlich und kann unter keinen Umst\u00e4nden abgetreten werden. Sie werden nach der endg\u00fcltigen Anzahl der Personen gefragt, die Sie anmelden m\u00f6chten, sowie nach deren Namen und Geburtsdatum. Wenn die Buchung angenommen wird, gilt sie f\u00fcr alle im Vertrag eingetragenen Personen, die nicht durch Dritte ersetzt werden k\u00f6nnen (es sei denn, der Campingplatz hat vorher schriftlich zugestimmt). Die Nichteinhaltung dieser Klausel kann zur Stornierung des Buchungsvertrags f\u00fchren. Wir erinnern Sie daran, dass ein Stellplatz\/eine Unterkunft, der\/die f\u00fcr eine bestimmte Anzahl\u0301 von Bewohnern vorgesehen ist, keinesfalls von einer h\u00f6heren Anzahl von Personen bewohnt werden darf. Der Verwalter wird alle Personen \u00fcber\u0300 die vorgesehene Kapazit\u00e4t hinaus ablehnen. Kinder, auch im Kleinkindalter, werden als vollwertige Personen betrachtet.<\/p>\n<p style=\"font-weight: 400;\">Die Stellpl\u00e4tze\/Unterk\u00fcnfte werden nach dem Zufallsprinzip anhand der Angaben im Mietvertrag zugewiesen. Wenn Sie bei Ihrer Anmeldung einen Wunsch angeben (Standort, Ausstellung usw.), werden wir unser M\u00f6glichstes tun, um Ihnen im Rahmen unserer Verf\u00fcgbarkeit entgegenzukommen, aber dieser zus\u00e4tzliche Service stellt keine vertragliche Garantie dar. Die Nichterf\u00fcllung eines Wunsches ist in keinem Fall ein Grund f\u00fcr eine Stornierung oder ein Vorwand f\u00fcr einen Anspruch auf R\u00fcckerstattung oder Entsch\u00e4digung. Minderj\u00e4hrige k\u00f6nnen einen Aufenthalt machen, wenn sie von einer vollj\u00e4hrigen Person begleitet werden und eine elterliche Erlaubnis sowie eine Fotokopie des Personalausweises ihres gesetzlichen Vertreters mitbringen. Jeder Gast ist verpflichtet, sich an die Bestimmungen der Hausordnung zu halten, von denen er erkl\u00e4rt, sie zur Kenntnis genommen zu haben.<\/p>\n<h3 style=\"font-weight: 400;\"><span style=\"text-decoration: underline;\"><strong>Ankunft\/Abfahrt<\/strong><\/span><\/h3>\n<p style=\"font-weight: 400;\">Es liegt in der Verantwortung jedes Kunden, die Details des gebuchten Aufenthalts (Typologie, Aufenthaltsdaten, Nebenleistungen) bei der Buchung noch einmal genau zu \u00fcberpr\u00fcfen. Sobald Ihr Antrag auf einen Aufenthalt angenommen wurde, bedeutet die Zahlung der Anzahlung, dass Sie die Hausordnung und die allgemeinen Gesch\u00e4ftsbedingungen des Campingplatzes akzeptieren.<\/p>\n<p style=\"font-weight: 400;\">Eine Verl\u00e4ngerung des Aufenthalts ist nur nach vorheriger Absprache m\u00f6glich und wird auf der Grundlage der geltenden Tarife in Rechnung gestellt. Bei \u00c4nderungen des Aufenthaltsdatums kann derselbe Platz\/die selbe Unterkunft nicht garantiert werden.<\/p>\n<p style=\"font-weight: 400;\">Bei Ihrer Ankunft kann f\u00fcr einen gebuchten, bezahlten und in Rechnung gestellten Aufenthalt keine R\u00fcckerstattung erfolgen. Der gebuchte Stellplatz\/die gebuchte Unterkunft wird ab dem geplanten Ankunftsdatum 24 Stunden lang aufbewahrt. Nach Ablauf dieser Frist werden wir \u00fcber sie verf\u00fcgen. Bei versp\u00e4teter Ankunft oder vorzeitiger Abreise wird keine Erm\u00e4\u00dfigung gew\u00e4hrt. Bei Nichterscheinen werden die Anzahlung und die Buchungsgeb\u00fchr einbehalten. Es werden keine R\u00fcckerstattungen gew\u00e4hrt. Die An- und Abreise muss zu den \u00d6ffnungszeiten der Rezeption erfolgen. Bei An- oder Abreise au\u00dferhalb dieser Zeiten ist es Aufgabe der G\u00e4ste, sich \u00fcber die \u00d6ffnungszeiten und -tage der Rezeption zu informieren und den Verantwortlichen zu benachrichtigen.<\/p>\n<p style=\"font-weight: 400;\"><strong>Kaution<\/strong><\/p>\n<p style=\"font-weight: 400;\">F\u00fcr jeden Aufenthalt muss bei der Ankunft eine Kaution von 20\u20ac f\u00fcr den Zugangsausweis zum Fahrzeug an der Rezeption hinterlegt werden. Diese Kaution wird idealerweise durch einen Abdruck einer Kreditkarte (VISA oder EUROCARD\/MASTERCARD) hinterlegt. Diese Kaution wird Ihnen bei der R\u00fcckgabe des Zugangsausweises am Ende Ihres Aufenthalts zur\u00fcckerstattet bzw. der Fingerabdruck wird gel\u00f6scht, wenn Sie eine Kaution per Kreditkarte hinterlegen.<\/p>\n<p style=\"font-weight: 400;\">Widerrufsfrist: Gem\u00e4\u00df Artikel L.121-20-4 des Verbraucherschutzgesetzes unterliegen alle auf unserer Website angebotenen Dienstleistungen nicht dem Widerrufsrecht gem\u00e4\u00df L.121-20 ff. Infolgedessen unterliegen die auf der Website bestellten Unterbringungs- und Freizeitdienstleistungen ausschlie\u00dflich den folgenden Stornierungsbedingungen. Stornierung: Bei einer Stornierung weniger als 60 Tage vor Beginn des Aufenthalts werden die Anzahlung und die Bearbeitungs-\/Reservierungsgeb\u00fchren vom Campingplatz einbehalten. Wenn eine vorzeitige Abreise auf h\u00f6here Gewalt zur\u00fcckzuf\u00fchren ist, kann ein schriftlicher und begr\u00fcndeter Antrag auf R\u00fcckerstattung (mit Vorlage eines Belegs) an die Leitung des Campingplatzes l&#8217;Airial gerichtet werden. Der Antrag auf R\u00fcckerstattung wird innerhalb von zwei Monaten gepr\u00fcft. Im Falle einer durch h\u00f6here Gewalt oder aus Gr\u00fcnden der Sicherheit der G\u00e4ste erzwungenen Stornierung werden wir unser M\u00f6glichstes tun, um eine \u00c4nderung Ihres Aufenthalts anzubieten? haben Sie 72 Stunden Zeit, um die \u00c4nderungen zu akzeptieren oder auf den Aufenthalt zu verzichten. Im Falle eines Verzichts ist eine R\u00fcckerstattung der gezahlten Betr\u00e4ge nicht vorgesehen.<\/p>\n<p style=\"font-weight: 400;\"><strong>Beschwerde<\/strong><\/p>\n<p style=\"font-weight: 400;\">Jede Beschwerde muss w\u00e4hrend des Aufenthalts dem Verantwortlichen oder Rezeptionschef gemeldet werden, damit das Problem so schnell wie m\u00f6glich gel\u00f6st werden kann. Wenn es nicht vor Ort gel\u00f6st werden kann, kann der Kunde eine Beschwerde einreichen. Er muss innerhalb von maximal 48 Stunden nach seiner Abreise einen Brief per Einschreiben mit R\u00fcckschein schicken, in dem er seine Beschwerde detailliert darlegt. Nach Ablauf dieser Frist werden keine Beschwerden mehr ber\u00fccksichtigt. Dann wird eine Alternative vorgeschlagen. Der Kunde hat dann72 Stunden Zeit, um diesen Vorschlag anzunehmen. Im Falle eines Verzichts oder wenn auf den Schriftwechsel innerhalb der gesetzten Frist nicht reagiert wird, ist eine R\u00fcckerstattung der gezahlten Betr\u00e4ge nicht vorgesehen.<\/p>\n<p style=\"font-weight: 400;\"><strong>Versicherung  <\/strong> <\/p>\n<p style=\"font-weight: 400;\">Die Kundinnen und Kunden sind verpflichtet, eine Haftpflichtversicherung abzuschlie\u00dfen. Bei Verlust, Diebstahl, Besch\u00e4digung von pers\u00f6nlichen Gegenst\u00e4nden oder Sch\u00e4den, die durch h\u00f6here Gewalt (Sturm, \u00dcberschwemmung, umst\u00fcrzende B\u00e4ume&#8230;) entstanden sind, kann der Campingplatz l&#8217;Airial nicht haftbar gemacht werden. Wir empfehlen Ihnen, sich mit Ihrer Versicherungsgesellschaft in Verbindung zu setzen, um gegebenenfalls eine Erweiterung Ihrer pers\u00f6nlichen Garantien (Urlaubsversicherung) zu erhalten.<\/p>\n<p style=\"font-weight: 400;\"><strong>Recht am eigenen Bild  <\/strong><\/p>\n<p style=\"font-weight: 400;\">W\u00e4hrend Ihres Aufenthalts auf unserer Website werden Sie m\u00f6glicherweise fotografiert oder gefilmt. Wir k\u00f6nnen diese Fotos oder Filme eventuell zu kommerziellen oder Werbezwecken verwenden, es sei denn, Sie teilen der Rezeption bei Ihrer Ankunft schriftlich mit, dass Sie diese Praxis ablehnen.<\/p>\n<p>[\/et_pb_text][\/et_pb_column][\/et_pb_row][\/et_pb_section]<\/p>\n","protected":false},"excerpt":{"rendered":"<p>Allgemeine Gesch\u00e4ftsbedingungen Reservierung Die Buchung wird erst mit unserer Zustimmung und nach Erhalt des unterschriebenen Vertrags zusammen mit der Bearbeitungsgeb\u00fchr f\u00fcr einen Aufenthalt auf dem Campingplatz oder der Anzahlung f\u00fcr eine Mietunterkunft wirksam. Jede Buchung ist namentlich und kann unter keinen Umst\u00e4nden abgetreten werden. Sie werden nach der endg\u00fcltigen Anzahl der Personen gefragt, die Sie [&hellip;]<\/p>\n","protected":false},"author":1,"featured_media":0,"parent":0,"menu_order":0,"comment_status":"closed","ping_status":"closed","template":"","meta":{"_et_pb_use_builder":"on","_et_pb_old_content":"","_et_gb_content_width":"","footnotes":""},"class_list":["post-6125","page","type-page","status-publish","hentry"],"_links":{"self":[{"href":"https:\/\/www.camping-airial.com\/de\/wp-json\/wp\/v2\/pages\/6125","targetHints":{"allow":["GET"]}}],"collection":[{"href":"https:\/\/www.camping-airial.com\/de\/wp-json\/wp\/v2\/pages"}],"about":[{"href":"https:\/\/www.camping-airial.com\/de\/wp-json\/wp\/v2\/types\/page"}],"author":[{"embeddable":true,"href":"https:\/\/www.camping-airial.com\/de\/wp-json\/wp\/v2\/users\/1"}],"replies":[{"embeddable":true,"href":"https:\/\/www.camping-airial.com\/de\/wp-json\/wp\/v2\/comments?post=6125"}],"version-history":[{"count":0,"href":"https:\/\/www.camping-airial.com\/de\/wp-json\/wp\/v2\/pages\/6125\/revisions"}],"wp:attachment":[{"href":"https:\/\/www.camping-airial.com\/de\/wp-json\/wp\/v2\/media?parent=6125"}],"curies":[{"name":"wp","href":"https:\/\/api.w.org\/{rel}","templated":true}]}}