

{"id":6254,"date":"2022-05-31T10:24:17","date_gmt":"2022-05-31T08:24:17","guid":{"rendered":"https:\/\/www.camping-airial.com\/rechtliche-hinweise-datenschutzrichtlinie\/"},"modified":"2023-02-17T12:21:51","modified_gmt":"2023-02-17T11:21:51","slug":"rechtliche-hinweise-datenschutzrichtlinie","status":"publish","type":"page","link":"https:\/\/www.camping-airial.com\/de\/rechtliche-hinweise-datenschutzrichtlinie\/","title":{"rendered":"Rechtliche Hinweise &amp; Datenschutzrichtlinie"},"content":{"rendered":"<p>[et_pb_section fb_built=&#8220;1&#8243; _builder_version=&#8220;4.17.6&#8243; _module_preset=&#8220;default&#8220; background_color=&#8220;rgba(213,211,199,0.29)&#8220; global_colors_info=&#8220;{}&#8220;][et_pb_row _builder_version=&#8220;4.17.6&#8243; _module_preset=&#8220;default&#8220; global_colors_info=&#8220;{}&#8220;][et_pb_column type=&#8220;4_4&#8243; _builder_version=&#8220;4.17.6&#8243; _module_preset=&#8220;default&#8220; global_colors_info=&#8220;{}&#8220;][et_pb_text _builder_version=&#8220;4.18.0&#8243; _module_preset=&#8220;default&#8220; hover_enabled=&#8220;0&#8243; global_colors_info=&#8220;{}&#8220; sticky_enabled=&#8220;0&#8243;]<\/p>\n<h1 style=\"text-align: center;\">Rechtliche Informationen &amp; Datenschutzrichtlinie<\/h1>\n<h3><\/h3>\n<h3><\/h3>\n<h3><\/h3>\n<h3><\/h3>\n<h3><\/h3>\n<h3><\/h3>\n<h3>1. Vorstellung der Website.<\/h3>\n<p>Gem\u00e4\u00df Artikel 6 des Gesetzes Nr. 2004-575 vom 21. Juni 2004 \u00fcber das Vertrauen in die digitale Wirtschaft wird den Nutzern der Website <a href=\"https:\/\/www.camping-airial.fr\" target=\"_blank\" rel=\"noopener\"><span>www.camping-airial.fr<\/span><\/a> Folgendes mitgeteilt<\/p>\n<div><\/div>\n<p><a href=\"https:\/\/www.camping-airial.com\/de\/\"><\/a>  die Identit\u00e4t der verschiedenen Personen, die an seiner Durchf\u00fchrung und Nachbereitung beteiligt sind :<\/p>\n<p><strong>Eigent\u00fcmer<\/strong>: Camping l&#8217;Airial &#8211; &#8211; 61 AV DE PORT D&#8217;ALBRET Soustons<br \/><strong>Sch\u00f6pfer<\/strong>: <a target=\"_blank\" href=\"https:\/\/www.elegantdesign.fr\" rel=\"noopener\">Studio ED<\/a><br \/><strong>Verantwortlich f\u00fcr die Ver\u00f6ffentlichung<\/strong>: Camping l&#8217;Airial -. <span><br \/>\n  <a href=\"mailto:contact@camping-airial.com\">contact@camping-airial.com<\/a><br \/>\n<\/span><\/p>\n<p>Der Verantwortliche f\u00fcr die Ver\u00f6ffentlichung ist eine nat\u00fcrliche Person oder eine juristische Person.<br \/><strong>Webmaster<\/strong>: Camping l&#8217;Airial &#8211; contact@campinglairial.fr<br \/><strong>Hosting<\/strong>: Infomaniak &#8211; Rue Eug\u00e8ne-Marziano 25, 1227 Genf, Schweiz<br \/><strong>SEO<\/strong>: Triple Lootz, eine Agentur f\u00fcr Suchmaschinenoptimierung und Webmarketing in den Landes, sorgte f\u00fcr die Suchmaschinenoptimierung der Website. Weitere Informationen unter <span><a href=\"http:\/\/www.triplelootz.com\">www.triplelootz.com<\/a><br \/> <\/span> Redakteur <span>: <\/span><span><a href=\"https:\/\/www.en-un-mot.fr\" target=\"_blank\" rel=\"noopener\">IN EINEM WORT<\/a> <br \/><\/span><span><strong>Koordinator Publikation<\/strong>: <\/span><a href=\"https:\/\/stc-strategie.com\" target=\"_blank\" rel=\"noopener\"><br \/>\n  <span>STC<\/span><br \/>\n<\/a><\/p>\n<h3><\/h3>\n<h3><\/h3>\n<h3>2. Allgemeine Bedingungen f\u00fcr die Nutzung der Website und der angebotenen Dienste.<\/h3>\n<p>Die Nutzung der Website <a href=\"https:\/\/www.camping-airial.fr\"><span>www.camping-airial.fr<\/span><\/a><a href=\"https:\/\/www.camping-airial.com\/de\/\"><span><\/span><\/a>  bedeutet die vollst\u00e4ndige und uneingeschr\u00e4nkte Annahme der nachstehend beschriebenen allgemeinen Nutzungsbedingungen. Diese Nutzungsbedingungen k\u00f6nnen jederzeit ge\u00e4ndert oder erg\u00e4nzt werden. Den Nutzern der Website <a href=\"https:\/\/www.camping-airial.fr\"><span>www.camping-airial.fr<\/span><\/a> wird daher empfohlen, sie regelm\u00e4\u00dfig zu konsultieren.<\/p>\n<p>Diese Seite ist normalerweise jederzeit f\u00fcr die Nutzer zug\u00e4nglich. Eine Unterbrechung aufgrund technischer Wartungsarbeiten kann jedoch von Camping l&#8217;Airial beschlossen werden, der sich dann bem\u00fchen wird, die Nutzer vorab \u00fcber die Daten und Uhrzeiten des Eingriffs zu informieren.<\/p>\n<p>Die Website <a href=\"https:\/\/www.camping-airial.fr\"><span>www.camping-airial.fr<\/span><\/a><a href=\"https:\/\/www.camping-airial.com\/de\/\"><span><\/span><\/a><a href=\"https:\/\/www.camping-airial.com\/de\/\"><\/a>  wird von Camping l&#8217;Airial regelm\u00e4\u00dfig aktualisiert. Ebenso k\u00f6nnen die rechtlichen Hinweise jederzeit ge\u00e4ndert werden: Sie sind dennoch f\u00fcr den Nutzer verbindlich, der aufgefordert wird, so oft wie m\u00f6glich auf sie zu verweisen, um sie zur Kenntnis zu nehmen.<\/p>\n<h3><\/h3>\n<h3><\/h3>\n<h3>3. Beschreibung der erbrachten Dienstleistungen.<\/h3>\n<p>Die Website <a href=\"https:\/\/www.camping-airial.fr\"><span>www.camping-airial.fr<\/span><\/a> soll Informationen \u00fcber alle Aktivit\u00e4ten des Unternehmens liefern.<\/p>\n<p>Camping l&#8217;Airial bem\u00fcht sich, auf der Website <a href=\"https:\/\/www.camping-airial.fr\"><span>www.camping-airial.fr<\/span><\/a> so genaue Informationen wie m\u00f6glich bereitzustellen. Er kann jedoch nicht f\u00fcr Auslassungen, Ungenauigkeiten und M\u00e4ngel in der Aktualisierung haftbar gemacht werden, unabh\u00e4ngig davon, ob diese durch ihn oder durch dritte Partner, die ihm diese Informationen zur Verf\u00fcgung stellen, verursacht wurden.<\/p>\n<p>Alle auf der Website <a href=\"https:\/\/www.camping-airial.fr\"><span>www.camping-airial.fr<\/span><\/a> angegebenen Informationen sind unverbindlich und k\u00f6nnen sich \u00e4ndern. Dar\u00fcber hinaus sind die Informationen auf der Website <a href=\"https:\/\/www.camping-airial.fr\"><span>www.camping-airial.fr<\/span><\/a> nicht ersch\u00f6pfend. Sie sind vorbehaltlich aller \u00c4nderungen, die seit ihrer Ver\u00f6ffentlichung vorgenommen wurden.<\/p>\n<h3><\/h3>\n<h3><\/h3>\n<h3>4. Vertragliche Einschr\u00e4nkungen der technischen Daten.<\/h3>\n<p>Die Website verwendet die JavaScript-Technologie.<\/p>\n<p>Die Website haftet nicht f\u00fcr materielle Sch\u00e4den, die mit der Nutzung der Website verbunden sind. Dar\u00fcber hinaus verpflichtet sich der Nutzer der Website, auf die Website mit einer aktuellen Hardware zuzugreifen, die keine Viren enth\u00e4lt, und mit einem Browser der neuesten Generation, der auf dem neuesten Stand ist.<\/p>\n<h3><\/h3>\n<h3><\/h3>\n<h3>5. Geistiges Eigentum und F\u00e4lschungen.<\/h3>\n<p>Camping l&#8217;Airial ist Eigent\u00fcmer der Rechte am geistigen Eigentum oder besitzt die Nutzungsrechte f\u00fcr alle auf der Website zug\u00e4nglichen Elemente, insbesondere Texte, Bilder, Grafiken, Logos, Icons, T\u00f6ne, Software.<\/p>\n<p>Jede Vervielf\u00e4ltigung, Darstellung, \u00c4nderung, Ver\u00f6ffentlichung und Anpassung aller oder eines Teils der Elemente der Website, unabh\u00e4ngig von den verwendeten Mitteln oder Verfahren, ist untersagt, es sei denn, es liegt eine vorherige schriftliche Genehmigung von : Camping l&#8217;Airial.<\/p>\n<p>Jede nicht genehmigte Nutzung der Website oder eines ihrer Elemente wird als F\u00e4lschung angesehen und gem\u00e4\u00df den Bestimmungen der Artikel L.335-2 ff. des franz\u00f6sischen Gesetzbuchs \u00fcber geistiges Eigentum (Code de Propri\u00e9t\u00e9 Intellectuelle) verfolgt.<\/p>\n<h3>6. Haftungsbeschr\u00e4nkungen.<\/h3>\n<p>Camping l&#8217;Airial haftet nicht f\u00fcr direkte und indirekte Sch\u00e4den an der Ausr\u00fcstung des Nutzers beim Zugriff auf die Website www.camping-airial.com\/, die entweder durch die Verwendung einer Ausr\u00fcstung, die nicht den in Punkt 4 angegebenen Spezifikationen entspricht, oder durch das Auftreten eines Bugs oder einer Inkompatibilit\u00e4t entstehen.<\/p>\n<p>Camping l&#8217;Airial haftet auch nicht f\u00fcr indirekte Sch\u00e4den (wie z. B. Marktverlust oder Verlust einer Chance), die durch die Nutzung der Website <a href=\"https:\/\/www.camping-airial.fr\"><span>www.camping-airial.fr<\/span><\/a> entstehen.<\/p>\n<p>Interaktive Bereiche (M\u00f6glichkeit, Fragen im Kontaktbereich zu stellen) stehen den Nutzern zur Verf\u00fcgung. Camping l&#8217;Airial beh\u00e4lt sich das Recht vor, ohne vorherige Mahnung alle in diesem Bereich abgelegten Inhalte zu l\u00f6schen, die gegen die in Frankreich geltenden Gesetze und insbesondere gegen die Bestimmungen zum Datenschutz versto\u00dfen. Gegebenenfalls beh\u00e4lt sich Camping l&#8217;Airial auch die M\u00f6glichkeit vor, den Nutzer zivil- und\/oder strafrechtlich haftbar zu machen, insbesondere bei rassistischen, beleidigenden, diffamierenden oder pornografischen Mitteilungen, unabh\u00e4ngig von den verwendeten Medien (Text, Fotografie&#8230;).<\/p>\n<h3>7. Umgang mit pers\u00f6nlichen Daten.<\/h3>\n<p>In Frankreich sind personenbezogene Daten insbesondere durch das Gesetz Nr. 78-87 vom 6. Januar 1978, das Gesetz Nr. 2004-801 vom 6. August 2004, Artikel L. 226-13 des Strafgesetzbuches und die Europ\u00e4ische Richtlinie vom 24. Oktober 1995 gesch\u00fctzt.<\/p>\n<p>Bei der Nutzung der Website <a href=\"https:\/\/www.camping-airial.fr\"><span>www.camping-airial.fr<\/span><\/a> k\u00f6nnen folgende Daten erfasst werden: die URL der Links, \u00fcber die der Nutzer auf die Website <a href=\"https:\/\/www.camping-airial.fr\"><span>www.camping-airial.fr<\/span><\/a> gelangt ist <a href=\"https:\/\/www.camping-airial.fr\"><span>,<\/span><\/a> der Zugangsanbieter des Nutzers, die Internetprotokoll-Adresse (IP-Adresse) des Nutzers.<\/p>\n<p>In jedem Fall sammelt Camping l&#8217;Airial pers\u00f6nliche Informationen \u00fcber den Nutzer nur f\u00fcr die Zwecke bestimmter Dienstleistungen, die auf der Website <a href=\"https:\/\/www.camping-airial.fr\"><span>www.camping-airial.fr<\/span><\/a> angeboten werden. Der Nutzer stellt diese Informationen in voller Kenntnis der Sachlage zur Verf\u00fcgung, insbesondere wenn er sie selbst eingibt. Dem Nutzer der Website <a href=\"https:\/\/www.camping-airial.fr\"><span>www.camping-airial.fr<\/span><\/a> wird dann mitgeteilt, ob er zur Bereitstellung dieser Informationen verpflichtet ist oder nicht.<\/p>\n<p>Gem\u00e4\u00df den Bestimmungen der Artikel 38 ff. des Gesetzes 78-17 vom 6. Januar 1978 \u00fcber Informatik, Dateien und Freiheiten hat jeder Nutzer ein Recht auf Zugang, Berichtigung und Widerspruch zu den ihn betreffenden pers\u00f6nlichen Daten. Dazu muss er einen schriftlichen und unterschriebenen Antrag stellen, dem eine Kopie des Personalausweises mit Unterschrift des Inhabers des Dokuments beiliegt, und die Adresse angeben, an die die Antwort gesendet werden soll.<\/p>\n<p>Keine pers\u00f6nlichen Informationen des Nutzers der Website <a href=\"https:\/\/www.camping-airial.fr\"><span>www.camping-airial.fr <\/span><\/a>werden ohne Wissen des Nutzers ver\u00f6ffentlicht, ausgetauscht, \u00fcbertragen, abgetreten oder auf einem beliebigen Datentr\u00e4ger an Dritte verkauft. Nur wenn Camping l&#8217;Airial und seine Rechte \u00fcbernommen werden, k\u00f6nnen diese Informationen an einen eventuellen Erwerber weitergegeben werden, der seinerseits die gleiche Verpflichtung zur Aufbewahrung und \u00c4nderung der Daten gegen\u00fcber dem Benutzer der Website <a href=\"https:\/\/www.camping-airial.fr\"><span>www.camping-airial.fr<\/span><\/a> hat.<\/p>\n<p>Die Datenbanken sind durch die Bestimmungen des Gesetzes vom 1. Juli 1998 zur Umsetzung der Richtlinie 96\/9 vom 11. M\u00e4rz 1996 \u00fcber den rechtlichen Schutz von Datenbanken gesch\u00fctzt.<\/p>\n<h3>8. Hyperlinks und Cookies.<\/h3>\n<p>Die Website <a href=\"https:\/\/www.camping-airial.fr\"><span>www.camping-airial.fr<\/span><\/a> enth\u00e4lt eine Reihe von Hyperlinks zu anderen Websites, die mit der Genehmigung von Camping l&#8217;Airial eingerichtet wurden. Camping l&#8217;Airial hat jedoch nicht die M\u00f6glichkeit, den Inhalt der so besuchten Seiten zu \u00fcberpr\u00fcfen, und \u00fcbernimmt dementsprechend keine Verantwortung daf\u00fcr.<\/p>\n<p>Das Surfen auf der Website <a href=\"https:\/\/www.camping-airial.fr\"><span>www.camping-airial.fr<\/span><\/a> kann dazu f\u00fchren, dass auf dem Computer des Nutzers ein Cookie(s) installiert wird. Ein Cookie ist eine kleine Datei, die keine Identifizierung des Nutzers erm\u00f6glicht, aber Informationen \u00fcber die Navigation eines Computers auf einer Website speichert. Die so gewonnenen Daten sollen die sp\u00e4tere Navigation auf der Website erleichtern und dienen auch dazu, verschiedene Messungen der Besucherzahlen zu erm\u00f6glichen.<\/p>\n<p>Die Verweigerung der Installation eines Cookies kann dazu f\u00fchren, dass Sie auf bestimmte Dienste nicht zugreifen k\u00f6nnen. Der Nutzer kann seinen Computer jedoch wie folgt konfigurieren, um die Installation von Cookies abzulehnen:<\/p>\n<p>Im Internet Explorer: Registerkarte Werkzeuge (Zahnradpiktogramm oben rechts) \/ Internetoptionen. Klicken Sie auf Datenschutz und w\u00e4hlen Sie Alle Cookies blockieren. Best\u00e4tigen Sie mit Ok.<\/p>\n<p>Unter Firefox: Klicken Sie oben im Browserfenster auf die Firefox-Schaltfl\u00e4che und gehen Sie dann auf die Registerkarte Optionen. Klicken Sie auf die Registerkarte Privatsph\u00e4re.<br \/>Stellen Sie die Aufbewahrungsregeln ein auf: Benutzerdefinierte Einstellungen f\u00fcr den Verlauf verwenden. Entfernen Sie schlie\u00dflich das H\u00e4kchen, um die Cookies zu deaktivieren.<\/p>\n<p>Unter Safari: Klicken Sie in der oberen rechten Ecke des Browsers auf das Men\u00fc-Piktogramm (symbolisiert durch ein Zahnrad). W\u00e4hlen Sie Einstellungen. Klicken Sie auf Erweiterte Einstellungen anzeigen. Klicken Sie im Abschnitt &#8222;Datenschutz&#8220; auf Inhaltseinstellungen. Im Abschnitt &#8222;Cookies&#8220; k\u00f6nnen Sie Cookies blockieren.<\/p>\n<p>Unter Chrome: Klicken Sie oben rechts im Browser auf das Men\u00fc-Piktogramm (symbolisiert durch drei horizontale Linien). W\u00e4hlen Sie Einstellungen. Klicken Sie auf Erweiterte Einstellungen anzeigen. Klicken Sie im Abschnitt &#8222;Datenschutz&#8220; auf Einstellungen. Auf der Registerkarte &#8222;Datenschutz&#8220; k\u00f6nnen Sie Cookies blockieren.<\/p>\n<h3>9. Anwendbares Recht und Gerichtsbarkeit.<\/h3>\n<p>Alle Streitigkeiten im Zusammenhang mit der Nutzung der Website <a href=\"https:\/\/www.camping-airial.fr\"><span>www.camping-airial.fr<\/span><\/a> unterliegen dem franz\u00f6sischen Recht. Die ausschlie\u00dfliche Zust\u00e4ndigkeit liegt bei den zust\u00e4ndigen Gerichten in Paris.<\/p>\n<h3>10. Die wichtigsten betroffenen Gesetze.<\/h3>\n<p>Gesetz Nr. 78-17 vom 6. Januar 1978, insbesondere ge\u00e4ndert durch das Gesetz Nr. 2004-801 vom 6. August 2004 \u00fcber Informatik, Dateien und Freiheitsrechte.<\/p>\n<p>Gesetz Nr. 2004-575 vom 21. Juni 2004 f\u00fcr das Vertrauen in die digitale Wirtschaft.<\/p>\n<h3>11. Lexikon.<\/h3>\n<p>Nutzer: Internetnutzer, der sich einloggt und die oben genannte Website nutzt.<\/p>\n<p>Pers\u00f6nliche Informationen: &#8222;Informationen, die in jedweder Form, direkt oder indirekt, die Identifizierung der nat\u00fcrlichen Personen erm\u00f6glichen, auf die sie sich beziehen&#8220; (Artikel 4 des Gesetzes Nr. 78-17 vom 6. Januar 1978).<\/p>\n<p>[\/et_pb_text][\/et_pb_column][\/et_pb_row][\/et_pb_section][et_pb_section fb_built=&#8220;1&#8243; _builder_version=&#8220;4.17.4&#8243; custom_padding=&#8220;25px||0px|||&#8220; collapsed=&#8220;off&#8220; global_colors_info=&#8220;{}&#8220;][et_pb_row column_structure=&#8220;1_3,1_3,1_3&#8243; _builder_version=&#8220;4.17.4&#8243; background_size=&#8220;initial&#8220; background_position=&#8220;top_left&#8220; background_repeat=&#8220;repeat&#8220; custom_margin=&#8220;-6px|auto||auto||&#8220; custom_padding=&#8220;0px||0px|||&#8220; global_colors_info=&#8220;{}&#8220;][et_pb_column type=&#8220;1_3&#8243; _builder_version=&#8220;4.17.4&#8243; _module_preset=&#8220;default&#8220; global_colors_info=&#8220;{}&#8220;][et_pb_image src=&#8220;https:\/\/www.camping-airial.com\/wp-content\/uploads\/2022\/06\/Logo-Airial.png&#8220; title_text=&#8220;Logo-Airial&#8220; _builder_version=&#8220;4.17.4&#8243; _module_preset=&#8220;default&#8220; max_width=&#8220;44%&#8220; custom_margin=&#8220;-51px||3px||false|false&#8220; global_colors_info=&#8220;{}&#8220;][\/et_pb_image][\/et_pb_column][et_pb_column type=&#8220;1_3&#8243; _builder_version=&#8220;4.17.4&#8243; _module_preset=&#8220;default&#8220; global_colors_info=&#8220;{}&#8220;][et_pb_social_media_follow icon_color=&#8220;#FFFFFF&#8220; use_icon_font_size=&#8220;on&#8220; icon_font_size=&#8220;23px&#8220; _builder_version=&#8220;4.17.6&#8243; _module_preset=&#8220;default&#8220; text_orientation=&#8220;center&#8220; custom_margin=&#8220;27px|||||&#8220; border_radii=&#8220;on|14px|14px|14px|14px&#8220; global_colors_info=&#8220;{}&#8220;][et_pb_social_media_follow_network social_network=&#8220;facebook&#8220; url=&#8220;https:\/\/www.facebook.com\/CampingSoustons%20&#8243; _builder_version=&#8220;4.17.6&#8243; _module_preset=&#8220;default&#8220; background_color=&#8220;#C0B1AA&#8220; background_enable_color=&#8220;on&#8220; global_colors_info=&#8220;{}&#8220; follow_button=&#8220;off&#8220; url_new_window=&#8220;on&#8220;]facebook[\/et_pb_social_media_follow_network][et_pb_social_media_follow_network social_network=&#8220;instagram&#8220; url=&#8220;https:\/\/www.instagram.com\/campingairial\/&#8220; _builder_version=&#8220;4.17.6&#8243; _module_preset=&#8220;default&#8220; background_color=&#8220;#C0B1AA&#8220; background_enable_color=&#8220;on&#8220; global_colors_info=&#8220;{}&#8220; follow_button=&#8220;off&#8220; url_new_window=&#8220;on&#8220;]instagram[\/et_pb_social_media_follow_network][et_pb_social_media_follow_network social_network=&#8220;youtube&#8220; url=&#8220;https:\/\/www.youtube.com\/channel\/UC4XnMYRNqSAVeDvWXe3-wJQ&#8220; _builder_version=&#8220;4.17.6&#8243; _module_preset=&#8220;default&#8220; background_color=&#8220;#C0B1AA&#8220; background_enable_color=&#8220;on&#8220; global_colors_info=&#8220;{}&#8220; follow_button=&#8220;off&#8220; url_new_window=&#8220;on&#8220;]youtube[\/et_pb_social_media_follow_network][et_pb_social_media_follow_network social_network=&#8220;linkedin&#8220; url=&#8220;https:\/\/fr.linkedin.com\/company\/isle-verte-sport-nature-h\u00e9bergement?trk=public_profile_topcard-current-company&#8220; _builder_version=&#8220;4.17.6&#8243; _module_preset=&#8220;default&#8220; background_color=&#8220;#C0B1AA&#8220; background_enable_color=&#8220;on&#8220; global_colors_info=&#8220;{}&#8220; follow_button=&#8220;off&#8220; url_new_window=&#8220;on&#8220;]linkedin[\/et_pb_social_media_follow_network][\/et_pb_social_media_follow][\/et_pb_column][et_pb_column type=&#8220;1_3&#8243; _builder_version=&#8220;4.17.4&#8243; _module_preset=&#8220;default&#8220; global_colors_info=&#8220;{}&#8220;][et_pb_text _builder_version=&#8220;4.18.0&#8243; _module_preset=&#8220;default&#8220; text_font=&#8220;|300|||||||&#8220; text_font_size=&#8220;18px&#8220; text_letter_spacing=&#8220;1px&#8220; text_line_height=&#8220;1.8em&#8220; header_3_font=&#8220;|800|||||||&#8220; header_3_text_color=&#8220;#C9D408&#8243; header_3_font_size=&#8220;25px&#8220; header_4_text_color=&#8220;#C9D408&#8243; text_orientation=&#8220;right&#8220; custom_margin=&#8220;|||-62px||&#8220; global_colors_info=&#8220;{}&#8220;]<\/p>\n<p>61, avenue du Port d\u2019Albret<br \/>40410 Soustons<\/p>\n<h3 style=\"font-weight: 400; text-align: right;\"><strong><\/strong><\/h3>\n<h3 style=\"font-weight: 400; text-align: right;\"><strong>+33 5 58 41 12 48<\/strong><\/h3>\n<div style=\"text-align: right;\"><span><a href=\"mailto:contact@camping-airial.com\">contact@camping-airial.com<\/a><\/span><\/div>\n<div><\/div>\n<p>[\/et_pb_text][\/et_pb_column][\/et_pb_row][et_pb_row _builder_version=&#8220;4.17.4&#8243; _module_preset=&#8220;default&#8220; width=&#8220;100%&#8220; max_width=&#8220;2560px&#8220; custom_padding=&#8220;5px||0px|||&#8220; global_colors_info=&#8220;{}&#8220;][et_pb_column type=&#8220;4_4&#8243; _builder_version=&#8220;4.17.4&#8243; _module_preset=&#8220;default&#8220; global_colors_info=&#8220;{}&#8220;][et_pb_divider color=&#8220;#C0B1AA&#8220; _builder_version=&#8220;4.17.4&#8243; _module_preset=&#8220;default&#8220; custom_margin=&#8220;4px|||||&#8220; global_colors_info=&#8220;{}&#8220;][\/et_pb_divider][\/et_pb_column][\/et_pb_row][\/et_pb_section][et_pb_section fb_built=&#8220;1&#8243; _builder_version=&#8220;4.16&#8243; custom_padding=&#8220;4px||0px|||&#8220; global_colors_info=&#8220;{}&#8220;][et_pb_row column_structure=&#8220;3_4,1_4&#8243; _builder_version=&#8220;4.17.4&#8243; background_size=&#8220;initial&#8220; background_position=&#8220;top_left&#8220; background_repeat=&#8220;repeat&#8220; custom_padding=&#8220;0px||7px|||&#8220; global_colors_info=&#8220;{}&#8220;][et_pb_column type=&#8220;3_4&#8243; _builder_version=&#8220;4.17.4&#8243; _module_preset=&#8220;default&#8220; global_colors_info=&#8220;{}&#8220;][et_pb_menu menu_id=&#8220;15&#8243; _builder_version=&#8220;4.17.6&#8243; _module_preset=&#8220;default&#8220; custom_margin=&#8220;15px|||||&#8220; global_colors_info=&#8220;{}&#8220;][\/et_pb_menu][et_pb_text _builder_version=&#8220;4.17.6&#8243; _module_preset=&#8220;default&#8220; text_font=&#8220;|300|||||||&#8220; text_font_size=&#8220;12px&#8220; custom_margin=&#8220;-21px|||||&#8220; global_colors_info=&#8220;{}&#8220;]<\/p>\n<p>4-Sterne-Campingplatz in den Landes &#8211; 4-Sterne-Campingplatz in Aquitanien &#8211; 4-Sterne-Campingplatz im S\u00fcdwesten @L&#8217;Airial &#8211; Realisation <a href=\"https:\/\/www.elegantdesign.fr\" target=\"_blank\" rel=\"noopener\">STUDIO ED<\/a><\/p>\n<p>[\/et_pb_text][\/et_pb_column][et_pb_column type=&#8220;1_4&#8243; _builder_version=&#8220;4.17.4&#8243; _module_preset=&#8220;default&#8220; global_colors_info=&#8220;{}&#8220;][et_pb_image src=&#8220;https:\/\/www.camping-airial.com\/wp-content\/uploads\/2022\/07\/LogoQualiteTourisme.jpg&#8220; title_text=&#8220;LogoQualiteTourismus&#8220; align=&#8220;right&#8220; _builder_version=&#8220;4.17.6&#8243; _module_preset=&#8220;default&#8220; width=&#8220;90%&#8220; width_tablet=&#8220;90%&#8220; width_phone=&#8220;90%&#8220; width_last_edited=&#8220;on|phone&#8220; max_width=&#8220;41%&#8220; module_alignment=&#8220;center&#8220; custom_margin=&#8220;0px||||false|false&#8220; custom_padding=&#8220;0px||||false|false&#8220; global_colors_info=&#8220;{}&#8220;][\/et_pb_image][\/et_pb_column][\/et_pb_row][\/et_pb_section]<\/p>\n","protected":false},"excerpt":{"rendered":"<p>Rechtliche Informationen &amp; Datenschutzrichtlinie 1. Vorstellung der Website. Gem\u00e4\u00df Artikel 6 des Gesetzes Nr. 2004-575 vom 21. Juni 2004 \u00fcber das Vertrauen in die digitale Wirtschaft wird den Nutzern der Website www.camping-airial.fr Folgendes mitgeteilt die Identit\u00e4t der verschiedenen Personen, die an seiner Durchf\u00fchrung und Nachbereitung beteiligt sind : Eigent\u00fcmer: Camping l&#8217;Airial &#8211; &#8211; 61 AV [&hellip;]<\/p>\n","protected":false},"author":1,"featured_media":0,"parent":0,"menu_order":0,"comment_status":"closed","ping_status":"open","template":"","meta":{"_et_pb_use_builder":"on","_et_pb_old_content":"","_et_gb_content_width":"","footnotes":""},"class_list":["post-6254","page","type-page","status-publish","hentry"],"_links":{"self":[{"href":"https:\/\/www.camping-airial.com\/de\/wp-json\/wp\/v2\/pages\/6254","targetHints":{"allow":["GET"]}}],"collection":[{"href":"https:\/\/www.camping-airial.com\/de\/wp-json\/wp\/v2\/pages"}],"about":[{"href":"https:\/\/www.camping-airial.com\/de\/wp-json\/wp\/v2\/types\/page"}],"author":[{"embeddable":true,"href":"https:\/\/www.camping-airial.com\/de\/wp-json\/wp\/v2\/users\/1"}],"replies":[{"embeddable":true,"href":"https:\/\/www.camping-airial.com\/de\/wp-json\/wp\/v2\/comments?post=6254"}],"version-history":[{"count":0,"href":"https:\/\/www.camping-airial.com\/de\/wp-json\/wp\/v2\/pages\/6254\/revisions"}],"wp:attachment":[{"href":"https:\/\/www.camping-airial.com\/de\/wp-json\/wp\/v2\/media?parent=6254"}],"curies":[{"name":"wp","href":"https:\/\/api.w.org\/{rel}","templated":true}]}}