

{"id":6361,"date":"2022-07-20T13:00:24","date_gmt":"2022-07-20T11:00:24","guid":{"rendered":"https:\/\/www.camping-airial.com\/geschaeftsordnung\/"},"modified":"2023-02-17T14:06:50","modified_gmt":"2023-02-17T13:06:50","slug":"geschaeftsordnung","status":"publish","type":"page","link":"https:\/\/www.camping-airial.com\/de\/geschaeftsordnung\/","title":{"rendered":"Gesch\u00e4ftsordnung"},"content":{"rendered":"<p>[et_pb_section fb_built=&#8220;1&#8243; _builder_version=&#8220;4.17.6&#8243; _module_preset=&#8220;default&#8220; global_colors_info=&#8220;{}&#8220;][et_pb_row _builder_version=&#8220;4.17.6&#8243; _module_preset=&#8220;default&#8220; global_colors_info=&#8220;{}&#8220;][et_pb_column type=&#8220;4_4&#8243; _builder_version=&#8220;4.17.6&#8243; _module_preset=&#8220;default&#8220; global_colors_info=&#8220;{}&#8220;][et_pb_text _builder_version=&#8220;4.17.6&#8243; _module_preset=&#8220;default&#8220; global_colors_info=&#8220;{}&#8220;]<\/p>\n<div class=\"page\" title=\"Seite 1\">\n<div class=\"layoutArea\">\n<div class=\"column\">\n<h1 style=\"text-align: center;\"><span>  Hausordnung des Campingplatzes l&#8217;Airial in Soustons<\/span><\/h1>\n<p><span><\/span><\/p>\n<p><span><\/span><\/p>\n<p><span>Bedingungen f\u00fcr die Aufnahme<\/span><\/p>\n<p><span>Um zum Betreten, zur Niederlassung oder zum Aufenthalt auf dem  <\/span><span>Auf einem Campingplatz muss man vom Betreiber oder seinem Vertreter dazu erm\u00e4chtigt worden sein und die Hausordnung einhalten. Der Verwalter ist verpflichtet, f\u00fcr die  <\/span><span>die gute F\u00fchrung und Ordnung des Campingplatzes sowie die Einhaltung der Anwendung der vorliegenden Hausordnung.<\/span><\/p>\n<p><span>Der Aufenthalt auf dem Gel\u00e4nde bedeutet, dass du die vorliegenden Regeln akzeptierst und dich verpflichtest, sie einzuhalten.<\/span><\/p>\n<p><span>Polizeiliche Formalit\u00e4ten<\/span><\/p>\n<ul>\n<li><span>Jede Person, die sich mindestens eine Nacht auf dem Campingplatz aufhalten soll, muss dem Verwalter oder seinem Beauftragten vorab <\/span><span>Vertreter seine Ausweispapiere vorlegen und die Formalit\u00e4ten erf\u00fcllen. <\/span><span>die von der Polizei verlangt werden.<\/span><\/li>\n<li><span>Minderj\u00e4hrige, die nicht von ihren Eltern begleitet werden, werden nur zugelassen, wenn sie <\/span><span>nur mit ihrem Personalausweis, einer Fotokopie des Personalausweises des gesetzlichen Vertreters und einer schriftlichen Einverst\u00e4ndniserkl\u00e4rung des gesetzlichen Vertreters zugelassen. <\/span><span>schriftliche Genehmigung seinerseits.<\/span>\n<p><span>Installation<\/span><\/p>\n<\/li>\n<li>\n<p><span><\/span><span style=\"font-size: 16px;\">Das Zelt oder der Wohnwagen und sein Vorzelt m\u00fcssen am <\/span><span style=\"font-size: 16px;\">an dem angegebenen Ort gem\u00e4\u00df den Richtlinien, die <\/span><span style=\"font-size: 16px;\">vom Verwalter oder dessen Vertreter.<\/span><\/p>\n<\/li>\n<li>\n<p><span style=\"font-size: 16px;\"><\/span><span style=\"font-size: 16px;\">Jeder Stellplatz darf nur mit einer Einrichtung (Zelt, Wohnwagen oder Wohnmobil) und einem Fahrzeug belegt werden. Auf Anfrage kann ein zus\u00e4tzliches kleines Zelt zugelassen werden.<\/span><\/p>\n<\/li>\n<li>\n<p><span style=\"font-size: 16px;\"><\/span><span style=\"font-size: 16px;\">Den Nutzern ist es untersagt, auf dem Campingplatz Handel zu treiben oder kommerzielle Werbung zu betreiben.<\/span><\/p>\n<p><span><\/span><\/p>\n<p><span><\/span><\/p>\n<p><span>Empfangsb\u00fcro<\/span><\/p>\n<p><span>W\u00e4hrend der \u00d6ffnungszeiten des Campingplatzes gelten die \u00d6ffnungszeiten des Empfangsb\u00fcros.<\/span><span>l sind die folgenden:<br \/><\/span><span>o <\/span><span>Nebensaison: 7 Tage die Woche von 9:00 bis 12:00 Uhr und von 14:00 bis 18:00 Uhr.<br \/><\/span><span>o <\/span><span>Hochsaison: 7 Tage die Woche von 9:00 bis 20:00 Uhr<\/span><\/p>\n<\/li>\n<\/ul>\n<ul><\/ul>\n<p><span>Im Empfangsb\u00fcro finden Sie alle Informationen \u00fcber <\/span><span>Informationen \u00fcber die Dienstleistungen des Campingplatzes, die Versorgungsm\u00f6glichkeiten, die Sportanlagen, die touristischen Sehensw\u00fcrdigkeiten der Umgebung und verschiedene Adressen, die Ihnen bei der Suche nach einem geeigneten Platz behilflich sein k\u00f6nnen.<\/span><span>n\u00fctzlich sein k\u00f6nnen, um einen angenehmen Aufenthalt zu verbringen.<\/span><\/p>\n<p><span>Lizenzgeb\u00fchren<\/span><\/p>\n<p><span><\/span><\/p>\n<ul>\n<li><span>Die Geb\u00fchren werden im B\u00fcro bezahlt. Der Betrag (einschlie\u00dflich Steuern) wird am Eingang des Campingplatzes und am Empfangsb\u00fcro ausgeh\u00e4ngt.<\/span><\/li>\n<li><span>F\u00fcr einen Stellplatz sind die Geb\u00fchren am Tag vor der Abreise oder bei mehrw\u00f6chigen Aufenthalten w\u00f6chentlich zu zahlen.<\/span><\/li>\n<li><span>Bei einer Vermietung ist die Aufenthaltsgeb\u00fchr zu entrichten bei <\/span><span>bei der Ankunft<\/span><span>\u00fcckzuzahlen.<\/span><\/li>\n<li><span>Je nach Aufenthaltsdauer und Anzahl der Personen pro Stellplatz wird eine kommunale Kurtaxe f\u00e4llig.<\/span>\n<p><span style=\"font-size: 16px;\"><\/span><\/p>\n<p><span style=\"font-size: 16px;\">L\u00e4rm und Stille<\/span><br \/><span><\/span><\/p>\n<\/li>\n<\/ul>\n<ul>\n<li><span>Die Nutzer des Campingplatzes werden dringend gebeten <\/span><span>Sie sollten alle Ger\u00e4usche und Diskussionen vermeiden, die ihre Mitmenschen st\u00f6ren k\u00f6nnten.<\/span><span>r Nachbarn sowie Kindergeschrei und Hundegebell, insbesondere zwischen 22 Uhr und 7 Uhr.<\/span><\/li>\n<li><span>Tonger\u00e4te m\u00fcssen entsprechend eingestellt werden.<\/span><\/li>\n<li><span>Jeder Versto\u00df gegen diese Bestimmungen wird als Ruhest\u00f6rung am Tag oder in der Nacht betrachtet und kann zu einer Abmahnung f\u00fchren. <\/span><span style=\"font-size: 16px;\">Die Direktion kann dies als L\u00e4rmbel\u00e4stigung betrachten.<\/span>\n<p><span><\/span><\/p>\n<p><span><\/span><\/p>\n<p><span>Besucher<\/span><\/p>\n<\/li>\n<\/ul>\n<ul>\n<li><span>Nach der Genehmigung durch den Verwalter oder seinen Vertreter d\u00fcrfen Besucher auf dem Campingplatz unter der Verantwortung der Camper, die sie empfangen, eingelassen werden. Diese m\u00fcssen zwingend empfangen<\/span><span>pers\u00f6nlich diese Besucher an der Rezeption.<\/span><\/li>\n<li><span>Der Camper, der sie empf\u00e4ngt, ist verpflichtet, eine Geb\u00fchr zu entrichten, sofern der Besucher die M\u00f6glichkeit hat, die  <\/span><span>Leistungen und Einrichtungen des Campingplatzes. Diese Abgabe<\/span><span>e wird am Eingang des Campingplatzes und am Empfangsb\u00fcro ausgeh\u00e4ngt.<\/span><\/li>\n<li><span>Besucher sind verpflichtet, die Hausordnung einzuhalten.<\/span><\/li>\n<li><span>Unter keinen Umst\u00e4nden d\u00fcrfen Besucher oder G\u00e4ste in das <\/span><span style=\"font-size: 16px;\">mit ihrem Fahrzeug auf den Campingplatz fahren.<\/span><\/li>\n<li><span>Um die Ruhe zu gew\u00e4hrleisten <\/span><span>Der Zugang zum Campingplatz ist f\u00fcr alle Nutzer friedlich. <\/span><span style=\"font-size: 16px;\">verboten f\u00fcr ambulante H\u00e4ndler und Gesch\u00e4ftsleute, Haust\u00fcrverk\u00e4ufer, Spazierg\u00e4nger, Picknicker usw.<\/span>\n<p><span><\/span><\/p>\n<p><span><\/span><\/p>\n<p><span>Verkehr und Parken von Fahrzeugen<\/span><\/p>\n<p><span>Innerhalb des Campingplatzes d\u00fcrfen Fahrzeuge nur mit einer H\u00f6chstgeschwindigkeit von <\/span><span>Die Geschwindigkeit ist auf 10 Km\/h begrenzt.<\/span><\/p>\n<\/li>\n<\/ul>\n<ul>\n<li><span>Zwischen 23 Uhr und 7 Uhr ist der Verkehr strengstens verboten, au\u00dfer <\/span><span>f\u00fcr Fahrzeuge, die zu Wartungs- und Notdiensten geh\u00f6ren.<\/span><\/li>\n<li><span>Auf dem Campingplatz d\u00fcrfen nur Fahrzeuge verkehren, die den Campern geh\u00f6ren, die sich dort aufhalten.<\/span><\/li>\n<li><span>Das Parken auf den Stellpl\u00e4tzen darf nicht den <\/span><span>Verkehr, die Ansiedlung von Neuank\u00f6mmlingen oder den Aufenthalt auf einem <\/span><span>den internen Dienst des Campingplatzes beeintr\u00e4chtigen.<\/span><\/li>\n<\/ul>\n<\/div>\n<div class=\"column\">\n<p><span>HAUSORDNUNG <\/span><span>Haltung und Aussehen der Einrichtungen<\/span><\/p>\n<p><span>Angemessene Kleidung wird vorausgesetzt. Jeder ist verpflichtet, sich zu enthalten  <\/span><span>jede Art von<\/span><span>Jede Handlung, die die Sauberkeit, die Hygiene und das Aussehen des Campingplatzes und seiner Einrichtungen, insbesondere der Toiletten, beeintr\u00e4chtigen k\u00f6nnte, ist verboten. <\/span><span>Sanit\u00e4ranlagen.<\/span><\/p>\n<p><span>Es ist verboten, verschmutztes oder abgenutztes Wasser in die Rinnsteine, auf Anpflanzungen oder direkt in die Erde zu sch\u00fctten. Wohnwagen m\u00fcssen ihr verschmutztes oder abgenutztes Wasser zwingend in die daf\u00fcr vorgesehenen Einrichtungen entleeren.<\/span><\/p>\n<p><span>Hausm\u00fcll, Abf\u00e4lle aller Art und Papier m\u00fcssen in den entsprechenden M\u00fclltonnen und Recyclingcontainern entsorgt werden.<\/span><\/p>\n<p><span>Die Sanit\u00e4ranlagen m\u00fcssen von den Nutzern in einem konstant sauberen Zustand gehalten werden.<\/span><\/p>\n<p><span>Das Waschen au\u00dferhalb der daf\u00fcr vorgesehenen Beh\u00e4lter ist strengstens verboten.<\/span><\/p>\n<p><span>Der Stellplatz, der w\u00e4hrend des Aufenthalts genutzt wurde, muss in den Zustand <\/span><span>in seinen urspr\u00fcnglichen Zustand zur\u00fcckversetzt werden.<\/span><\/p>\n<p><span>Anpflanzungen und Blumenschmuck m\u00fcssen respektiert werden. Es ist dem Camper untersagt, N\u00e4gel in B\u00e4ume zu schlagen, \u00c4ste abzuschneiden, die  <\/span><span>Plantagen. Es ist auch nicht erlaubt, den Standort eines I<\/span><span>Es ist auch nicht n\u00f6tig, den Boden auszuheben und Rinnen zu machen.<\/span><\/p>\n<p><span>Es ist strengstens verboten, Z\u00e4une zu errichten, Wohnwagen oder Mobilheimen ihre Mobilit\u00e4tsmittel zu entziehen. <\/span><span>(Zugstange, R\u00e4der&#8230;), gebrauchte Gegenst\u00e4nde zu lagern.<\/span><\/p>\n<p><span>Es ist verboten, Pf\u00e4hle in den Boden zu rammen, die l\u00e4nger als 30 <\/span><span>cm lang sein, da sich dort Stromkabel befinden, <\/span><span>von unterirdischen Wasser- und Abwassersystemen.<\/span><\/p>\n<p><span>Das Aufh\u00e4ngen von W\u00e4sche wird bis 10 Uhr morgens in der N\u00e4he von Unterk\u00fcnften toleriert, sofern es unauff\u00e4llig ist und Folgendes nicht st\u00f6rt  <\/span><span>nicht die Nachbarn. Es sollte niemals an Dr\u00e4hten von B\u00e4umen oder Hecken aus erfolgen. Es sind nur W\u00e4schest\u00e4nder erlaubt.<\/span><\/p>\n<p><span>Nur flexible Vorzelte, die als Verl\u00e4ngerung der Wohnwagen aufgestellt werden, sind erlaubt. <\/span><span>Wohnwagen sind erlaubt (Vorzelte aus Stoff, die mit einem Gest\u00e4nge aus <\/span><span>Sie m\u00fcssen am Ende jeder Saison abgebaut werden.<\/span><\/p>\n<p><span>Aus Sicherheitsgr\u00fcnden und zur Erleichterung des Einsatzes von Rettungsdiensten muss ein Mindestabstand von 4 m zwischen den einzelnen H\u00e4usern (einschlie\u00dflich Vordach) eingehalten werden.<\/span><\/p>\n<p><span>Die maximale Fl\u00e4che, die von der Anlage belegt wird, darf 30% der Fl\u00e4che des Stellplatzes nicht \u00fcberschreiten.<\/span><\/p>\n<p><span>Die Errichtung von H\u00e4usern, die auf dem Land stehen, ist verboten.<\/span><span>nportable oder demontierbare H\u00e4user, die als leichte Freizeitwohnungen bezeichnet werden, ohne beh\u00f6rdliche Genehmigung zu errichten.<\/span><\/p>\n<p><span>Jegliche Erweiterungen oder Anbauten aus Holz, Blech oder anderen Materialien (Terrasse mit einer H\u00f6he von mehr als 0,60 m, starres Vordach, Veranda, Zaun, Bepflanzung) sind strengstens untersagt.<\/span><\/p>\n<p><span>Sicherheit<\/span><\/p>\n<p><span>a\/ Allgemein<\/span><\/p>\n<p><span>Ein Erste-Hilfe-Kasten f\u00fcr den Notfall befindet sich im <\/span><span>Empfangsb\u00fcro sowie im Schwimmbad.<\/span><\/p>\n<p><span>Die Schranken zum Campingplatz sind in der Hochsaison geschlossen. <\/span><span>von 23 Uhr bis 7 Uhr.<\/span><\/p>\n<p><span>Neben dem Durchgang am Eingang des Campingplatzes befinden sich auf dem Campingplatz mehrere weitere Evakuierungsausg\u00e4nge. <\/span><span>wie folgt:<br \/><\/span><span>o <\/span><span>auf H\u00f6he der Zone A (blauer Ausgang, im Nordosten, in Richtung des <\/span><span style=\"font-size: 16px;\">Nicot-Viertel)<\/span><\/p>\n<p><span>o <\/span><span>an der Zone B (Gr\u00fcne Ausfahrt, nordwestlich, zum <\/span><span style=\"font-size: 16px;\">Au\u00dfenparkplatz, Route de Port d&#8217;Albret)<\/span><\/p>\n<p><span>o <\/span><span>an der Zone S (graue Ausfahrt, im S\u00fcdosten, in Richtung des Weges <\/span><span style=\"font-size: 16px;\">Radweg)<\/span><\/p>\n<p><span>Diese Ausg\u00e4nge werden von Sicherheitstoren verschlossen, deren <\/span><span style=\"font-size: 16px;\">nur von den zust\u00e4ndigen Personen ge\u00f6ffnet werden k\u00f6nnen.<\/span><span style=\"font-size: 16px;\">Die T\u00fcren d\u00fcrfen nur von befugten Personen (Reinigungspersonal, Campingplatzleitung,&#8230;) ge\u00f6ffnet werden. <\/span><span style=\"font-size: 16px;\">Feuerwehr).<\/span><\/p>\n<p><span>Im Notfall kann die Direktion anordnen, dass die auf dem Campingplatz anwesenden Personen versammelt werden nach  <\/span><span>den Sammelplatz vor dem Hallenbad. Eine  <\/span><span>Sirene<\/span><span>Die Alarmsirene wird dann diskontinuierlich ert\u00f6nen, um die \u00d6ffentlichkeit zu warnen.<\/span><\/p>\n<p><span>Der Sammelplatz, die Fluchtwege und die Fluchtrichtung werden <\/span><span>auf dem Gel\u00e4nde markiert und auf den Pl\u00e4nen angegeben, die sich im <\/span><span>innerhalb des Campingplatzes, im Empfangsb\u00fcro, am Eingang des Campingplatzes <\/span><span>und auf den Dokumenten, die den G\u00e4sten bei ihrer Ankunft ausgeh\u00e4ndigt werden.<\/span><\/p>\n<p><span>Die Vorschriften des Pr\u00e4fekturerlasses Nr. 2008<\/span><span>-675 vom 24. Juli 2008 m\u00fcssen unbedingt eingehalten werden. Diese  <\/span><span>Der Erlass wird an der Rezeption ausgeh\u00e4ngt und kann dort eingesehen werden.<\/span><\/p>\n<p><span>b\/ Feuer<\/span><\/p>\n<p><span>Im Falle eines Brandes oder eines beginnenden Brandes benachrichtigen Sie sofort <\/span><span>die Direktion.<\/span><\/p>\n<p><span>Offenes Feuer (Grill, Holz, Kohle, Strom, Gas) ist auf den Stellpl\u00e4tzen strengstens verboten.<\/span><\/p>\n<p><span>Grills d\u00fcrfen nur auf den daf\u00fcr vorgesehenen Fl\u00e4chen benutzt werden.<\/span><\/p>\n<p><span>Feuerl\u00f6scher sind \u00fcberall auf dem Campingplatz verteilt und stehen den G\u00e4sten bei nachgewiesenem Bedarf jederzeit zur Verf\u00fcgung.<\/span><\/p>\n<p><span>Armierte Brandschutzventile (Armoured Fire Valves, AFV) sind ebenfalls angeordnet <\/span><span>an Stellen, an denen der Zugang zu Geb\u00e4uden schwierig sein k\u00f6nnte. <\/span><span>f\u00fcr die Feuerwehr schwierig ist.<\/span><\/p>\n<p><span>Die Verwendung dieser L\u00f6schmittel au\u00dfer im Falle eines Brandes oder beginnenden Brandes ist strengstens untersagt.<\/span><\/p>\n<\/div>\n<div class=\"column\">\n<p><span><\/span><\/p>\n<p><span>c\/Diebstahl<\/span><\/p>\n<p><span>Die G\u00e4ste behalten die Verantwortung f\u00fcr ihre eigene Einrichtung und m\u00fcssen dem Verantwortlichen melden, wenn sie verd\u00e4chtige Personen sehen.<\/span><\/p>\n<p><span>Obwohl im Juli und August nachts bewacht wird, werden die Nutzer des Zeltplatzes gebeten, die \u00fcblichen Vorsichtsma\u00dfnahmen zur Sicherung ihrer Ausr\u00fcstung zu treffen.<\/span><\/p>\n<p><span>Spiele<\/span><\/p>\n<p><span>In der N\u00e4he der Einrichtungen d\u00fcrfen keine gewaltt\u00e4tigen oder st\u00f6renden Spiele veranstaltet werden.<\/span><\/p>\n<p><span>Der Fernsehraum darf nicht f\u00fcr bewegte Spiele genutzt werden.<\/span><\/p>\n<p><span>Kinder m\u00fcssen immer von ihren Eltern beaufsichtigt werden.<\/span><\/p>\n<p><span>Alkohol<\/span><\/p>\n<p><span>Jeglicher Alkoholkonsum ist an den folgenden Orten strengstens untersagt <\/span><span>\u00f6ffentlichen Orten und Zug\u00e4ngen (au\u00dfer Bar und Restaurant) gem\u00e4\u00df der geltenden Gesetzgebung verboten.<\/span><\/p>\n<p><span>Tote Garage<\/span><\/p>\n<p><span>Unbesetztes Material darf nicht auf dem Platz zur\u00fcckgelassen werden. <\/span><span>nur nach Zustimmung der Direktion und nur an dem Ort, an dem er sich befindet. <\/span><span>angegeben.<\/span><\/p>\n<p><span>Eine Geb\u00fchr, deren <\/span><span>der Betrag am Eingang des Campingplatzes sowie im Empfangsb\u00fcro ausgeh\u00e4ngt ist, wird f\u00fcr die &#8222;Garage&#8220; f\u00e4llig. <\/span><span>&#8222;tote Garage&#8220;.<\/span><\/p>\n<p><span>Tiere<\/span><\/p>\n<p><span>Nur Hunde und Katzen d\u00fcrfen den Campingplatz betreten und sich dort aufhalten. <\/span><span>auf dem Campingplatz l&#8217;Airial erlaubt.<\/span><\/p>\n<p><span>Hunde der 1.<\/span><span>Klasse <\/span><span>oder 2<\/span><span>\u00e8me <\/span><span>Kategorie sind verboten.<br \/><\/span><span>Sie m\u00fcssen zwingend geimpft sein. Der Besitzer muss den aktuellen Impfpass vorweisen k\u00f6nnen f\u00fcr alle  <\/span><span style=\"font-size: 16px;\">Kontrolle.<\/span><\/p>\n<p><span>Sie d\u00fcrfen niemals frei herumlaufen. Sie d\u00fcrfen nicht  <\/span><span style=\"font-size: 16px;\">auf dem Campingplatz bleiben, auch wenn sie angeschnallt sind, in <\/span><span style=\"font-size: 16px;\">in Abwesenheit <\/span><span style=\"font-size: 16px;\">ihrer Besitzer, die f\u00fcr Sch\u00e4den finanziell und zivilrechtlich haftbar sind.<\/span><\/p>\n<p><span style=\"font-size: 16px;\">Sie sind an \u00f6ffentlichen Orten nicht erlaubt.<\/span><\/p>\n<p><span>Hundebesitzer sorgen daf\u00fcr, dass ihre Hunde ihr Gesch\u00e4ft au\u00dferhalb des Campingplatzes verrichten. <\/span><span style=\"font-size: 16px;\">Sie m\u00fcssen die Hunde au\u00dferhalb des Campingplatzes halten und ihre Hinterlassenschaften einsammeln.<\/span><\/p>\n<p><span>Tiere sind in den Unterk\u00fcnften nicht erlaubt, auch wenn sie <\/span><span style=\"font-size: 16px;\">wenn sie au\u00dferhalb der Unterkunft schlafen.<\/span><span style=\"font-size: 16px;\">-.<\/span><\/p>\n<p><span>Umgebung<\/span><\/p>\n<p><span>Sie halten sich unter einem Kiefernwald auf, der Sie vor der Hitze sch\u00fctzt, aber zwei nat\u00fcrliche Nachteile hat:<br \/><\/span><span>o <\/span><span>Herabfallen von Kiefernzapfen w\u00e4hrend hei\u00dfer Perioden,<br \/><\/span><span>o <\/span><span>Herabst\u00fcrzende \u00c4ste bei starkem Wind oder Sturm.<\/span><\/p>\n<p><span>Trotz der Sorgfalt, mit der dieser Wald gepflegt oder beschnitten wird, sollten Sie ihn nicht verlassen. <\/span><span>Die Leitung des Campingplatzes bittet Sie dennoch, besonders bei starkem Wind wachsam zu bleiben.<\/span><\/p>\n<p><span>Beschwerden<\/span><\/p>\n<p><span style=\"font-size: 16px;\">Jede Beschwerde kann per Brief, der pers\u00f6nlich beim Verantwortlichen abgegeben wird, oder per Einschreiben mit R\u00fcckschein innerhalb von 10 Tagen nach dem Ende des Aufenthalts eingereicht werden. Beschwerden werden nur ber\u00fccksichtigt, wenn sie unterschrieben, datiert, so genau wie m\u00f6glich sind und sich auf aktuelle Ereignisse beziehen.<\/span><\/p>\n<p><span>Anzeige<\/span><\/p>\n<p><span>Die vorliegende Hausordnung wird am Eingang des Campingplatzes und im Empfangsb\u00fcro ausgeh\u00e4ngt. Er wird dem Klienten in seiner  <\/span><span>fordert.<\/span><\/p>\n<p><span>Versto\u00df gegen die Hausordnung<\/span><\/p>\n<p><span>Falls ein Bewohner den Aufenthalt der anderen Nutzer st\u00f6rt oder die Bestimmungen der vorliegenden Hausordnung nicht beachtet, kann der Verwalter oder sein Vertreter <\/span><span>m\u00fcndlich oder schriftlich, wenn er es f\u00fcr notwendig h\u00e4lt, den Bewohner auffordern, die St\u00f6rung zu beheben.<\/span><span>Der Bewohner kann den Bewohner in einem schriftlichen Verfahren auffordern, die St\u00f6rung zu beenden.<\/span><\/p>\n<p><span>Im Falle eines schwerwiegenden oder wiederholten Versto\u00dfes gegen die Hausordnung und <\/span><span>nach Aufforderung durch den Verwalter oder seinen Vertreter <\/span><span>zur Einhaltung der Regeln auffordern, kann dieser<\/span><span>-Diese kann den Mietvertrag k\u00fcndigen.<\/span><\/p>\n<p><span>Verbale oder k\u00f6rperliche Angriffe f\u00fchren zu einem Bruch des Mietvertrags, einer sofortigen R\u00e4umung des Gel\u00e4ndes. <\/span><span>und m\u00f6gliche Schadensersatzklagen.<\/span><\/p>\n<p><span>Bei strafrechtlichen Vergehen kann der Verwalter die Ordnungskr\u00e4fte hinzuziehen.<\/span><span>.<\/span><\/p>\n<p><span>Die Direktion<\/span><\/p>\n<\/div>\n<\/div>\n<\/div>\n<p>[\/et_pb_text][\/et_pb_column][\/et_pb_row][\/et_pb_section]<\/p>\n","protected":false},"excerpt":{"rendered":"<p>Hausordnung des Campingplatzes l&#8217;Airial in Soustons Bedingungen f\u00fcr die Aufnahme Um zum Betreten, zur Niederlassung oder zum Aufenthalt auf dem Auf einem Campingplatz muss man vom Betreiber oder seinem Vertreter dazu erm\u00e4chtigt worden sein und die Hausordnung einhalten. Der Verwalter ist verpflichtet, f\u00fcr die die gute F\u00fchrung und Ordnung des Campingplatzes sowie die Einhaltung der [&hellip;]<\/p>\n","protected":false},"author":1,"featured_media":0,"parent":0,"menu_order":0,"comment_status":"closed","ping_status":"closed","template":"","meta":{"_et_pb_use_builder":"on","_et_pb_old_content":"","_et_gb_content_width":"","footnotes":""},"class_list":["post-6361","page","type-page","status-publish","hentry"],"_links":{"self":[{"href":"https:\/\/www.camping-airial.com\/de\/wp-json\/wp\/v2\/pages\/6361","targetHints":{"allow":["GET"]}}],"collection":[{"href":"https:\/\/www.camping-airial.com\/de\/wp-json\/wp\/v2\/pages"}],"about":[{"href":"https:\/\/www.camping-airial.com\/de\/wp-json\/wp\/v2\/types\/page"}],"author":[{"embeddable":true,"href":"https:\/\/www.camping-airial.com\/de\/wp-json\/wp\/v2\/users\/1"}],"replies":[{"embeddable":true,"href":"https:\/\/www.camping-airial.com\/de\/wp-json\/wp\/v2\/comments?post=6361"}],"version-history":[{"count":0,"href":"https:\/\/www.camping-airial.com\/de\/wp-json\/wp\/v2\/pages\/6361\/revisions"}],"wp:attachment":[{"href":"https:\/\/www.camping-airial.com\/de\/wp-json\/wp\/v2\/media?parent=6361"}],"curies":[{"name":"wp","href":"https:\/\/api.w.org\/{rel}","templated":true}]}}