

{"id":9652,"date":"2024-03-28T11:02:39","date_gmt":"2024-03-28T10:02:39","guid":{"rendered":"https:\/\/www.camping-airial.com\/wochenend-und-kurzaufenthaltsangebote\/"},"modified":"2024-04-06T16:25:49","modified_gmt":"2024-04-06T14:25:49","slug":"wochenend-und-kurzaufenthaltsangebote","status":"publish","type":"page","link":"https:\/\/www.camping-airial.com\/de\/wochenend-und-kurzaufenthaltsangebote\/","title":{"rendered":"Wochenenden und Kurzaufenthalte"},"content":{"rendered":"<p>[et_pb_section fb_built=&#8220;1&#8243; _builder_version=&#8220;4.17.6&#8243; _module_preset=&#8220;default&#8220; background_image=&#8220;https:\/\/www.camping-airial.com\/\/wp-content\/uploads\/2022\/07\/azur-padle-\u00a9landesatlantiquesud.jpg&#8220; custom_padding=&#8220;||0px|||&#8220; global_colors_info=&#8220;{}&#8220;][et_pb_row column_structure=&#8220;1_2,1_2&#8243; _builder_version=&#8220;4.24.2&#8243; _module_preset=&#8220;default&#8220; background_image=&#8220;https:\/\/www.camping-airial.com\/wp-content\/uploads\/2022\/07\/020A4982.jpg&#8220; width=&#8220;100%&#8220; max_width=&#8220;2560px&#8220; custom_margin=&#8220;-20px|auto||auto||&#8220; custom_padding=&#8220;||25px|||&#8220; global_colors_info=&#8220;{}&#8220;][et_pb_column type=&#8220;1_2&#8243; _builder_version=&#8220;4.17.4&#8243; _module_preset=&#8220;default&#8220; global_colors_info=&#8220;{}&#8220;][\/et_pb_column][et_pb_column type=&#8220;1_2&#8243; _builder_version=&#8220;4.17.4&#8243; _module_preset=&#8220;default&#8220; global_colors_info=&#8220;{}&#8220;][et_pb_text _builder_version=&#8220;4.24.2&#8243; _module_preset=&#8220;default&#8220; text_font=&#8220;|700|||||||&#8220; text_font_size=&#8220;22px&#8220; text_line_height=&#8220;1em&#8220; header_font=&#8220;|800|||||||&#8220; header_2_text_align=&#8220;center&#8220; header_2_text_color=&#8220;#FFFFFF&#8220; header_2_font_size=&#8220;37px&#8220; header_2_line_height=&#8220;1.3em&#8220; background_color=&#8220;#cdd356&#8243; max_width=&#8220;63%&#8220; max_width_tablet=&#8220;63%&#8220; max_width_phone=&#8220;83%&#8220; max_width_last_edited=&#8220;on|phone&#8220; module_alignment=&#8220;right&#8220; height=&#8220;809px&#8220; max_height=&#8220;148px&#8220; custom_margin=&#8220;502px|9px|-26px|-220px|false|false&#8220; custom_padding=&#8220;30px|30px|30px|0px|true|false&#8220; border_radii=&#8220;off|60px|60px||&#8220; box_shadow_style=&#8220;preset3&#8243; box_shadow_horizontal=&#8220;-3px&#8220; box_shadow_vertical=&#8220;-13px&#8220; global_colors_info=&#8220;{}&#8220;]<\/p>\n<h2 style=\"text-align: center;\"><b>Angebote f\u00fcr Kurzaufenthalte und Wochenenden<\/b><\/h2>\n<p>[\/et_pb_text][\/et_pb_column][\/et_pb_row][\/et_pb_section][et_pb_section fb_built=&#8220;1&#8243; _builder_version=&#8220;4.24.2&#8243; _module_preset=&#8220;default&#8220; global_colors_info=&#8220;{}&#8220;][et_pb_row column_structure=&#8220;3_5,2_5&#8243; use_custom_gutter=&#8220;on&#8220; gutter_width=&#8220;2&#8243; make_equal=&#8220;on&#8220; _builder_version=&#8220;4.24.2&#8243; _module_preset=&#8220;default&#8220; transform_scale=&#8220;93%|93%&#8220; transform_origin=&#8220;99%|100%&#8220; width=&#8220;86%&#8220; max_width=&#8220;1712px&#8220; module_alignment=&#8220;center&#8220; min_height=&#8220;520px&#8220; height=&#8220;100px&#8220; max_height=&#8220;1000px&#8220; custom_padding=&#8220;|0px|||false|false&#8220; global_colors_info=&#8220;{}&#8220;][et_pb_column type=&#8220;3_5&#8243; _builder_version=&#8220;4.24.2&#8243; _module_preset=&#8220;default&#8220; global_colors_info=&#8220;{}&#8220;][et_pb_text _builder_version=&#8220;4.24.2&#8243; _module_preset=&#8220;default&#8220; text_font=&#8220;ABeeZee||||||||&#8220; text_line_height=&#8220;1.8em&#8220; header_text_color=&#8220;#C9D408&#8243; header_2_font=&#8220;ABeeZee||on||on|on||#C9D408|&#8220; header_2_text_color=&#8220;#C9D408&#8243; header_2_font_size=&#8220;38px&#8220; header_2_line_height=&#8220;1.9em&#8220; header_4_font=&#8220;ABeeZee||||||||&#8220; header_4_text_align=&#8220;left&#8220; header_4_text_color=&#8220;#C9D408&#8243; custom_padding=&#8220;||0px||false|false&#8220; inline_fonts=&#8220;ABeeZee&#8220; global_colors_info=&#8220;{}&#8220;]<\/p>\n<h2>UNSERE WOCHENENDANGEBOTE<\/h2>\n<p>&nbsp;<\/p>\n<h3>Komfortable Unterk\u00fcnfte<\/h3>\n<p>Ob Sie sich f\u00fcr ein Cottage Woody, eine Safari-Lodge oder ein Mobilheim Tendance entscheiden, wir haben alles, was Sie brauchen, um sich wie zu Hause zu f\u00fchlen.<\/p>\n<p><span style=\"text-decoration: underline;\"><strong>Wir bieten Ihnen ein Wochenende mit :  <\/strong><\/span><\/p>\n<ul>\n<li>DRAPS INKLUSIVE<span style=\"font-family: ABeeZee; font-weight: normal;\"><\/span><\/li>\n<li>LATE CHECK OUT ANGEBOTEN (Abreise am Sonntag bis 17.00 Uhr)<\/li>\n<\/ul>\n<p>&nbsp;<\/p>\n<h4><span style=\"font-family: ABeeZee;\">  UM DIESES ANGEBOT ZU W\u00c4HLEN, IST NICHTS EINFACHER ALS DAS:<\/span><\/h4>\n<p>Buchen Sie ein Wochenende auf dem Campingplatz Nature l&#8217;Airial und, unten auf der Seite, <span style=\"text-decoration: underline;\"><br \/>\n  <strong>w\u00e4hlen Sie die Option &#8222;Bettw\u00e4sche- und Handtuchpaket + Late Check Out&#8220;.<\/strong><br \/>\n<\/span> um von diesen Leistungen zu profitieren.<\/p>\n<blockquote><\/blockquote>\n<p>&nbsp;<\/p>\n<p>[\/et_pb_text][\/et_pb_column][et_pb_column type=&#8220;2_5&#8243; _builder_version=&#8220;4.24.2&#8243; _module_preset=&#8220;default&#8220; global_colors_info=&#8220;{}&#8220;][et_pb_image src=&#8220;https:\/\/www.camping-airial.com\/wp-content\/uploads\/2024\/02\/PLAGE-CAPBRETON-1.jpg&#8220; alt=&#8220;Strand von Capbreton&#8220; title_text=&#8220;Strand von Capbreton&#8220; align=&#8220;center&#8220; _builder_version=&#8220;4.24.2&#8243; _module_preset=&#8220;default&#8220; background_enable_image=&#8220;off&#8220; parallax=&#8220;on&#8220; transform_scale=&#8220;110%|110%&#8220; transform_origin=&#8220;19%|50%&#8220; width=&#8220;100%&#8220; max_width=&#8220;100%&#8220; module_alignment=&#8220;center&#8220; min_height=&#8220;435px&#8220; max_height=&#8220;760px&#8220; border_radii=&#8220;on|20px|20px|20px|20px&#8220; global_colors_info=&#8220;{}&#8220;][\/et_pb_image][\/et_pb_column][\/et_pb_row][et_pb_row column_structure=&#8220;2_5,3_5&#8243; use_custom_gutter=&#8220;on&#8220; gutter_width=&#8220;4&#8243; make_equal=&#8220;on&#8220; _builder_version=&#8220;4.24.2&#8243; _module_preset=&#8220;default&#8220; transform_scale=&#8220;93%|93%&#8220; transform_origin=&#8220;99%|100%&#8220; width=&#8220;86%&#8220; max_width=&#8220;1712px&#8220; module_alignment=&#8220;center&#8220; min_height=&#8220;616px&#8220; height=&#8220;100px&#8220; max_height=&#8220;1000px&#8220; custom_margin=&#8220;||||false|false&#8220; custom_padding=&#8220;||||false|false&#8220; global_colors_info=&#8220;{}&#8220;][et_pb_column type=&#8220;2_5&#8243; _builder_version=&#8220;4.24.2&#8243; _module_preset=&#8220;default&#8220; global_colors_info=&#8220;{}&#8220;][et_pb_image src=&#8220;https:\/\/www.camping-airial.com\/wp-content\/uploads\/2024\/02\/\u00a9LandesAtlantiqueSud-26-scaled.jpg&#8220; alt=&#8220;Paddelsee von Soustons im S\u00fcden der Landes gegen\u00fcber dem 4-Sterne-Naturcampingplatz l&apos;Airial&#8220; title_text=&#8220;Paddeln in Evad&apos;Sport&#8220; align=&#8220;center&#8220; _builder_version=&#8220;4.24.2&#8243; _module_preset=&#8220;default&#8220; background_enable_image=&#8220;off&#8220; parallax=&#8220;on&#8220; transform_scale=&#8220;110%|110%&#8220; transform_origin=&#8220;19%|50%&#8220; width=&#8220;100%&#8220; max_width=&#8220;100%&#8220; module_alignment=&#8220;center&#8220; min_height=&#8220;422px&#8220; max_height=&#8220;733px&#8220; custom_margin=&#8220;50px||||false|false&#8220; border_radii=&#8220;on|20px|20px|20px|20px&#8220; global_colors_info=&#8220;{}&#8220;][\/et_pb_image][\/et_pb_column][et_pb_column type=&#8220;3_5&#8243; _builder_version=&#8220;4.24.2&#8243; _module_preset=&#8220;default&#8220; global_colors_info=&#8220;{}&#8220;][et_pb_text admin_label=&#8220;Texte&#8220; _builder_version=&#8220;4.24.3&#8243; _module_preset=&#8220;default&#8220; text_font=&#8220;ABeeZee||||||||&#8220; text_line_height=&#8220;1.8em&#8220; header_text_color=&#8220;#C9D408&#8243; header_2_font=&#8220;ABeeZee||on|on|on|||#C9D408|&#8220; header_2_text_color=&#8220;#C9D408&#8243; header_2_font_size=&#8220;38px&#8220; header_2_line_height=&#8220;1.9em&#8220; header_4_font=&#8220;ABeeZee||||||||&#8220; header_4_text_align=&#8220;left&#8220; header_4_text_color=&#8220;#C9D408&#8243; custom_padding=&#8220;||0px||false|false&#8220; inline_fonts=&#8220;ABeeZee&#8220; global_colors_info=&#8220;{}&#8220;]<\/p>\n<h2>UNSERE ANGEBOTE F\u00dcR KURZE REISEN<\/h2>\n<h4>Flucht in die Natur<\/h4>\n<p>Stellen Sie sich vor, Sie sind von der Majest\u00e4t der Pinien, dem Gesang der V\u00f6gel und der sanften Meeresbrise umgeben. Der Campingplatz Nature l&#8217;Airial bietet eine gesch\u00fctzte nat\u00fcrliche Umgebung, in der Sie neue Energie tanken und sich wieder mit der Natur verbinden k\u00f6nnen. Ob Sie die Ruhe einer Waldwanderung oder den Nervenkitzel von Wassersportarten bevorzugen, in Les Landes und Soustons gibt es alles, was das Herz begehrt.<\/p>\n<p><span style=\"text-decoration: underline;\"><strong>Wir bieten Ihnen ein Angebot f\u00fcr einen Aufenthalt von 3\/4 N\u00e4chten oder einer Woche mit :<br \/><\/strong><\/span><\/p>\n<ul>\n<li><span style=\"font-family: ABeeZee; font-weight: normal;\">2 Stunden Kanuverleih inbegriffen<br \/><\/span><span style=\"font-family: ABeeZee; font-weight: normal;\"><\/span><\/li>\n<\/ul>\n<p><span style=\"font-family: ABeeZee; font-weight: normal;\">                                <span style=\"text-decoration: underline;\"><strong>ODER<\/strong><\/span><\/span><\/p>\n<ul>\n<li>2 Eintritte in die Baumkronen f\u00fcr 2 Kinder inbegriffen<\/li>\n<\/ul>\n<h4><span style=\"font-family: ABeeZee;\">  UM DIESES ANGEBOT ZU W\u00c4HLEN, IST NICHTS EINFACHER ALS DAS:<\/span><\/h4>\n<p>Buchen Sie ein Wochenende auf dem Campingplatz Nature l&#8217;Airial und, unten auf der Seite, <span style=\"text-decoration: underline;\"><br \/>\n  <strong>w\u00e4hlen Sie &#8222;Kurzurlaub Kanus&#8220;.<\/strong><br \/>\n<\/span> oder &#8222;<strong><br \/>\n  <span style=\"text-decoration: underline;\">Angebot Hochseilgarten&#8220;.<\/span><br \/>\n<\/strong><\/p>\n<blockquote><\/blockquote>\n<p>&nbsp;<\/p>\n<p>[\/et_pb_text][\/et_pb_column][\/et_pb_row][\/et_pb_section][et_pb_section fb_built=&#8220;1&#8243; _builder_version=&#8220;4.24.3&#8243; _module_preset=&#8220;default&#8220; global_colors_info=&#8220;{}&#8220;][\/et_pb_section][et_pb_section fb_built=&#8220;1&#8243; _builder_version=&#8220;4.17.6&#8243; _module_preset=&#8220;default&#8220; custom_padding=&#8220;3px||0px|||&#8220; global_colors_info=&#8220;{}&#8220;][et_pb_row _builder_version=&#8220;4.17.6&#8243; _module_preset=&#8220;default&#8220; custom_padding=&#8220;6px||3px|||&#8220; global_colors_info=&#8220;{}&#8220;][et_pb_column type=&#8220;4_4&#8243; _builder_version=&#8220;4.17.6&#8243; _module_preset=&#8220;default&#8220; global_colors_info=&#8220;{}&#8220;][et_pb_text _builder_version=&#8220;4.17.6&#8243; _module_preset=&#8220;default&#8220; text_font=&#8220;|300|||||||&#8220; text_text_color=&#8220;#C0B1AA&#8220; link_font=&#8220;|300|||||||&#8220; link_text_color=&#8220;#C0B1AA&#8220; global_colors_info=&#8220;{}&#8220;]<\/p>\n<span><span><a href=\"https:\/\/www.camping-airial.com\/de\/willkommen\/\">Accueil<\/a><\/span><\/span>\n<p>[\/et_pb_text][\/et_pb_column][\/et_pb_row][\/et_pb_section][et_pb_section fb_built=&#8220;1&#8243; _builder_version=&#8220;4.17.6&#8243; _module_preset=&#8220;default&#8220; background_color=&#8220;#D5D3C7&#8243; custom_margin=&#8220;0px|0px|0px|0px|false|true&#8220; custom_padding=&#8220;0px|0px|28px|0px|false|true&#8220; global_colors_info=&#8220;{}&#8220;][et_pb_row _builder_version=&#8220;4.17.6&#8243; _module_preset=&#8220;default&#8220; width=&#8220;95%&#8220; max_width=&#8220;2560px&#8220; module_alignment=&#8220;center&#8220; global_colors_info=&#8220;{}&#8220;][et_pb_column type=&#8220;4_4&#8243; _builder_version=&#8220;4.17.6&#8243; _module_preset=&#8220;default&#8220; global_colors_info=&#8220;{}&#8220;][et_pb_text _builder_version=&#8220;4.17.6&#8243; _module_preset=&#8220;default&#8220; text_text_color=&#8220;#FFFFFF&#8220; header_text_color=&#8220;#FFFFFF&#8220; header_2_text_color=&#8220;#FFFFFF&#8220; header_3_text_color=&#8220;#FFFFFF&#8220; header_4_text_color=&#8220;#FFFFFF&#8220; header_5_text_color=&#8220;#FFFFFF&#8220; header_6_text_color=&#8220;#FFFFFF&#8220; background_color=&#8220;RGBA(255,255,255,0)&#8220; custom_margin=&#8220;-28px|0px|-28px|0px|true|true&#8220; custom_padding=&#8220;0px|0px|0px|0px|true|true&#8220; global_colors_info=&#8220;{}&#8220;][\/et_pb_text][\/et_pb_column][\/et_pb_row][\/et_pb_section][et_pb_section fb_built=&#8220;1&#8243; _builder_version=&#8220;4.17.6&#8243; _module_preset=&#8220;default&#8220; custom_padding=&#8220;0px||0px||false|false&#8220; global_colors_info=&#8220;{}&#8220;][et_pb_row column_structure=&#8220;1_2,1_2&#8243; use_custom_gutter=&#8220;on&#8220; gutter_width=&#8220;1&#8243; make_equal=&#8220;on&#8220; _builder_version=&#8220;4.17.6&#8243; _module_preset=&#8220;default&#8220; width=&#8220;100%&#8220; max_width=&#8220;2539px&#8220; custom_margin=&#8220;0px|auto||auto||&#8220; custom_padding=&#8220;0px||0px||false|false&#8220; global_colors_info=&#8220;{}&#8220;][et_pb_column type=&#8220;1_2&#8243; _builder_version=&#8220;4.17.6&#8243; _module_preset=&#8220;default&#8220; use_background_color_gradient=&#8220;on&#8220; background_color_gradient_stops=&#8220;rgba(43,43,43,0.36) 0%|rgba(43,43,43,0.52) 99%&#8220; background_color_gradient_overlays_image=&#8220;on&#8220; background_image=&#8220;https:\/\/www.camping-airial.com\/\/wp-content\/uploads\/2022\/06\/elizeu-dias-xarhNpLSHTk-unsplash.jpg&#8220; animation_style=&#8220;slide&#8220; animation_direction=&#8220;left&#8220; global_colors_info=&#8220;{}&#8220;][et_pb_text _builder_version=&#8220;4.17.6&#8243; _module_preset=&#8220;default&#8220; text_font=&#8220;||||||||&#8220; text_text_color=&#8220;#FFFFFF&#8220; header_2_font=&#8220;|600|||||||&#8220; header_2_text_color=&#8220;#FFFFFF&#8220; width=&#8220;50%&#8220; max_width=&#8220;50%&#8220; module_alignment=&#8220;center&#8220; custom_margin=&#8220;77px|||||&#8220; global_colors_info=&#8220;{}&#8220;]<\/p>\n<h2 class=\"afterline\" style=\"text-align: center\"><span class=\"titre\">Mehr erfahren<br \/>die K\u00fcste der Landes<\/span><\/h2>\n<p style=\"text-align: center\">Wer Natur und Authentizit\u00e4t liebt, findet in den Landes ein Paradies, das durch eine au\u00dfergew\u00f6hnliche Umgebung besticht.<\/p>\n<p>[\/et_pb_text][et_pb_button button_url=&#8220;@ET-DC@eyJkeW5hbWljIjp0cnVlLCJjb250ZW50IjoicG9zdF9saW5rX3VybF9wYWdlIiwic2V0dGluZ3MiOnsicG9zdF9pZCI6Ijc2In19@&#8220; button_text=&#8220;Mehr zu den Landes&#8220; button_alignment=&#8220;center&#8220; _builder_version=&#8220;4.17.6&#8243; _dynamic_attributes=&#8220;button_url&#8220; _module_preset=&#8220;default&#8220; custom_button=&#8220;on&#8220; button_text_size=&#8220;18px&#8220; button_text_color=&#8220;#FFFFFF&#8220; custom_margin=&#8220;17px||11px|||&#8220; global_colors_info=&#8220;{}&#8220;][\/et_pb_button][et_pb_button button_url=&#8220;@ET-DC@eyJkeW5hbWljIjp0cnVlLCJjb250ZW50IjoicG9zdF9saW5rX3VybF9wYWdlIiwic2V0dGluZ3MiOnsicG9zdF9pZCI6Ijc0In19@&#8220; button_text=&#8220;Mehr zu Soustons&#8220; button_alignment=&#8220;center&#8220; _builder_version=&#8220;4.17.6&#8243; _dynamic_attributes=&#8220;button_url&#8220; _module_preset=&#8220;default&#8220; custom_button=&#8220;on&#8220; button_text_size=&#8220;18px&#8220; button_text_color=&#8220;#FFFFFF&#8220; custom_margin=&#8220;||136px|||&#8220; custom_padding=&#8220;||0px|||&#8220; global_colors_info=&#8220;{}&#8220;][\/et_pb_button][\/et_pb_column][et_pb_column type=&#8220;1_2&#8243; _builder_version=&#8220;4.17.6&#8243; _module_preset=&#8220;default&#8220; background_color=&#8220;#2B2B2B&#8220; animation_style=&#8220;slide&#8220; animation_direction=&#8220;right&#8220; global_colors_info=&#8220;{}&#8220;][et_pb_text _builder_version=&#8220;4.17.6&#8243; _module_preset=&#8220;default&#8220; text_font=&#8220;||||||||&#8220; text_text_color=&#8220;#FFFFFF&#8220; header_2_font=&#8220;|600|||||||&#8220; header_2_text_color=&#8220;#FFFFFF&#8220; width=&#8220;50%&#8220; max_width=&#8220;86%&#8220; module_alignment=&#8220;center&#8220; custom_margin=&#8220;77px|||||&#8220; global_colors_info=&#8220;{}&#8220;]<\/p>\n<h2 class=\"afterline\" style=\"text-align: center\"><span class=\"titre\"><span>Unsere Nachrichten<\/span><br \/><span>und Veranstaltungen!<\/span><\/span><\/h2>\n<p style=\"text-align: center\"><span>Besuchen Sie unseren Blog, um nichts vom Leben auf dem Campingplatz und in der Umgebung zu verpassen.<\/span><\/p>\n<p>[\/et_pb_text][et_pb_blog fullwidth=&#8220;off&#8220; posts_number=&#8220;3&#8243; include_categories=&#8220;all&#8220; show_thumbnail=&#8220;off&#8220; use_manual_excerpt=&#8220;off&#8220; excerpt_length=&#8220;50&#8243; show_more=&#8220;on&#8220; show_author=&#8220;off&#8220; show_date=&#8220;off&#8220; show_categories=&#8220;off&#8220; show_pagination=&#8220;off&#8220; use_overlay=&#8220;on&#8220; hover_overlay_color=&#8220;#2B2B2B&#8220; masonry_tile_background_color=&#8220;#2B2B2B&#8220; _builder_version=&#8220;4.17.6&#8243; _module_preset=&#8220;default&#8220; header_font=&#8220;|700|||||||&#8220; header_text_color=&#8220;#FFFFFF&#8220; body_font=&#8220;|300|||||||&#8220; body_text_color=&#8220;#D5D3C7&#8243; body_font_size=&#8220;18px&#8220; body_letter_spacing=&#8220;1px&#8220; meta_text_color=&#8220;#FFFFFF&#8220; read_more_font=&#8220;|700|||||||&#8220; read_more_text_color=&#8220;#C9D408&#8243; width=&#8220;69%&#8220; module_alignment=&#8220;center&#8220; custom_margin=&#8220;11px|||||&#8220; border_width_all=&#8220;0px&#8220; border_width_top=&#8220;1px&#8220; global_colors_info=&#8220;{}&#8220;][\/et_pb_blog][\/et_pb_column][\/et_pb_row][\/et_pb_section][et_pb_section fb_built=&#8220;1&#8243; inner_shadow=&#8220;on&#8220; _builder_version=&#8220;4.17.6&#8243; _module_preset=&#8220;default&#8220; animation_style=&#8220;fade&#8220; global_colors_info=&#8220;{}&#8220;][et_pb_row _builder_version=&#8220;4.17.4&#8243; _module_preset=&#8220;default&#8220; global_colors_info=&#8220;{}&#8220;][et_pb_column type=&#8220;4_4&#8243; _builder_version=&#8220;4.17.4&#8243; _module_preset=&#8220;default&#8220; global_colors_info=&#8220;{}&#8220;][et_pb_text _builder_version=&#8220;4.17.4&#8243; _module_preset=&#8220;default&#8220; global_colors_info=&#8220;{}&#8220;]<\/p>\n<h2>Weitere Angebote<\/h2>\n<p>[\/et_pb_text][\/et_pb_column][\/et_pb_row][et_pb_row column_structure=&#8220;1_3,1_3,1_3&#8243; _builder_version=&#8220;4.17.6&#8243; _module_preset=&#8220;default&#8220; global_colors_info=&#8220;{}&#8220;][et_pb_column type=&#8220;1_3&#8243; _builder_version=&#8220;4.17.4&#8243; _module_preset=&#8220;default&#8220; global_colors_info=&#8220;{}&#8220;][et_pb_slider _builder_version=&#8220;4.17.6&#8243; _dynamic_attributes=&#8220;link_option_url&#8220; _module_preset=&#8220;default&#8220; background_color=&#8220;#C0B1AA&#8220; link_option_url=&#8220;@ET-DC@eyJkeW5hbWljIjp0cnVlLCJjb250ZW50IjoicG9zdF9saW5rX3VybF9wYWdlIiwic2V0dGluZ3MiOnsicG9zdF9pZCI6IjQ1In19@&#8220; border_radii=&#8220;on|60px|60px|60px|60px&#8220; global_colors_info=&#8220;{}&#8220;][et_pb_slide heading=&#8220;Der Campingplatz&#8220; _builder_version=&#8220;4.17.6&#8243; _module_preset=&#8220;default&#8220; background_enable_color=&#8220;off&#8220; background_image=&#8220;https:\/\/www.camping-airial.com\/\/wp-content\/uploads\/2022\/07\/020A4197.jpg&#8220; background_enable_image=&#8220;on&#8220; global_colors_info=&#8220;{}&#8220; sticky_transition=&#8220;on&#8220;][\/et_pb_slide][\/et_pb_slider][\/et_pb_column][et_pb_column type=&#8220;1_3&#8243; _builder_version=&#8220;4.17.4&#8243; _module_preset=&#8220;default&#8220; global_colors_info=&#8220;{}&#8220;][et_pb_slider _builder_version=&#8220;4.17.6&#8243; _dynamic_attributes=&#8220;link_option_url&#8220; _module_preset=&#8220;default&#8220; background_color=&#8220;#C0B1AA&#8220; link_option_url=&#8220;@ET-DC@eyJkeW5hbWljIjp0cnVlLCJjb250ZW50IjoicG9zdF9saW5rX3VybF9wYWdlIiwic2V0dGluZ3MiOnsicG9zdF9pZCI6IjcwIn19@&#8220; border_radii=&#8220;on|60px|60px|60px|60px&#8220; global_colors_info=&#8220;{}&#8220;][et_pb_slide heading=&#8220;Badelandschaft&#8220; _builder_version=&#8220;4.17.6&#8243; _module_preset=&#8220;default&#8220; background_enable_color=&#8220;off&#8220; background_image=&#8220;https:\/\/www.camping-airial.com\/wp-content\/uploads\/2022\/07\/020A4734.jpg&#8220; background_enable_image=&#8220;on&#8220; global_colors_info=&#8220;{}&#8220; sticky_transition=&#8220;on&#8220;][\/et_pb_slide][\/et_pb_slider][\/et_pb_column][et_pb_column type=&#8220;1_3&#8243; _builder_version=&#8220;4.17.4&#8243; _module_preset=&#8220;default&#8220; global_colors_info=&#8220;{}&#8220;][et_pb_slider _builder_version=&#8220;4.17.6&#8243; _dynamic_attributes=&#8220;link_option_url&#8220; _module_preset=&#8220;default&#8220; background_color=&#8220;#C0B1AA&#8220; link_option_url=&#8220;@ET-DC@eyJkeW5hbWljIjp0cnVlLCJjb250ZW50IjoicG9zdF9saW5rX3VybF9wYWdlIiwic2V0dGluZ3MiOnsicG9zdF9pZCI6IjQ5In19@&#8220; border_radii=&#8220;on|60px|60px|60px|60px&#8220; global_colors_info=&#8220;{}&#8220;][et_pb_slide heading=&#8220;Aktivit\u00e4ten&#8220; _builder_version=&#8220;4.17.6&#8243; _module_preset=&#8220;default&#8220; background_enable_color=&#8220;off&#8220; background_image=&#8220;https:\/\/www.camping-airial.com\/wp-content\/uploads\/2022\/07\/Capture-decran-2022-07-21-a-14.11.34.jpg&#8220; background_enable_image=&#8220;on&#8220; global_colors_info=&#8220;{}&#8220; sticky_transition=&#8220;on&#8220;][\/et_pb_slide][\/et_pb_slider][\/et_pb_column][\/et_pb_row][\/et_pb_section]<\/p>\n","protected":false},"excerpt":{"rendered":"<p>Angebote f\u00fcr Kurzaufenthalte und WochenendenUNSERE WOCHENENDANGEBOTE &nbsp; Komfortable Unterk\u00fcnfte Ob Sie sich f\u00fcr ein Cottage Woody, eine Safari-Lodge oder ein Mobilheim Tendance entscheiden, wir haben alles, was Sie brauchen, um sich wie zu Hause zu f\u00fchlen. Wir bieten Ihnen ein Wochenende mit : DRAPS INKLUSIVE LATE CHECK OUT ANGEBOTEN (Abreise am Sonntag bis 17.00 Uhr) [&hellip;]<\/p>\n","protected":false},"author":18,"featured_media":0,"parent":0,"menu_order":0,"comment_status":"closed","ping_status":"closed","template":"","meta":{"_et_pb_use_builder":"on","_et_pb_old_content":"","_et_gb_content_width":"","footnotes":""},"class_list":["post-9652","page","type-page","status-publish","hentry"],"_links":{"self":[{"href":"https:\/\/www.camping-airial.com\/de\/wp-json\/wp\/v2\/pages\/9652","targetHints":{"allow":["GET"]}}],"collection":[{"href":"https:\/\/www.camping-airial.com\/de\/wp-json\/wp\/v2\/pages"}],"about":[{"href":"https:\/\/www.camping-airial.com\/de\/wp-json\/wp\/v2\/types\/page"}],"author":[{"embeddable":true,"href":"https:\/\/www.camping-airial.com\/de\/wp-json\/wp\/v2\/users\/18"}],"replies":[{"embeddable":true,"href":"https:\/\/www.camping-airial.com\/de\/wp-json\/wp\/v2\/comments?post=9652"}],"version-history":[{"count":0,"href":"https:\/\/www.camping-airial.com\/de\/wp-json\/wp\/v2\/pages\/9652\/revisions"}],"wp:attachment":[{"href":"https:\/\/www.camping-airial.com\/de\/wp-json\/wp\/v2\/media?parent=9652"}],"curies":[{"name":"wp","href":"https:\/\/api.w.org\/{rel}","templated":true}]}}