

{"id":9896,"date":"2024-03-21T15:34:41","date_gmt":"2024-03-21T14:34:41","guid":{"rendered":"https:\/\/www.camping-airial.com\/komfort\/"},"modified":"2025-03-04T16:15:44","modified_gmt":"2025-03-04T15:15:44","slug":"komfort","status":"publish","type":"page","link":"https:\/\/www.camping-airial.com\/de\/komfort\/","title":{"rendered":"KOMFORT"},"content":{"rendered":"<p>[et_pb_section fb_built=&#8220;1&#8243; _builder_version=&#8220;4.24.2&#8243; _module_preset=&#8220;default&#8220; background_image=&#8220;https:\/\/www.camping-airial.com\/wp-content\/uploads\/2022\/06\/CosyNewAge2-@OTILAS.jpg&#8220; custom_padding=&#8220;||0px|||&#8220; global_colors_info=&#8220;{}&#8220;][et_pb_row column_structure=&#8220;1_2,1_2&#8243; _builder_version=&#8220;4.17.4&#8243; _module_preset=&#8220;default&#8220; custom_margin=&#8220;-20px|auto||auto||&#8220; custom_padding=&#8220;||0px|||&#8220; global_colors_info=&#8220;{}&#8220;][et_pb_column type=&#8220;1_2&#8243; _builder_version=&#8220;4.17.4&#8243; _module_preset=&#8220;default&#8220; global_colors_info=&#8220;{}&#8220;][\/et_pb_column][et_pb_column type=&#8220;1_2&#8243; _builder_version=&#8220;4.17.4&#8243; _module_preset=&#8220;default&#8220; global_colors_info=&#8220;{}&#8220;][et_pb_text _builder_version=&#8220;4.27.4&#8243; _module_preset=&#8220;default&#8220; text_font=&#8220;|700|||||||&#8220; text_text_color=&#8220;#C0B1AA&#8220; text_font_size=&#8220;20px&#8220; text_letter_spacing=&#8220;1px&#8220; text_line_height=&#8220;1.8em&#8220; header_font=&#8220;|800|||||||&#8220; header_text_color=&#8220;#FFFFFF&#8220; header_line_height=&#8220;1.3em&#8220; background_color=&#8220;gcid-96841d50-148a-46d6-aeef-bbb5e89aff15&#8243; width=&#8220;100%&#8220; max_width=&#8220;51%&#8220; max_width_tablet=&#8220;37%&#8220; max_width_phone=&#8220;86%&#8220; max_width_last_edited=&#8220;on|phone&#8220; module_alignment=&#8220;right&#8220; max_height=&#8220;130px&#8220; custom_margin=&#8220;300px|||232px|false|false&#8220; custom_padding=&#8220;30px|30px|0px|30px|false|false&#8220; border_radii=&#8220;off|60px|60px||&#8220; box_shadow_style=&#8220;preset3&#8243; box_shadow_horizontal=&#8220;-3px&#8220; box_shadow_vertical=&#8220;-13px&#8220; global_colors_info=&#8220;{%22gcid-96841d50-148a-46d6-aeef-bbb5e89aff15%22:%91%22background_color%22%93}&#8220;]<\/p>\n<h1 style=\"text-align: center;\">KOMFORT<\/h1>\n<p>[\/et_pb_text][\/et_pb_column][\/et_pb_row][\/et_pb_section][et_pb_section fb_built=&#8220;1&#8243; _builder_version=&#8220;4.27.4&#8243; _module_preset=&#8220;default&#8220; background_color=&#8220;gcid-96841d50-148a-46d6-aeef-bbb5e89aff15&#8243; custom_margin=&#8220;0px|0px|0px|0px|false|true&#8220; custom_padding=&#8220;0px|0px|28px|0px|false|true&#8220; global_colors_info=&#8220;{%22gcid-96841d50-148a-46d6-aeef-bbb5e89aff15%22:%91%22background_color%22%93}&#8220;][et_pb_row _builder_version=&#8220;4.27.4&#8243; _module_preset=&#8220;default&#8220; width=&#8220;95%&#8220; max_width=&#8220;2560px&#8220; module_alignment=&#8220;center&#8220; global_colors_info=&#8220;{}&#8220;][et_pb_column type=&#8220;4_4&#8243; _builder_version=&#8220;4.17.6&#8243; _module_preset=&#8220;default&#8220; global_colors_info=&#8220;{}&#8220;][et_pb_text _builder_version=&#8220;4.27.4&#8243; _module_preset=&#8220;default&#8220; text_text_color=&#8220;#FFFFFF&#8220; header_text_color=&#8220;#FFFFFF&#8220; header_2_text_color=&#8220;#FFFFFF&#8220; header_3_text_color=&#8220;#FFFFFF&#8220; header_4_text_color=&#8220;#FFFFFF&#8220; header_5_text_color=&#8220;#FFFFFF&#8220; header_6_text_color=&#8220;#FFFFFF&#8220; background_color=&#8220;RGBA(255,255,255,0)&#8220; custom_margin=&#8220;-20px|0px|-20px|0px|true|true&#8220; custom_padding=&#8220;0px|0px|0px|0px|true|true&#8220; global_colors_info=&#8220;{}&#8220;]<\/p>\n<thr-search-engine type=\"2\">\n<\/thr-search-engine>\n<p>[\/et_pb_text][\/et_pb_column][\/et_pb_row][\/et_pb_section][et_pb_section fb_built=&#8220;1&#8243; _builder_version=&#8220;4.19.5&#8243; _module_preset=&#8220;default&#8220; z_index=&#8220;-500&#8243; custom_margin=&#8220;-37px|||||&#8220; global_colors_info=&#8220;{}&#8220;][et_pb_row _builder_version=&#8220;4.27.4&#8243; _module_preset=&#8220;default&#8220; global_colors_info=&#8220;{}&#8220;][et_pb_column type=&#8220;4_4&#8243; _builder_version=&#8220;4.27.4&#8243; _module_preset=&#8220;default&#8220; global_colors_info=&#8220;{}&#8220;][et_pb_slider _builder_version=&#8220;4.27.4&#8243; _module_preset=&#8220;default&#8220; background_enable_color=&#8220;off&#8220; use_background_color_gradient=&#8220;on&#8220; background_color_gradient_stops=&#8220;rgba(7,10,8,0.66) 0%|rgba(7,10,8,0.66) 100%&#8220; background_color_gradient_overlays_image=&#8220;on&#8220; background_image=&#8220;https:\/\/www.camping-airial.com\/wp-content\/uploads\/2022\/06\/CosyNewAge1-@OTILAS.jpg&#8220; width=&#8220;60%&#8220; module_alignment=&#8220;center&#8220; height=&#8220;450px&#8220; custom_padding=&#8220;||100px|||&#8220; animation_style=&#8220;slide&#8220; hover_enabled=&#8220;0&#8243; border_radii=&#8220;on|80px|80px|80px|80px&#8220; global_colors_info=&#8220;{}&#8220; sticky_enabled=&#8220;0&#8243;][et_pb_slide heading=&#8220;Bungalow Confort 2 Zimmer&#8220; button_text=&#8220;Entdecken Sie&#8220; button_link=&#8220;@ET-DC@eyJkeW5hbWljIjp0cnVlLCJjb250ZW50IjoicG9zdF9saW5rX3VybF9wYWdlIiwic2V0dGluZ3MiOnsicG9zdF9pZCI6IjIxNDcifX0=@&#8220; _builder_version=&#8220;4.27.4&#8243; _dynamic_attributes=&#8220;button_link&#8220; _module_preset=&#8220;default&#8220; header_level=&#8220;h2&#8243; header_font=&#8220;|800|||||||&#8220; header_font_size=&#8220;37px&#8220; body_font_size=&#8220;17px&#8220; custom_button=&#8220;on&#8220; button_text_color=&#8220;#FFFFFF&#8220; button_bg_color=&#8220;gcid-secondary-color&#8220; button_border_width=&#8220;0px&#8220; hover_enabled=&#8220;0&#8243; global_colors_info=&#8220;{%22gcid-secondary-color%22:%91%22button_bg_color%22%93}&#8220; sticky_transition=&#8220;on&#8220; button_bg_enable_color=&#8220;on&#8220; sticky_enabled=&#8220;0&#8243;]<\/p>\n<p style=\"font-weight: 400;\">Ein echter Kokon f\u00fcr Ihren n\u00e4chsten Aufenthalt in Les Landes. Mit allem Komfort f\u00fcr einen Urlaub mit der Familie oder mit Freunden. <\/p>\n<p>[\/et_pb_slide][\/et_pb_slider][\/et_pb_column][\/et_pb_row][\/et_pb_section][et_pb_section fb_built=&#8220;1&#8243; _builder_version=&#8220;4.27.4&#8243; _module_preset=&#8220;default&#8220; background_color=&#8220;#C0B1AA&#8220; custom_margin=&#8220;44px|||||&#8220; custom_padding=&#8220;0px|||||&#8220; global_colors_info=&#8220;{}&#8220;][et_pb_row _builder_version=&#8220;4.17.6&#8243; _module_preset=&#8220;default&#8220; custom_padding=&#8220;18px|||||&#8220; global_colors_info=&#8220;{}&#8220;][et_pb_column type=&#8220;4_4&#8243; _builder_version=&#8220;4.17.6&#8243; _module_preset=&#8220;default&#8220; global_colors_info=&#8220;{}&#8220;][et_pb_divider color=&#8220;#2B2B2B&#8220; _builder_version=&#8220;4.17.6&#8243; _module_preset=&#8220;default&#8220; max_width=&#8220;100%&#8220; module_alignment=&#8220;center&#8220; global_colors_info=&#8220;{}&#8220;][\/et_pb_divider][et_pb_text _builder_version=&#8220;4.17.6&#8243; _module_preset=&#8220;default&#8220; text_font=&#8220;|300|||||||&#8220; text_font_size=&#8220;18px&#8220; text_letter_spacing=&#8220;1px&#8220; text_line_height=&#8220;1.8em&#8220; width=&#8220;100%&#8220; max_width=&#8220;78%&#8220; custom_margin=&#8220;||25px|||&#8220; custom_padding=&#8220;|||15px|false|false&#8220; global_colors_info=&#8220;{}&#8220;]<\/p>\n<div>\n<h3><span>Tarife und Verf\u00fcgbarkeiten<\/span><\/h3>\n<\/div>\n<p>[\/et_pb_text][et_pb_text _builder_version=&#8220;4.27.4&#8243; _module_preset=&#8220;default&#8220; width=&#8220;100%&#8220; max_width=&#8220;100%&#8220; module_alignment=&#8220;center&#8220; custom_margin=&#8220;|20px|||false|false&#8220; custom_padding=&#8220;|20px|||false|false&#8220; global_colors_info=&#8220;{}&#8220;]<\/p>\n<thr-simpleblock categories=\"invalid_tags_codes_0|\" day=\"samedi\" show-picture=\"true\" search-type=\"1\">\n<\/thr-simpleblock>\n<p>[\/et_pb_text][\/et_pb_column][\/et_pb_row][\/et_pb_section][et_pb_section fb_built=&#8220;1&#8243; _builder_version=&#8220;4.17.6&#8243; _module_preset=&#8220;default&#8220; custom_padding=&#8220;0px||0px||false|false&#8220; global_colors_info=&#8220;{}&#8220;][et_pb_row column_structure=&#8220;1_2,1_2&#8243; use_custom_gutter=&#8220;on&#8220; gutter_width=&#8220;1&#8243; make_equal=&#8220;on&#8220; _builder_version=&#8220;4.17.6&#8243; _module_preset=&#8220;default&#8220; width=&#8220;100%&#8220; max_width=&#8220;2539px&#8220; custom_margin=&#8220;0px|auto||auto||&#8220; custom_padding=&#8220;0px||0px||false|false&#8220; global_colors_info=&#8220;{}&#8220;][et_pb_column type=&#8220;1_2&#8243; _builder_version=&#8220;4.17.6&#8243; _module_preset=&#8220;default&#8220; use_background_color_gradient=&#8220;on&#8220; background_color_gradient_stops=&#8220;rgba(43,43,43,0.36) 0%|rgba(43,43,43,0.52) 99%&#8220; background_color_gradient_overlays_image=&#8220;on&#8220; background_image=&#8220;https:\/\/www.camping-airial.com\/\/wp-content\/uploads\/2022\/06\/elizeu-dias-xarhNpLSHTk-unsplash.jpg&#8220; global_colors_info=&#8220;{}&#8220;][et_pb_text _builder_version=&#8220;4.17.6&#8243; _module_preset=&#8220;default&#8220; text_font=&#8220;||||||||&#8220; text_text_color=&#8220;#FFFFFF&#8220; header_2_font=&#8220;|600|||||||&#8220; header_2_text_color=&#8220;#FFFFFF&#8220; width=&#8220;50%&#8220; max_width=&#8220;50%&#8220; module_alignment=&#8220;center&#8220; custom_margin=&#8220;77px|||||&#8220; global_colors_info=&#8220;{}&#8220;]<\/p>\n<h2 class=\"afterline\" style=\"text-align: center\"><span class=\"titre\">Auf Erkundungstour an der C\u00f4te Landaise<\/span><\/h2>\n<p style=\"text-align: center\">Wer Natur und Authentizit\u00e4t liebt, findet in den Landes ein Paradies, das durch eine au\u00dfergew\u00f6hnliche Umgebung besticht.<\/p>\n<p>[\/et_pb_text][et_pb_button button_url=&#8220;@ET-DC@eyJkeW5hbWljIjp0cnVlLCJjb250ZW50IjoicG9zdF9saW5rX3VybF9wYWdlIiwic2V0dGluZ3MiOnsicG9zdF9pZCI6Ijc2In19@&#8220; button_text=&#8220;Mehr zu den Landes&#8220; button_alignment=&#8220;center&#8220; _builder_version=&#8220;4.17.6&#8243; _dynamic_attributes=&#8220;button_url&#8220; _module_preset=&#8220;default&#8220; custom_button=&#8220;on&#8220; button_text_size=&#8220;18px&#8220; button_text_color=&#8220;#FFFFFF&#8220; custom_margin=&#8220;17px||11px|||&#8220; global_colors_info=&#8220;{}&#8220;][\/et_pb_button][et_pb_button button_url=&#8220;@ET-DC@eyJkeW5hbWljIjp0cnVlLCJjb250ZW50IjoicG9zdF9saW5rX3VybF9wYWdlIiwic2V0dGluZ3MiOnsicG9zdF9pZCI6Ijc0In19@&#8220; button_text=&#8220;Mehr zu Soustons&#8220; button_alignment=&#8220;center&#8220; _builder_version=&#8220;4.17.6&#8243; _dynamic_attributes=&#8220;button_url&#8220; _module_preset=&#8220;default&#8220; custom_button=&#8220;on&#8220; button_text_size=&#8220;18px&#8220; button_text_color=&#8220;#FFFFFF&#8220; custom_margin=&#8220;||136px|||&#8220; custom_padding=&#8220;||0px|||&#8220; global_colors_info=&#8220;{}&#8220;][\/et_pb_button][\/et_pb_column][et_pb_column type=&#8220;1_2&#8243; _builder_version=&#8220;4.17.6&#8243; _module_preset=&#8220;default&#8220; background_color=&#8220;#2B2B2B&#8220; global_colors_info=&#8220;{}&#8220;][et_pb_text _builder_version=&#8220;4.17.6&#8243; _module_preset=&#8220;default&#8220; text_font=&#8220;||||||||&#8220; text_text_color=&#8220;#FFFFFF&#8220; header_2_font=&#8220;|600|||||||&#8220; header_2_text_color=&#8220;#FFFFFF&#8220; width=&#8220;95%&#8220; max_width=&#8220;95%&#8220; module_alignment=&#8220;center&#8220; custom_margin=&#8220;77px|||||&#8220; global_colors_info=&#8220;{}&#8220;]<\/p>\n<h2 class=\"afterline\" style=\"text-align: center\"><span class=\"titre\"><span>Entdecken Sie unsere Nachrichten<\/span><br \/><span>und unsere Veranstaltungen<\/span><\/span><\/h2>\n<p style=\"text-align: center\"><span>Besuchen Sie unseren Blog, um immer \u00fcber den Campingplatz und seine Umgebung auf dem Laufenden zu bleiben.<\/span><\/p>\n<p>[\/et_pb_text][et_pb_blog fullwidth=&#8220;off&#8220; posts_number=&#8220;3&#8243; include_categories=&#8220;all&#8220; show_thumbnail=&#8220;off&#8220; use_manual_excerpt=&#8220;off&#8220; excerpt_length=&#8220;50&#8243; show_more=&#8220;on&#8220; show_author=&#8220;off&#8220; show_date=&#8220;off&#8220; show_categories=&#8220;off&#8220; show_pagination=&#8220;off&#8220; use_overlay=&#8220;on&#8220; hover_overlay_color=&#8220;#2B2B2B&#8220; masonry_tile_background_color=&#8220;#2B2B2B&#8220; _builder_version=&#8220;4.17.6&#8243; _module_preset=&#8220;default&#8220; header_font=&#8220;|700|||||||&#8220; header_text_color=&#8220;#FFFFFF&#8220; body_font=&#8220;|300|||||||&#8220; body_text_color=&#8220;#D5D3C7&#8243; body_font_size=&#8220;18px&#8220; body_letter_spacing=&#8220;1px&#8220; meta_text_color=&#8220;#FFFFFF&#8220; read_more_font=&#8220;|700|||||||&#8220; read_more_text_color=&#8220;#C9D408&#8243; width=&#8220;69%&#8220; module_alignment=&#8220;center&#8220; custom_margin=&#8220;11px|||||&#8220; border_width_all=&#8220;0px&#8220; border_width_top=&#8220;1px&#8220; global_colors_info=&#8220;{}&#8220;][\/et_pb_blog][\/et_pb_column][\/et_pb_row][\/et_pb_section]<\/p>\n","protected":false},"excerpt":{"rendered":"<p>KOMFORTEin echter Kokon f\u00fcr Ihren n\u00e4chsten Aufenthalt in Les Landes. Mit allem Komfort f\u00fcr einen Urlaub mit der Familie oder mit Freunden. Tarife und Verf\u00fcgbarkeiten Auf Erkundungstour an der C\u00f4te Landaise Wer Natur und Authentizit\u00e4t liebt, findet in den Landes ein Paradies, das durch eine au\u00dfergew\u00f6hnliche Umgebung besticht.Entdecken Sie unsere Nachrichtenund unsere Veranstaltungen Besuchen Sie [&hellip;]<\/p>\n","protected":false},"author":18,"featured_media":0,"parent":0,"menu_order":0,"comment_status":"closed","ping_status":"closed","template":"","meta":{"_et_pb_use_builder":"on","_et_pb_old_content":"","_et_gb_content_width":"","footnotes":""},"class_list":["post-9896","page","type-page","status-publish","hentry"],"_links":{"self":[{"href":"https:\/\/www.camping-airial.com\/de\/wp-json\/wp\/v2\/pages\/9896","targetHints":{"allow":["GET"]}}],"collection":[{"href":"https:\/\/www.camping-airial.com\/de\/wp-json\/wp\/v2\/pages"}],"about":[{"href":"https:\/\/www.camping-airial.com\/de\/wp-json\/wp\/v2\/types\/page"}],"author":[{"embeddable":true,"href":"https:\/\/www.camping-airial.com\/de\/wp-json\/wp\/v2\/users\/18"}],"replies":[{"embeddable":true,"href":"https:\/\/www.camping-airial.com\/de\/wp-json\/wp\/v2\/comments?post=9896"}],"version-history":[{"count":0,"href":"https:\/\/www.camping-airial.com\/de\/wp-json\/wp\/v2\/pages\/9896\/revisions"}],"wp:attachment":[{"href":"https:\/\/www.camping-airial.com\/de\/wp-json\/wp\/v2\/media?parent=9896"}],"curies":[{"name":"wp","href":"https:\/\/api.w.org\/{rel}","templated":true}]}}