

{"id":4606,"date":"2022-06-22T11:02:02","date_gmt":"2022-06-22T09:02:02","guid":{"rendered":"https:\/\/www.camping-airial.com\/pool-complex\/"},"modified":"2025-12-30T10:32:09","modified_gmt":"2025-12-30T09:32:09","slug":"pool-complex","status":"publish","type":"page","link":"https:\/\/www.camping-airial.com\/en\/pool-complex\/","title":{"rendered":"Pool complex"},"content":{"rendered":"<p>[et_pb_section fb_built=&#8221;1&#8243; _builder_version=&#8221;4.17.4&#8243; _module_preset=&#8221;default&#8221; background_image=&#8221;https:\/\/www.camping-airial.com\/wp-content\/uploads\/2022\/07\/020A4646.jpg&#8221; custom_padding=&#8221;||0px|||&#8221; global_colors_info=&#8221;{}&#8221;][et_pb_row column_structure=&#8221;1_2,1_2&#8243; _builder_version=&#8221;4.17.4&#8243; _module_preset=&#8221;default&#8221; custom_margin=&#8221;-20px|auto||auto||&#8221; custom_padding=&#8221;||23px|||&#8221; global_colors_info=&#8221;{}&#8221;][et_pb_column type=&#8221;1_2&#8243; _builder_version=&#8221;4.17.4&#8243; _module_preset=&#8221;default&#8221; global_colors_info=&#8221;{}&#8221;][\/et_pb_column][et_pb_column type=&#8221;1_2&#8243; _builder_version=&#8221;4.17.4&#8243; _module_preset=&#8221;default&#8221; global_colors_info=&#8221;{}&#8221;][et_pb_text _builder_version=&#8221;4.18.0&#8243; _module_preset=&#8221;default&#8221; text_font=&#8221;|700|||||||&#8221; text_text_color=&#8221;#C0B1AA&#8221; text_font_size=&#8221;20px&#8221; text_letter_spacing=&#8221;1px&#8221; text_line_height=&#8221;1.8em&#8221; header_font=&#8221;|800|||||||&#8221; header_text_color=&#8221;#2B2B2B&#8221; background_color=&#8221;#FFFFFF&#8221; custom_margin=&#8221;306px||-27px|||&#8221; custom_padding=&#8221;34px|30px|34px|40px|true|false&#8221; border_radii=&#8221;off|60px|60px||&#8221; box_shadow_style=&#8221;preset3&#8243; box_shadow_horizontal=&#8221;-3px&#8221; box_shadow_vertical=&#8221;-13px&#8221; global_colors_info=&#8221;{}&#8221;]<\/p>\n<h1>Piscine couverte et chauff\u00e9e<\/h1>\n<p><span><\/span><\/p>\n<p style=\"font-weight: 400;text-align: justify\">Que l&#8217;on ait envie de s&#8217;amuser, de se rafraichir ou de bouquiner sur un transat, la piscine, c&#8217;est le paradis des grands comme des petits !<\/p>\n<p>[\/et_pb_text][\/et_pb_column][\/et_pb_row][\/et_pb_section][et_pb_section fb_built=&#8221;1&#8243; _builder_version=&#8221;4.17.6&#8243; _module_preset=&#8221;default&#8221; custom_padding=&#8221;3px||0px|||&#8221; global_colors_info=&#8221;{}&#8221;][et_pb_row _builder_version=&#8221;4.17.6&#8243; _module_preset=&#8221;default&#8221; custom_padding=&#8221;6px||3px|||&#8221; global_colors_info=&#8221;{}&#8221;][et_pb_column type=&#8221;4_4&#8243; _builder_version=&#8221;4.17.6&#8243; _module_preset=&#8221;default&#8221; global_colors_info=&#8221;{}&#8221;][et_pb_text _builder_version=&#8221;4.17.6&#8243; _module_preset=&#8221;default&#8221; text_font=&#8221;|300|||||||&#8221; text_text_color=&#8221;#C0B1AA&#8221; link_font=&#8221;|300|||||||&#8221; link_text_color=&#8221;#C0B1AA&#8221; global_colors_info=&#8221;{}&#8221;]<\/p>\n<span><span><a href=\"https:\/\/www.camping-airial.com\/en\/welcome\/\">Accueil<\/a><\/span><\/span>\n<p>[\/et_pb_text][\/et_pb_column][\/et_pb_row][\/et_pb_section][et_pb_section fb_built=&#8221;1&#8243; _builder_version=&#8221;4.17.4&#8243; _module_preset=&#8221;default&#8221; custom_padding=&#8221;13px|||||&#8221; global_colors_info=&#8221;{}&#8221;][et_pb_row column_structure=&#8221;1_2,1_2&#8243; _builder_version=&#8221;4.17.4&#8243; _module_preset=&#8221;default&#8221; global_colors_info=&#8221;{}&#8221;][et_pb_column type=&#8221;1_2&#8243; _builder_version=&#8221;4.17.4&#8243; _module_preset=&#8221;default&#8221; global_colors_info=&#8221;{}&#8221;][et_pb_text _builder_version=&#8221;4.17.4&#8243; _module_preset=&#8221;default&#8221; text_font=&#8221;|300|||||||&#8221; text_font_size=&#8221;18px&#8221; text_letter_spacing=&#8221;1px&#8221; text_line_height=&#8221;1.8em&#8221; animation_style=&#8221;fade&#8221; global_colors_info=&#8221;{}&#8221;]<\/p>\n<h2 style=\"font-weight: 400\"><strong>La piscine couverte, un vrai plus pour vos vacances<\/strong><\/h2>\n<p><strong><\/strong><\/p>\n<p style=\"text-align: justify\"><strong>Choisir <a href=\"https:\/\/www.camping-airial.com\/camping-soustons\/\">notre camping \u00e0 Soustons<\/a>, c\u2019est s\u2019assurer d\u2019agr\u00e9ables baignades chaque jour de votre s\u00e9jour.<\/strong> En effet, quelle que soit la m\u00e9t\u00e9o, vous pourrez y profiter de notre <strong>piscine couverte chauff\u00e9e \u00e0 28\u00b0C<\/strong>. Ses larges baies vitr\u00e9es et la for\u00eat environnante vous donneront l\u2019impression de nager en plein-air. Un atout ind\u00e9niable pour un s\u00e9jour les pieds dans l\u2019eau et des vacances en famille r\u00e9ussies ! C&#8217;est aussi un site tr\u00e8s appr\u00e9ci\u00e9 des fans de natation, qui peuvent pratiquer leur sport favori m\u00eame quand il pleut.<\/p>\n<p>[\/et_pb_text][\/et_pb_column][et_pb_column type=&#8221;1_2&#8243; _builder_version=&#8221;4.17.4&#8243; _module_preset=&#8221;default&#8221; global_colors_info=&#8221;{}&#8221;][et_pb_image src=&#8221;https:\/\/www.camping-airial.com\/wp-content\/uploads\/2022\/07\/020A4696.jpg&#8221; title_text=&#8221;020A4696&#8243; _builder_version=&#8221;4.17.4&#8243; _module_preset=&#8221;default&#8221; custom_margin=&#8221;11px|||||&#8221; animation_style=&#8221;slide&#8221; animation_direction=&#8221;right&#8221; border_radii=&#8221;on|80px|80px|80px|80px&#8221; global_colors_info=&#8221;{}&#8221;][\/et_pb_image][\/et_pb_column][\/et_pb_row][et_pb_row _builder_version=&#8221;4.17.4&#8243; _module_preset=&#8221;default&#8221; global_colors_info=&#8221;{}&#8221;][et_pb_column type=&#8221;4_4&#8243; _builder_version=&#8221;4.17.4&#8243; _module_preset=&#8221;default&#8221; global_colors_info=&#8221;{}&#8221;][et_pb_image src=&#8221;https:\/\/www.camping-airial.com\/wp-content\/uploads\/2025\/12\/RECEPTION-PISCINE-HORS-SAISON.png&#8221; title_text=&#8221;RECEPTION &#8211; PISCINE HORS SAISON&#8221; _builder_version=&#8221;4.27.4&#8243; _module_preset=&#8221;default&#8221; hover_enabled=&#8221;0&#8243; global_colors_info=&#8221;{}&#8221; sticky_enabled=&#8221;0&#8243;][\/et_pb_image][\/et_pb_column][\/et_pb_row][\/et_pb_section][et_pb_section fb_built=&#8221;1&#8243; _builder_version=&#8221;4.17.4&#8243; _module_preset=&#8221;default&#8221; background_color=&#8221;#D5D3C7&#8243; background_image=&#8221;https:\/\/www.camping-airial.com\/wp-content\/uploads\/2022\/07\/020A4557.jpg&#8221; background_position=&#8221;bottom_center&#8221; custom_padding=&#8221;288px||249px|||&#8221; animation_style=&#8221;slide&#8221; global_colors_info=&#8221;{}&#8221;][et_pb_row _builder_version=&#8221;4.17.4&#8243; _module_preset=&#8221;default&#8221; min_height=&#8221;306px&#8221; global_colors_info=&#8221;{}&#8221;][et_pb_column type=&#8221;4_4&#8243; _builder_version=&#8221;4.17.4&#8243; _module_preset=&#8221;default&#8221; global_colors_info=&#8221;{}&#8221;][et_pb_text _builder_version=&#8221;4.17.4&#8243; _module_preset=&#8221;default&#8221; text_font=&#8221;|300|||||||&#8221; text_font_size=&#8221;18px&#8221; text_letter_spacing=&#8221;1px&#8221; text_line_height=&#8221;1.8em&#8221; background_color=&#8221;rgba(255,255,255,0.85)&#8221; max_width=&#8221;100%&#8221; module_alignment=&#8221;center&#8221; custom_margin=&#8221;||-27px|||&#8221; custom_padding=&#8221;33px|40px|33px|40px|true|true&#8221; animation_style=&#8221;slide&#8221; border_radii=&#8221;on|80px|80px|80px|80px&#8221; global_colors_info=&#8221;{}&#8221;]<\/p>\n<h2 style=\"font-weight: 400\"><strong>Tous les plaisirs de l\u2019eau<\/strong><\/h2>\n<p style=\"font-weight: 400;text-align: justify\">Notre camping avec piscine couverte vous propose \u00e9galement un <strong>bassin ext\u00e9rieur,<\/strong> anim\u00e9 d\u2019un <strong>toboggan multipistes<\/strong>, pour la plus grande joie des enfants\u2026 et des parents. <strong>Glissades et rires<\/strong> assur\u00e9s\u00a0! Les plus petits passeront quant \u00e0 eux de longs moments dans notre <strong>pataugeoire<\/strong> agr\u00e9ment\u00e9e de plusieurs jets d\u2019eau. Enfin, pas de vacances au camping sans une s\u00e9ance lecture ou farniente confortablement allong\u00e9(e) sur un transat, sous le soleil et berc\u00e9(e) par les rires des vacanciers heureux. Et pour \u00e7a, direction le <strong>solarium\u00a0<\/strong>!<\/p>\n<p>[\/et_pb_text][et_pb_button button_url=&#8221;@ET-DC@eyJkeW5hbWljIjp0cnVlLCJjb250ZW50IjoicG9zdF9saW5rX3VybF9wYWdlIiwic2V0dGluZ3MiOnsicG9zdF9pZCI6IjY0IiwiZW5hYmxlX2h0bWwiOiJvZmYifX0=@&#8221; button_text=&#8221;Book your next stay without delay!&#8221; button_alignment=&#8221;center&#8221; _builder_version=&#8221;4.27.4&#8243; _dynamic_attributes=&#8221;button_url&#8221; _module_preset=&#8221;default&#8221; custom_button=&#8221;on&#8221; button_text_color=&#8221;#8CA681&#8243; button_bg_color=&#8221;#E5F7A3&#8243; button_border_width=&#8221;0px&#8221; button_border_radius=&#8221;100px&#8221; button_use_icon=&#8221;off&#8221; animation_style=&#8221;slide&#8221; animation_direction=&#8221;bottom&#8221; global_colors_info=&#8221;{}&#8221;][\/et_pb_button][\/et_pb_column][\/et_pb_row][\/et_pb_section][et_pb_section fb_built=&#8221;1&#8243; _builder_version=&#8221;4.17.6&#8243; _module_preset=&#8221;default&#8221; background_color=&#8221;#262626&#8243; custom_margin=&#8221;0px|0px|0px|0px|false|true&#8221; custom_padding=&#8221;0px|0px|28px|0px|false|true&#8221; global_colors_info=&#8221;{}&#8221;][et_pb_row _builder_version=&#8221;4.17.6&#8243; _module_preset=&#8221;default&#8221; width=&#8221;95%&#8221; max_width=&#8221;2560px&#8221; module_alignment=&#8221;center&#8221; global_colors_info=&#8221;{}&#8221;][et_pb_column type=&#8221;4_4&#8243; _builder_version=&#8221;4.17.6&#8243; _module_preset=&#8221;default&#8221; global_colors_info=&#8221;{}&#8221;][et_pb_text _builder_version=&#8221;4.17.6&#8243; _module_preset=&#8221;default&#8221; text_text_color=&#8221;#FFFFFF&#8221; header_text_color=&#8221;#FFFFFF&#8221; header_2_text_color=&#8221;#FFFFFF&#8221; header_3_text_color=&#8221;#FFFFFF&#8221; header_4_text_color=&#8221;#FFFFFF&#8221; header_5_text_color=&#8221;#FFFFFF&#8221; header_6_text_color=&#8221;#FFFFFF&#8221; background_color=&#8221;RGBA(255,255,255,0)&#8221; custom_margin=&#8221;-28px|0px|-28px|0px|true|true&#8221; custom_padding=&#8221;0px|0px|0px|0px|true|true&#8221; global_colors_info=&#8221;{}&#8221;][\/et_pb_text][\/et_pb_column][\/et_pb_row][\/et_pb_section][et_pb_section fb_built=&#8221;1&#8243; _builder_version=&#8221;4.17.4&#8243; _module_preset=&#8221;default&#8221; global_colors_info=&#8221;{}&#8221;][et_pb_row column_structure=&#8221;1_2,1_2&#8243; _builder_version=&#8221;4.17.4&#8243; _module_preset=&#8221;default&#8221; custom_padding=&#8221;32px|||||&#8221; global_colors_info=&#8221;{}&#8221;][et_pb_column type=&#8221;1_2&#8243; _builder_version=&#8221;4.17.4&#8243; _module_preset=&#8221;default&#8221; global_colors_info=&#8221;{}&#8221;][et_pb_image src=&#8221;https:\/\/www.camping-airial.com\/wp-content\/uploads\/2022\/07\/020A4362.jpg&#8221; title_text=&#8221;020A4362&#8243; _builder_version=&#8221;4.17.4&#8243; _module_preset=&#8221;default&#8221; custom_margin=&#8221;24px|||||&#8221; animation_style=&#8221;slide&#8221; animation_direction=&#8221;left&#8221; border_radii=&#8221;on|80px|80px|80px|80px&#8221; global_colors_info=&#8221;{}&#8221;][\/et_pb_image][et_pb_image src=&#8221;https:\/\/www.camping-airial.com\/wp-content\/uploads\/2022\/07\/020A4543.jpg&#8221; title_text=&#8221;020A4543&#8243; _builder_version=&#8221;4.17.4&#8243; _module_preset=&#8221;default&#8221; custom_margin=&#8221;-61px|||||&#8221; custom_padding=&#8221;|32px||51px||&#8221; animation_style=&#8221;slide&#8221; animation_direction=&#8221;left&#8221; border_radii=&#8221;on|80px|80px|80px|80px&#8221; global_colors_info=&#8221;{}&#8221;][\/et_pb_image][\/et_pb_column][et_pb_column type=&#8221;1_2&#8243; _builder_version=&#8221;4.17.4&#8243; _module_preset=&#8221;default&#8221; global_colors_info=&#8221;{}&#8221;][et_pb_text _builder_version=&#8221;4.18.0&#8243; _module_preset=&#8221;default&#8221; text_font=&#8221;|300|||||||&#8221; text_font_size=&#8221;18px&#8221; text_letter_spacing=&#8221;1px&#8221; text_line_height=&#8221;1.8em&#8221; custom_margin=&#8221;126px|||||&#8221; animation_style=&#8221;fade&#8221; global_colors_info=&#8221;{}&#8221;]<\/p>\n<h2 style=\"font-weight: 400\"><strong>Nos activit\u00e9s aquatiques<\/strong><\/h2>\n<p><strong><\/strong><\/p>\n<p style=\"text-align: justify\"><strong>Notre piscine s\u2019anime r\u00e9guli\u00e8rement de cours tr\u00e8s conviviaux d&#8217;aquagym et d&#8217;aquabike.<br \/>Parfaits pour faire du sport en s\u2019amusant\u00a0!<\/strong><\/p>\n<p style=\"text-align: justify\">Ces s\u00e9ances ludiques et non traumatisantes sollicitent l\u2019ensemble du corps et, gr\u00e2ce \u00e0 la r\u00e9sistance de l\u2019eau, optimisent la d\u00e9pense \u00e9nerg\u00e9tique. Elles renforcent les muscles, stimulent la respiration, la circulation sanguine, etc.<\/p>\n<p>[\/et_pb_text][\/et_pb_column][\/et_pb_row][\/et_pb_section][et_pb_section fb_built=&#8221;1&#8243; _builder_version=&#8221;4.17.4&#8243; _module_preset=&#8221;default&#8221; background_color=&#8221;rgba(213,211,199,0.14)&#8221; animation_style=&#8221;fade&#8221; global_colors_info=&#8221;{}&#8221;][et_pb_row column_structure=&#8221;1_3,1_3,1_3&#8243; _builder_version=&#8221;4.17.4&#8243; _module_preset=&#8221;default&#8221; global_colors_info=&#8221;{}&#8221;][et_pb_column type=&#8221;1_3&#8243; _builder_version=&#8221;4.17.4&#8243; _module_preset=&#8221;default&#8221; global_colors_info=&#8221;{}&#8221;][et_pb_image src=&#8221;https:\/\/www.camping-airial.com\/wp-content\/uploads\/2022\/07\/020A4700.jpg&#8221; title_text=&#8221;020A4700&#8243; _builder_version=&#8221;4.17.4&#8243; _module_preset=&#8221;default&#8221; global_colors_info=&#8221;{}&#8221;][\/et_pb_image][et_pb_text _builder_version=&#8221;4.17.4&#8243; _module_preset=&#8221;default&#8221; text_font=&#8221;|300|||||||&#8221; text_font_size=&#8221;18px&#8221; text_letter_spacing=&#8221;1px&#8221; text_line_height=&#8221;1.8em&#8221; global_colors_info=&#8221;{}&#8221;]<\/p>\n<h2 style=\"font-weight: 400\"><strong>S\u2019amuser en toute s\u00e9curit\u00e9<\/strong><\/h2>\n<p style=\"text-align: justify\">Parce que vos vacances doivent \u00eatre synonymes de repos et de s\u00e9r\u00e9nit\u00e9, <strong>nos deux bassins sont surveill\u00e9s par des ma\u00eetres-nageurs certifi\u00e9s<\/strong>, dans une sympathique ambiance familiale.<\/p>\n<p>[\/et_pb_text][\/et_pb_column][et_pb_column type=&#8221;1_3&#8243; _builder_version=&#8221;4.17.4&#8243; _module_preset=&#8221;default&#8221; global_colors_info=&#8221;{}&#8221;][et_pb_image src=&#8221;https:\/\/www.camping-airial.com\/wp-content\/uploads\/2022\/07\/020A4380.jpg&#8221; title_text=&#8221;020A4380&#8243; _builder_version=&#8221;4.17.4&#8243; _module_preset=&#8221;default&#8221; global_colors_info=&#8221;{}&#8221;][\/et_pb_image][et_pb_text _builder_version=&#8221;4.17.4&#8243; _module_preset=&#8221;default&#8221; text_font=&#8221;|300|||||||&#8221; text_font_size=&#8221;18px&#8221; text_letter_spacing=&#8221;1px&#8221; text_line_height=&#8221;1.8em&#8221; global_colors_info=&#8221;{}&#8221;]<\/p>\n<h2 style=\"font-weight: 400\"><strong>La piscine pour tous<\/strong><\/h2>\n<p style=\"text-align: justify\">Une <strong>rampe<\/strong> permet aux <strong>personnes \u00e0 mobilit\u00e9 r\u00e9duite<\/strong> de rejoindre le bassin int\u00e9rieur. Enfin, notre \u00e9quipe de MNS est \u00e0 votre service pour toute question ou besoin.<\/p>\n<p>[\/et_pb_text][\/et_pb_column][et_pb_column type=&#8221;1_3&#8243; _builder_version=&#8221;4.17.4&#8243; _module_preset=&#8221;default&#8221; global_colors_info=&#8221;{}&#8221;][et_pb_image src=&#8221;https:\/\/www.camping-airial.com\/wp-content\/uploads\/2022\/07\/020A4651.jpg&#8221; title_text=&#8221;020A4651&#8243; _builder_version=&#8221;4.17.4&#8243; _module_preset=&#8221;default&#8221; global_colors_info=&#8221;{}&#8221;][\/et_pb_image][et_pb_text _builder_version=&#8221;4.17.4&#8243; _module_preset=&#8221;default&#8221; text_font=&#8221;|300|||||||&#8221; text_font_size=&#8221;18px&#8221; text_letter_spacing=&#8221;1px&#8221; text_line_height=&#8221;1.8em&#8221; global_colors_info=&#8221;{}&#8221;]<\/p>\n<h2 style=\"font-weight: 400\"><strong>Save the date\u00a0!<\/strong><\/h2>\n<p style=\"text-align: justify\">Des <strong>nocturnes<\/strong> sont r\u00e9guli\u00e8rement organis\u00e9es au sein de notre espace aquatique. Ne manquez pas ces moments<strong> festifs et insolites<\/strong>, appr\u00e9ci\u00e9s des grands comme des petits\u00a0!<\/p>\n<p>[\/et_pb_text][\/et_pb_column][\/et_pb_row][\/et_pb_section][et_pb_section fb_built=&#8221;1&#8243; inner_shadow=&#8221;on&#8221; _builder_version=&#8221;4.17.4&#8243; _module_preset=&#8221;default&#8221; animation_style=&#8221;slide&#8221; global_colors_info=&#8221;{}&#8221;][et_pb_row _builder_version=&#8221;4.17.4&#8243; _module_preset=&#8221;default&#8221; global_colors_info=&#8221;{}&#8221;][et_pb_column type=&#8221;4_4&#8243; _builder_version=&#8221;4.17.4&#8243; _module_preset=&#8221;default&#8221; global_colors_info=&#8221;{}&#8221;][et_pb_text _builder_version=&#8221;4.17.4&#8243; _module_preset=&#8221;default&#8221; global_colors_info=&#8221;{}&#8221;]<\/p>\n<h2>You may also be interested in&#8230;<\/h2>\n<p>[\/et_pb_text][\/et_pb_column][\/et_pb_row][et_pb_row column_structure=&#8221;1_3,1_3,1_3&#8243; _builder_version=&#8221;4.17.4&#8243; _module_preset=&#8221;default&#8221; global_colors_info=&#8221;{}&#8221;][et_pb_column type=&#8221;1_3&#8243; _builder_version=&#8221;4.17.4&#8243; _module_preset=&#8221;default&#8221; global_colors_info=&#8221;{}&#8221;][et_pb_slider _builder_version=&#8221;4.17.4&#8243; _dynamic_attributes=&#8221;link_option_url&#8221; _module_preset=&#8221;default&#8221; background_color=&#8221;#C0B1AA&#8221; background_image=&#8221;https:\/\/www.camping-airial.com\/wp-content\/uploads\/2022\/07\/020A4885.jpg&#8221; link_option_url=&#8221;@ET-DC@eyJkeW5hbWljIjp0cnVlLCJjb250ZW50IjoicG9zdF9saW5rX3VybF9wYWdlIiwic2V0dGluZ3MiOnsicG9zdF9pZCI6IjQ3IiwiZW5hYmxlX2h0bWwiOiJvZmYifX0=@&#8221; border_radii=&#8221;on|60px|60px|60px|60px&#8221; global_colors_info=&#8221;{}&#8221;][et_pb_slide heading=&#8221;The kids club&#8221; _builder_version=&#8221;4.17.4&#8243; _module_preset=&#8221;default&#8221; global_colors_info=&#8221;{}&#8221; sticky_transition=&#8221;on&#8221;][\/et_pb_slide][\/et_pb_slider][\/et_pb_column][et_pb_column type=&#8221;1_3&#8243; _builder_version=&#8221;4.17.4&#8243; _module_preset=&#8221;default&#8221; global_colors_info=&#8221;{}&#8221;][et_pb_slider _builder_version=&#8221;4.17.4&#8243; _dynamic_attributes=&#8221;link_option_url&#8221; _module_preset=&#8221;default&#8221; background_color=&#8221;#C0B1AA&#8221; background_image=&#8221;https:\/\/www.camping-airial.com\/wp-content\/uploads\/2022\/06\/bruno-emmanuelle-Gi6-m_t_W-E-unsplash.jpg&#8221; link_option_url=&#8221;@ET-DC@eyJkeW5hbWljIjp0cnVlLCJjb250ZW50IjoicG9zdF9saW5rX3VybF9wYWdlIiwic2V0dGluZ3MiOnsicG9zdF9pZCI6IjUyIiwiZW5hYmxlX2h0bWwiOiJvZmYifX0=@&#8221; border_radii=&#8221;on|60px|60px|60px|60px&#8221; global_colors_info=&#8221;{}&#8221;][et_pb_slide heading=&#8221;Activities&#8221; _builder_version=&#8221;4.17.4&#8243; _module_preset=&#8221;default&#8221; global_colors_info=&#8221;{}&#8221; sticky_transition=&#8221;on&#8221;][\/et_pb_slide][\/et_pb_slider][\/et_pb_column][et_pb_column type=&#8221;1_3&#8243; _builder_version=&#8221;4.17.4&#8243; _module_preset=&#8221;default&#8221; global_colors_info=&#8221;{}&#8221;][et_pb_slider _builder_version=&#8221;4.17.4&#8243; _dynamic_attributes=&#8221;link_option_url&#8221; _module_preset=&#8221;default&#8221; background_enable_color=&#8221;off&#8221; background_image=&#8221;https:\/\/www.camping-airial.com\/wp-content\/uploads\/2022\/07\/020A4306.jpg&#8221; link_option_url=&#8221;@ET-DC@eyJkeW5hbWljIjp0cnVlLCJjb250ZW50IjoicG9zdF9saW5rX3VybF9wYWdlIiwic2V0dGluZ3MiOnsicG9zdF9pZCI6IjYwIiwiZW5hYmxlX2h0bWwiOiJvZmYifX0=@&#8221; border_radii=&#8221;on|60px|60px|60px|60px&#8221; global_colors_info=&#8221;{}&#8221;][et_pb_slide heading=&#8221;The wellness facility&#8221; _builder_version=&#8221;4.17.4&#8243; _module_preset=&#8221;default&#8221; background_enable_color=&#8221;off&#8221; global_colors_info=&#8221;{}&#8221; sticky_transition=&#8221;on&#8221;][\/et_pb_slide][\/et_pb_slider][\/et_pb_column][\/et_pb_row][\/et_pb_section]<\/p>\n","protected":false},"excerpt":{"rendered":"<p>Piscine couverte et chauff\u00e9e Que l&#8217;on ait envie de s&#8217;amuser, de se rafraichir ou de bouquiner sur un transat, la piscine, c&#8217;est le paradis des grands comme des petits !<span><span><a href=\"https:\/\/www.camping-airial.com\/en\/welcome\/\">Accueil<\/a><\/span><\/span>La piscine couverte, un vrai plus pour vos vacances Choisir notre camping \u00e0 Soustons, c\u2019est s\u2019assurer d\u2019agr\u00e9ables baignades chaque jour de votre s\u00e9jour. En effet, quelle [&hellip;]<\/p>\n","protected":false},"author":1,"featured_media":0,"parent":0,"menu_order":0,"comment_status":"closed","ping_status":"closed","template":"","meta":{"_et_pb_use_builder":"on","_et_pb_old_content":"","_et_gb_content_width":"","footnotes":""},"class_list":["post-4606","page","type-page","status-publish","hentry"],"_links":{"self":[{"href":"https:\/\/www.camping-airial.com\/en\/wp-json\/wp\/v2\/pages\/4606","targetHints":{"allow":["GET"]}}],"collection":[{"href":"https:\/\/www.camping-airial.com\/en\/wp-json\/wp\/v2\/pages"}],"about":[{"href":"https:\/\/www.camping-airial.com\/en\/wp-json\/wp\/v2\/types\/page"}],"author":[{"embeddable":true,"href":"https:\/\/www.camping-airial.com\/en\/wp-json\/wp\/v2\/users\/1"}],"replies":[{"embeddable":true,"href":"https:\/\/www.camping-airial.com\/en\/wp-json\/wp\/v2\/comments?post=4606"}],"version-history":[{"count":0,"href":"https:\/\/www.camping-airial.com\/en\/wp-json\/wp\/v2\/pages\/4606\/revisions"}],"wp:attachment":[{"href":"https:\/\/www.camping-airial.com\/en\/wp-json\/wp\/v2\/media?parent=4606"}],"curies":[{"name":"wp","href":"https:\/\/api.w.org\/{rel}","templated":true}]}}