

{"id":9490,"date":"2024-03-21T10:53:54","date_gmt":"2024-03-21T09:53:54","guid":{"rendered":"https:\/\/www.camping-airial.com\/our-rentals-2\/"},"modified":"2025-12-30T10:32:09","modified_gmt":"2025-12-30T09:32:09","slug":"our-rentals-2","status":"publish","type":"page","link":"https:\/\/www.camping-airial.com\/en\/our-rentals-2\/","title":{"rendered":"Our rentals"},"content":{"rendered":"<p>[et_pb_section fb_built=&#8221;1&#8243; _builder_version=&#8221;4.24.2&#8243; _module_preset=&#8221;default&#8221; background_image=&#8221;https:\/\/www.camping-airial.com\/wp-content\/uploads\/2023\/07\/IMG_1536-scaled.jpg&#8221; custom_padding=&#8221;||0px|||&#8221; global_colors_info=&#8221;{}&#8221;][et_pb_row column_structure=&#8221;1_2,1_2&#8243; _builder_version=&#8221;4.17.4&#8243; _module_preset=&#8221;default&#8221; custom_margin=&#8221;-20px|auto||auto||&#8221; custom_padding=&#8221;||0px|||&#8221; global_colors_info=&#8221;{}&#8221;][et_pb_column type=&#8221;1_2&#8243; _builder_version=&#8221;4.17.4&#8243; _module_preset=&#8221;default&#8221; global_colors_info=&#8221;{}&#8221;][\/et_pb_column][et_pb_column type=&#8221;1_2&#8243; _builder_version=&#8221;4.17.4&#8243; _module_preset=&#8221;default&#8221; global_colors_info=&#8221;{}&#8221;][et_pb_text _builder_version=&#8221;4.27.4&#8243; _module_preset=&#8221;default&#8221; text_font=&#8221;|700|||||||&#8221; text_text_color=&#8221;#C0B1AA&#8221; text_font_size=&#8221;20px&#8221; text_letter_spacing=&#8221;1px&#8221; text_line_height=&#8221;1em&#8221; header_font=&#8221;|800|||||||&#8221; header_text_color=&#8221;#FFFFFF&#8221; header_line_height=&#8221;1.3em&#8221; background_color=&#8221;gcid-96841d50-148a-46d6-aeef-bbb5e89aff15&#8243; width=&#8221;100%&#8221; max_width=&#8221;66%&#8221; max_width_tablet=&#8221;37%&#8221; max_width_phone=&#8221;75%&#8221; max_width_last_edited=&#8221;on|phone&#8221; module_alignment=&#8221;right&#8221; min_height=&#8221;100px&#8221; height=&#8221;100px&#8221; max_height=&#8221;1000px&#8221; custom_margin=&#8221;306px|||232px||&#8221; custom_padding=&#8221;30px|30px|30px|30px|true|false&#8221; border_radii=&#8221;off|60px|60px||&#8221; box_shadow_style=&#8221;preset3&#8243; box_shadow_horizontal=&#8221;-3px&#8221; box_shadow_vertical=&#8221;-13px&#8221; global_colors_info=&#8221;{%22gcid-96841d50-148a-46d6-aeef-bbb5e89aff15%22:%91%22background_color%22%93}&#8221;]<\/p>\n<h1 style=\"text-align: center\">Our rentals<\/h1>\n<p>[\/et_pb_text][\/et_pb_column][\/et_pb_row][\/et_pb_section][et_pb_section fb_built=&#8221;1&#8243; _builder_version=&#8221;4.27.4&#8243; _module_preset=&#8221;default&#8221; background_color=&#8221;gcid-96841d50-148a-46d6-aeef-bbb5e89aff15&#8243; custom_margin=&#8221;0px|0px|0px|0px|false|true&#8221; custom_padding=&#8221;0px|0px|28px|0px|false|true&#8221; global_colors_info=&#8221;{%22gcid-96841d50-148a-46d6-aeef-bbb5e89aff15%22:%91%22background_color%22%93}&#8221;][et_pb_row _builder_version=&#8221;4.27.4&#8243; _module_preset=&#8221;default&#8221; width=&#8221;95%&#8221; max_width=&#8221;2560px&#8221; module_alignment=&#8221;center&#8221; global_colors_info=&#8221;{}&#8221;][et_pb_column type=&#8221;4_4&#8243; _builder_version=&#8221;4.17.6&#8243; _module_preset=&#8221;default&#8221; global_colors_info=&#8221;{}&#8221;][et_pb_text _builder_version=&#8221;4.27.4&#8243; _module_preset=&#8221;default&#8221; text_text_color=&#8221;#FFFFFF&#8221; header_text_color=&#8221;#FFFFFF&#8221; header_2_text_color=&#8221;#FFFFFF&#8221; header_3_text_color=&#8221;#FFFFFF&#8221; header_4_text_color=&#8221;#FFFFFF&#8221; header_5_text_color=&#8221;#FFFFFF&#8221; header_6_text_color=&#8221;#FFFFFF&#8221; background_color=&#8221;RGBA(255,255,255,0)&#8221; custom_margin=&#8221;-20px|0px|-20px|0px|true|true&#8221; custom_padding=&#8221;0px|0px|0px|0px|true|true&#8221; global_colors_info=&#8221;{}&#8221;]<\/p>\n<p><p>&nbsp;<\/p>\n<p>&nbsp;<\/p>\n<p>[\/et_pb_text][\/et_pb_column][\/et_pb_row][\/et_pb_section][et_pb_section fb_built=&#8221;1&#8243; _builder_version=&#8221;4.19.5&#8243; _module_preset=&#8221;default&#8221; z_index=&#8221;-500&#8243; custom_margin=&#8221;-37px|||||&#8221; global_colors_info=&#8221;{}&#8221;][et_pb_row _builder_version=&#8221;4.27.4&#8243; _module_preset=&#8221;default&#8221; global_colors_info=&#8221;{}&#8221;][et_pb_column type=&#8221;4_4&#8243; _builder_version=&#8221;4.27.4&#8243; _module_preset=&#8221;default&#8221; global_colors_info=&#8221;{}&#8221;][et_pb_text _builder_version=&#8221;4.27.4&#8243; _module_preset=&#8221;default&#8221; text_font=&#8221;&#8211;et_global_heading_font||||||||&#8221; header_font=&#8221;||||||||&#8221; header_2_font=&#8221;|800|||||||&#8221; header_2_text_color=&#8221;gcid-heading-color&#8221; header_2_font_size=&#8221;30px&#8221; header_2_line_height=&#8221;1.8em&#8221; custom_margin=&#8221;15px||||false|false&#8221; hover_enabled=&#8221;0&#8243; global_colors_info=&#8221;{%22gcid-heading-color%22:%91%22header_2_text_color%22%93}&#8221; sticky_enabled=&#8221;0&#8243;]<\/p>\n<h2 style=\"text-align: left\">Trouvez l&#8217;h\u00e9bergement Id\u00e9al \u00e0 Soustons dans les Landes<\/h2>\n<p style=\"text-align: justify\">\n<p style=\"text-align: justify\">Bienvenue dans notre <a href=\"https:\/\/www.camping-airial.com\/camping-soustons\/\"><strong>camping \u00e0 Soustons<\/strong><\/a>, o\u00f9 nous proposons une vari\u00e9t\u00e9 d\u2019h\u00e9bergements adapt\u00e9s \u00e0 toutes vos envies et \u00e0 tous les budgets. Que vous soyez en qu\u00eate de luxe, de confort, d\u2019originalit\u00e9 ou d\u2019un retour \u00e0 la nature, d\u00e9couvrez nos cat\u00e9gories pens\u00e9es pour r\u00e9pondre \u00e0 vos attentes :<\/p>\n<ul style=\"text-align: justify\">\n<li><strong>Premium<\/strong> : Des mobil-homes tout inclus avec Wi-Fi gratuit, draps fournis et lave-vaisselle pour un s\u00e9jour haut de gamme dans un cadre exceptionnel.<\/li>\n<li><strong>Confort<\/strong> : Des h\u00e9bergements chaleureux et bien \u00e9quip\u00e9s, parfaits pour des vacances comme \u00e0 la maison en toute s\u00e9r\u00e9nit\u00e9.<\/li>\n<li><strong>Insolite<\/strong> : Vivez une exp\u00e9rience unique avec des h\u00e9bergements originaux pour des souvenirs inoubliables.<\/li>\n<li><strong>Authentique<\/strong> : Plongez dans la nature des Landes avec des h\u00e9bergements simples et chaleureux, parfaits pour une immersion au c\u0153ur de Soustons.<\/li>\n<\/ul>\n<p style=\"text-align: justify\">Quel que soit votre choix, profitez d\u2019un cadre naturel unique, entre oc\u00e9an, lac et for\u00eat, pour des vacances id\u00e9ales dans les <strong>Landes<\/strong>.<\/p>\n<p>[\/et_pb_text][\/et_pb_column][\/et_pb_row][et_pb_row column_structure=&#8221;1_2,1_2&#8243; _builder_version=&#8221;4.27.4&#8243; _module_preset=&#8221;default&#8221; global_colors_info=&#8221;{}&#8221;][et_pb_column type=&#8221;1_2&#8243; _builder_version=&#8221;4.17.4&#8243; _module_preset=&#8221;default&#8221; global_colors_info=&#8221;{}&#8221;][et_pb_slider _builder_version=&#8221;4.27.4&#8243; _dynamic_attributes=&#8221;link_option_url&#8221; _module_preset=&#8221;default&#8221; header_font=&#8221;||||||||&#8221; header_font_size=&#8221;1px&#8221; header_line_height=&#8221;1.3em&#8221; body_font_size=&#8221;1px&#8221; background_enable_color=&#8221;off&#8221; use_background_color_gradient=&#8221;on&#8221; background_color_gradient_stops=&#8221;rgba(7,10,8,0.66) 0%|rgba(7,10,8,0.66) 100%&#8221; background_color_gradient_overlays_image=&#8221;on&#8221; background_image=&#8221;https:\/\/www.camping-airial.com\/wp-content\/uploads\/2023\/07\/CT-_1_-scaled.jpg&#8221; min_height=&#8221;380px&#8221; link_option_url=&#8221;@ET-DC@eyJkeW5hbWljIjp0cnVlLCJjb250ZW50IjoicG9zdF9saW5rX3VybF9wYWdlIiwic2V0dGluZ3MiOnsicG9zdF9pZCI6IjkyNzUiLCJlbmFibGVfaHRtbCI6Im9mZiJ9fQ==@&#8221; border_radii=&#8221;on|80px|80px|80px|80px&#8221; global_colors_info=&#8221;{}&#8221;][et_pb_slide heading=&#8221;Nos %22PREMIUM%22&#8243; button_text=&#8221;A d\u00e9couvrir&#8221; button_link=&#8221;@ET-DC@eyJkeW5hbWljIjp0cnVlLCJjb250ZW50IjoicG9zdF9saW5rX3VybF9wYWdlIiwic2V0dGluZ3MiOnsicG9zdF9pZCI6IjkyOTMiLCJlbmFibGVfaHRtbCI6Im9mZiJ9fQ==@&#8221; _builder_version=&#8221;4.27.4&#8243; _dynamic_attributes=&#8221;button_link&#8221; _module_preset=&#8221;default&#8221; header_level=&#8221;h2&#8243; header_font=&#8221;|800|||||||&#8221; header_font_size=&#8221;58px&#8221; body_font_size=&#8221;17px&#8221; custom_button=&#8221;on&#8221; button_text_color=&#8221;#FFFFFF&#8221; button_bg_color=&#8221;gcid-secondary-color&#8221; button_border_width=&#8221;0px&#8221; global_colors_info=&#8221;{%22gcid-secondary-color%22:%91%22button_bg_color%22%93}&#8221; sticky_transition=&#8221;on&#8221;][\/et_pb_slide][\/et_pb_slider][\/et_pb_column][et_pb_column type=&#8221;1_2&#8243; _builder_version=&#8221;4.17.4&#8243; _module_preset=&#8221;default&#8221; global_colors_info=&#8221;{}&#8221;][et_pb_text _builder_version=&#8221;4.27.4&#8243; _module_preset=&#8221;default&#8221; text_font=&#8221;&#8211;et_global_heading_font||||||||&#8221; header_2_font=&#8221;|600|||on||||&#8221; header_2_line_height=&#8221;1.8em&#8221; custom_margin=&#8221;15px||||false|false&#8221; global_colors_info=&#8221;{}&#8221;]<\/p>\n<h2>Cat\u00e9gorie PREMIUM :<\/h2>\n<p style=\"text-align: justify\">Optez pour notre cat\u00e9gorie <strong>premium<\/strong> et profitez d\u2019un s\u00e9jour haut de gamme avec un <strong>service tout inclus<\/strong> :<\/p>\n<ul style=\"text-align: justify\">\n<li><strong>Draps et serviettes offerts<\/strong><\/li>\n<li><strong>T\u00e9levision<\/strong><\/li>\n<li><strong>Connexion Wi-Fi priv\u00e9e<\/strong><\/li>\n<li><strong>Lave-vaisselle<\/strong><\/li>\n<\/ul>\n<p style=\"text-align: justify\">Des \u00e9quipements modernes pour un confort optimal.<br \/>Ces mobil-homes sont parfaits pour ceux qui souhaitent allier s\u00e9r\u00e9nit\u00e9 et raffinement au c\u0153ur de Soustons, dans un cadre naturel d\u2019exception.<\/p>\n<p>[\/et_pb_text][\/et_pb_column][\/et_pb_row][et_pb_row column_structure=&#8221;1_2,1_2&#8243; _builder_version=&#8221;4.17.4&#8243; _module_preset=&#8221;default&#8221; global_colors_info=&#8221;{}&#8221;][et_pb_column type=&#8221;1_2&#8243; _builder_version=&#8221;4.17.4&#8243; _module_preset=&#8221;default&#8221; global_colors_info=&#8221;{}&#8221;][et_pb_text _builder_version=&#8221;4.27.4&#8243; _module_preset=&#8221;default&#8221; text_font=&#8221;&#8211;et_global_heading_font||||||||&#8221; header_2_font=&#8221;|600|||on||||&#8221; header_2_line_height=&#8221;1.8em&#8221; custom_margin=&#8221;50px||||false|false&#8221; global_colors_info=&#8221;{}&#8221;]<\/p>\n<h2>Cat\u00e9gorie CONFORT :<\/h2>\n<p style=\"text-align: justify\">Avec nos h\u00e9bergements <strong>Confort<\/strong>, retrouvez toutes les commodit\u00e9s pour des vacances simples et pratiques, comme \u00e0 la maison.<\/p>\n<p style=\"text-align: justify\">Bien \u00e9quip\u00e9s, spacieux et accueillants, ces mobil-homes sont parfaits pour des vacances en famille ou entre amis dans les <strong>Landes<\/strong>.<\/p>\n<p>[\/et_pb_text][\/et_pb_column][et_pb_column type=&#8221;1_2&#8243; _builder_version=&#8221;4.17.4&#8243; _module_preset=&#8221;default&#8221; global_colors_info=&#8221;{}&#8221;][et_pb_slider _builder_version=&#8221;4.27.4&#8243; _module_preset=&#8221;default&#8221; header_line_height=&#8221;1.5em&#8221; background_enable_color=&#8221;off&#8221; use_background_color_gradient=&#8221;on&#8221; background_color_gradient_stops=&#8221;rgba(7,10,8,0.66) 0%|rgba(7,10,8,0.66) 100%&#8221; background_color_gradient_overlays_image=&#8221;on&#8221; background_image=&#8221;https:\/\/www.camping-airial.com\/wp-content\/uploads\/2023\/05\/CosyNewAge2-@OTILAS.jpg&#8221; min_height=&#8221;380px&#8221; border_radii=&#8221;on|80px|80px|80px|80px&#8221; global_colors_info=&#8221;{}&#8221;][et_pb_slide heading=&#8221;Nos %22CONFORT%22&#8243; button_text=&#8221;A D\u00e9couvrir&#8221; button_link=&#8221;@ET-DC@eyJkeW5hbWljIjp0cnVlLCJjb250ZW50IjoicG9zdF9saW5rX3VybF9wYWdlIiwic2V0dGluZ3MiOnsicG9zdF9pZCI6IjkzMDkiLCJlbmFibGVfaHRtbCI6Im9mZiJ9fQ==@&#8221; _builder_version=&#8221;4.27.4&#8243; _dynamic_attributes=&#8221;button_link&#8221; _module_preset=&#8221;default&#8221; header_level=&#8221;h2&#8243; header_font=&#8221;|800|||||||&#8221; header_font_size=&#8221;58px&#8221; body_font_size=&#8221;17px&#8221; custom_button=&#8221;on&#8221; button_text_color=&#8221;#FFFFFF&#8221; button_bg_color=&#8221;gcid-secondary-color&#8221; button_border_width=&#8221;0px&#8221; global_colors_info=&#8221;{%22gcid-secondary-color%22:%91%22button_bg_color%22%93}&#8221; sticky_transition=&#8221;on&#8221;][\/et_pb_slide][\/et_pb_slider][\/et_pb_column][\/et_pb_row][et_pb_row column_structure=&#8221;1_2,1_2&#8243; _builder_version=&#8221;4.17.4&#8243; _module_preset=&#8221;default&#8221; global_colors_info=&#8221;{}&#8221;][et_pb_column type=&#8221;1_2&#8243; _builder_version=&#8221;4.17.4&#8243; _module_preset=&#8221;default&#8221; global_colors_info=&#8221;{}&#8221;][et_pb_slider _builder_version=&#8221;4.27.4&#8243; _module_preset=&#8221;default&#8221; header_line_height=&#8221;1.5em&#8221; background_enable_color=&#8221;off&#8221; use_background_color_gradient=&#8221;on&#8221; background_color_gradient_stops=&#8221;rgba(7,10,8,0.66) 0%|rgba(7,10,8,0.66) 100%&#8221; background_color_gradient_overlays_image=&#8221;on&#8221; background_image=&#8221;https:\/\/www.camping-airial.com\/wp-content\/uploads\/2022\/06\/SafariLodge1-@OTILAS.jpg&#8221; min_height=&#8221;380px&#8221; border_radii=&#8221;on|80px|80px|80px|80px&#8221; global_colors_info=&#8221;{}&#8221;][et_pb_slide heading=&#8221;Nos %22INSOLITE%22&#8243; button_text=&#8221;A D\u00e9couvrir&#8221; button_link=&#8221;@ET-DC@eyJkeW5hbWljIjp0cnVlLCJjb250ZW50IjoicG9zdF9saW5rX3VybF9wYWdlIiwic2V0dGluZ3MiOnsicG9zdF9pZCI6IjkzMDMiLCJlbmFibGVfaHRtbCI6Im9mZiJ9fQ==@&#8221; _builder_version=&#8221;4.27.4&#8243; _dynamic_attributes=&#8221;button_link&#8221; _module_preset=&#8221;default&#8221; header_level=&#8221;h2&#8243; header_font=&#8221;|800|||||||&#8221; header_font_size=&#8221;58px&#8221; body_font_size=&#8221;17px&#8221; custom_button=&#8221;on&#8221; button_text_color=&#8221;#FFFFFF&#8221; button_bg_color=&#8221;gcid-secondary-color&#8221; button_border_width=&#8221;0px&#8221; global_colors_info=&#8221;{%22gcid-secondary-color%22:%91%22button_bg_color%22%93}&#8221; sticky_transition=&#8221;on&#8221;][\/et_pb_slide][\/et_pb_slider][\/et_pb_column][et_pb_column type=&#8221;1_2&#8243; _builder_version=&#8221;4.17.4&#8243; _module_preset=&#8221;default&#8221; global_colors_info=&#8221;{}&#8221;][et_pb_text _builder_version=&#8221;4.27.4&#8243; _module_preset=&#8221;default&#8221; text_font=&#8221;&#8211;et_global_heading_font||||||||&#8221; header_2_font=&#8221;|600|||on||||&#8221; header_2_line_height=&#8221;1.8em&#8221; custom_margin=&#8221;15px||||false|false&#8221; global_colors_info=&#8221;{}&#8221;]<\/p>\n<h2>Cat\u00e9gorie INSOLITE :<\/h2>\n<p style=\"text-align: justify\">Envie d\u2019aventure ? Laissez-vous tenter par nos h\u00e9bergements <strong>insolites<\/strong> pour une exp\u00e9rience originale.<\/p>\n<p style=\"text-align: justify\">Que ce soit une tente, un chalet ou lodge, venez d\u00e9coubrir nos concepts pour des vacances uniques.<\/p>\n<p style=\"text-align: justify\">Plongez dans une ambiance unique, parfaite pour un s\u00e9jour m\u00e9morable \u00e0 Soustons.<\/p>\n<p>[\/et_pb_text][\/et_pb_column][\/et_pb_row][et_pb_row column_structure=&#8221;1_2,1_2&#8243; _builder_version=&#8221;4.17.4&#8243; _module_preset=&#8221;default&#8221; global_colors_info=&#8221;{}&#8221;][et_pb_column type=&#8221;1_2&#8243; _builder_version=&#8221;4.17.4&#8243; _module_preset=&#8221;default&#8221; global_colors_info=&#8221;{}&#8221;][et_pb_text _builder_version=&#8221;4.27.4&#8243; _module_preset=&#8221;default&#8221; text_font=&#8221;&#8211;et_global_heading_font||||||||&#8221; header_2_font=&#8221;|600|||on||||&#8221; header_2_line_height=&#8221;1.8em&#8221; custom_margin=&#8221;15px||||false|false&#8221; global_colors_info=&#8221;{}&#8221;]<\/p>\n<h2>Cat\u00e9gorie AUTHENTIC :<\/h2>\n<p style=\"text-align: justify\">Pour les amoureux de la nature et de la simplicit\u00e9, notre cat\u00e9gorie <strong>Authentique<\/strong> vous offre un v\u00e9ritable retour aux sources.<\/p>\n<p style=\"text-align: justify\">S\u00e9journez dans des h\u00e9bergements pens\u00e9s pour une immersion totale dans l\u2019environnement naturel des Landes, entre for\u00eats de pins et plages de l\u2019Atlantique.<\/p>\n<p>[\/et_pb_text][\/et_pb_column][et_pb_column type=&#8221;1_2&#8243; _builder_version=&#8221;4.17.4&#8243; _module_preset=&#8221;default&#8221; global_colors_info=&#8221;{}&#8221;][et_pb_slider _builder_version=&#8221;4.27.4&#8243; _module_preset=&#8221;default&#8221; background_enable_color=&#8221;off&#8221; use_background_color_gradient=&#8221;on&#8221; background_color_gradient_stops=&#8221;rgba(7,10,8,0.66) 0%|rgba(7,10,8,0.66) 100%&#8221; background_color_gradient_overlays_image=&#8221;on&#8221; background_image=&#8221;https:\/\/www.camping-airial.com\/wp-content\/uploads\/2023\/05\/IMG-20230503-WA0009.jpg&#8221; width=&#8221;100%&#8221; max_width=&#8221;100%&#8221; min_height=&#8221;395px&#8221; border_radii=&#8221;on|80px|80px|80px|80px&#8221; global_colors_info=&#8221;{}&#8221;][et_pb_slide heading=&#8221;Nos %22AUTHENTIC%22&#8243; button_text=&#8221;A D\u00e9couvrir&#8221; button_link=&#8221;@ET-DC@eyJkeW5hbWljIjp0cnVlLCJjb250ZW50IjoicG9zdF9saW5rX3VybF9wYWdlIiwic2V0dGluZ3MiOnsicG9zdF9pZCI6Ijk0MDAiLCJlbmFibGVfaHRtbCI6Im9mZiJ9fQ==@&#8221; _builder_version=&#8221;4.27.4&#8243; _dynamic_attributes=&#8221;button_link&#8221; _module_preset=&#8221;default&#8221; header_level=&#8221;h2&#8243; header_font=&#8221;|800|||||||&#8221; header_font_size=&#8221;58px&#8221; header_letter_spacing=&#8221;0px&#8221; header_line_height=&#8221;1.5em&#8221; body_font_size=&#8221;17px&#8221; body_line_height=&#8221;1.9em&#8221; custom_button=&#8221;on&#8221; button_text_color=&#8221;#FFFFFF&#8221; button_bg_color=&#8221;gcid-secondary-color&#8221; button_border_width=&#8221;0px&#8221; custom_padding=&#8221;40px|20px|40px|20px|false|false&#8221; global_colors_info=&#8221;{%22gcid-secondary-color%22:%91%22button_bg_color%22%93}&#8221; sticky_transition=&#8221;on&#8221;][\/et_pb_slide][\/et_pb_slider][\/et_pb_column][\/et_pb_row][\/et_pb_section][et_pb_section fb_built=&#8221;1&#8243; _builder_version=&#8221;4.27.4&#8243; _module_preset=&#8221;default&#8221; background_color=&#8221;#C0B1AA&#8221; custom_margin=&#8221;44px|||||&#8221; custom_padding=&#8221;0px|||||&#8221; global_colors_info=&#8221;{}&#8221;][et_pb_row _builder_version=&#8221;4.17.6&#8243; _module_preset=&#8221;default&#8221; custom_padding=&#8221;18px|||||&#8221; global_colors_info=&#8221;{}&#8221;][et_pb_column type=&#8221;4_4&#8243; _builder_version=&#8221;4.17.6&#8243; _module_preset=&#8221;default&#8221; global_colors_info=&#8221;{}&#8221;][et_pb_divider color=&#8221;#2B2B2B&#8221; _builder_version=&#8221;4.17.6&#8243; _module_preset=&#8221;default&#8221; max_width=&#8221;100%&#8221; module_alignment=&#8221;center&#8221; global_colors_info=&#8221;{}&#8221;][\/et_pb_divider][et_pb_text _builder_version=&#8221;4.17.6&#8243; _module_preset=&#8221;default&#8221; text_font=&#8221;|300|||||||&#8221; text_font_size=&#8221;18px&#8221; text_letter_spacing=&#8221;1px&#8221; text_line_height=&#8221;1.8em&#8221; width=&#8221;100%&#8221; max_width=&#8221;78%&#8221; custom_margin=&#8221;||25px|||&#8221; custom_padding=&#8221;|||15px|false|false&#8221; global_colors_info=&#8221;{}&#8221;]<\/p>\n<div>\n<h3><span>Tarifs et disponibilit\u00e9s<\/span><\/h3>\n<\/div>\n<p>[\/et_pb_text][et_pb_text _builder_version=&#8221;4.27.4&#8243; _module_preset=&#8221;default&#8221; width=&#8221;100%&#8221; max_width=&#8221;100%&#8221; module_alignment=&#8221;center&#8221; custom_margin=&#8221;|20px|||false|false&#8221; custom_padding=&#8221;|20px|||false|false&#8221; global_colors_info=&#8221;{}&#8221;][\/et_pb_text][\/et_pb_column][\/et_pb_row][\/et_pb_section][et_pb_section fb_built=&#8221;1&#8243; _builder_version=&#8221;4.17.6&#8243; _module_preset=&#8221;default&#8221; custom_padding=&#8221;0px||0px||false|false&#8221; global_colors_info=&#8221;{}&#8221;][et_pb_row column_structure=&#8221;1_2,1_2&#8243; use_custom_gutter=&#8221;on&#8221; gutter_width=&#8221;1&#8243; make_equal=&#8221;on&#8221; _builder_version=&#8221;4.17.6&#8243; _module_preset=&#8221;default&#8221; width=&#8221;100%&#8221; max_width=&#8221;2539px&#8221; custom_margin=&#8221;0px|auto||auto||&#8221; custom_padding=&#8221;0px||0px||false|false&#8221; global_colors_info=&#8221;{}&#8221;][et_pb_column type=&#8221;1_2&#8243; _builder_version=&#8221;4.17.6&#8243; _module_preset=&#8221;default&#8221; use_background_color_gradient=&#8221;on&#8221; background_color_gradient_stops=&#8221;rgba(43,43,43,0.36) 0%|rgba(43,43,43,0.52) 99%&#8221; background_color_gradient_overlays_image=&#8221;on&#8221; background_image=&#8221;https:\/\/www.camping-airial.com\/\/wp-content\/uploads\/2022\/06\/elizeu-dias-xarhNpLSHTk-unsplash.jpg&#8221; global_colors_info=&#8221;{}&#8221;][et_pb_text _builder_version=&#8221;4.17.6&#8243; _module_preset=&#8221;default&#8221; text_font=&#8221;||||||||&#8221; text_text_color=&#8221;#FFFFFF&#8221; header_2_font=&#8221;|600|||||||&#8221; header_2_text_color=&#8221;#FFFFFF&#8221; width=&#8221;50%&#8221; max_width=&#8221;50%&#8221; module_alignment=&#8221;center&#8221; custom_margin=&#8221;77px|||||&#8221; global_colors_info=&#8221;{}&#8221;]<\/p>\n<h2 class=\"afterline\" style=\"text-align: center\"><span class=\"titre\">Exploring the Landes coast<\/span><\/h2>\n<p style=\"text-align: center\">Thanks to its exceptional environment, Landes is a haven of authencity for nature lovers.<\/p>\n<p>[\/et_pb_text][et_pb_button button_url=&#8221;@ET-DC@eyJkeW5hbWljIjp0cnVlLCJjb250ZW50IjoicG9zdF9saW5rX3VybF9wYWdlIiwic2V0dGluZ3MiOnsicG9zdF9pZCI6Ijc2IiwiZW5hYmxlX2h0bWwiOiJvZmYifX0=@&#8221; button_text=&#8221;Exploring Landes&#8221; button_alignment=&#8221;center&#8221; _builder_version=&#8221;4.17.6&#8243; _dynamic_attributes=&#8221;button_url&#8221; _module_preset=&#8221;default&#8221; custom_button=&#8221;on&#8221; button_text_size=&#8221;18px&#8221; button_text_color=&#8221;#FFFFFF&#8221; custom_margin=&#8221;17px||11px|||&#8221; global_colors_info=&#8221;{}&#8221;][\/et_pb_button][et_pb_button button_url=&#8221;@ET-DC@eyJkeW5hbWljIjp0cnVlLCJjb250ZW50IjoicG9zdF9saW5rX3VybF9wYWdlIiwic2V0dGluZ3MiOnsicG9zdF9pZCI6Ijc0IiwiZW5hYmxlX2h0bWwiOiJvZmYifX0=@&#8221; button_text=&#8221;Exploring Soustons&#8221; button_alignment=&#8221;center&#8221; _builder_version=&#8221;4.17.6&#8243; _dynamic_attributes=&#8221;button_url&#8221; _module_preset=&#8221;default&#8221; custom_button=&#8221;on&#8221; button_text_size=&#8221;18px&#8221; button_text_color=&#8221;#FFFFFF&#8221; custom_margin=&#8221;||136px|||&#8221; custom_padding=&#8221;||0px|||&#8221; global_colors_info=&#8221;{}&#8221;][\/et_pb_button][\/et_pb_column][et_pb_column type=&#8221;1_2&#8243; _builder_version=&#8221;4.17.6&#8243; _module_preset=&#8221;default&#8221; background_color=&#8221;#2B2B2B&#8221; global_colors_info=&#8221;{}&#8221;][et_pb_text _builder_version=&#8221;4.17.6&#8243; _module_preset=&#8221;default&#8221; text_font=&#8221;||||||||&#8221; text_text_color=&#8221;#FFFFFF&#8221; header_2_font=&#8221;|600|||||||&#8221; header_2_text_color=&#8221;#FFFFFF&#8221; width=&#8221;95%&#8221; max_width=&#8221;95%&#8221; module_alignment=&#8221;center&#8221; custom_margin=&#8221;77px|||||&#8221; global_colors_info=&#8221;{}&#8221;]<\/p>\n<h2 class=\"afterline\" style=\"text-align: center\"><span class=\"titre\"><span>Check out our latest news<\/span><br \/><span>and upcoming events<\/span><\/span><\/h2>\n<p style=\"text-align: center\"><span>Make sure you don&#8217;t miss out, by consulting our blog to see what&#8217;s happening at the campsite and in the surrounding area.<\/span><\/p>\n<p>[\/et_pb_text][et_pb_blog fullwidth=&#8221;off&#8221; posts_number=&#8221;3&#8243; include_categories=&#8221;all&#8221; show_thumbnail=&#8221;off&#8221; use_manual_excerpt=&#8221;off&#8221; excerpt_length=&#8221;50&#8243; show_more=&#8221;on&#8221; show_author=&#8221;off&#8221; show_date=&#8221;off&#8221; show_categories=&#8221;off&#8221; show_pagination=&#8221;off&#8221; use_overlay=&#8221;on&#8221; hover_overlay_color=&#8221;#2B2B2B&#8221; masonry_tile_background_color=&#8221;#2B2B2B&#8221; _builder_version=&#8221;4.17.6&#8243; _module_preset=&#8221;default&#8221; header_font=&#8221;|700|||||||&#8221; header_text_color=&#8221;#FFFFFF&#8221; body_font=&#8221;|300|||||||&#8221; body_text_color=&#8221;#D5D3C7&#8243; body_font_size=&#8221;18px&#8221; body_letter_spacing=&#8221;1px&#8221; meta_text_color=&#8221;#FFFFFF&#8221; read_more_font=&#8221;|700|||||||&#8221; read_more_text_color=&#8221;#C9D408&#8243; width=&#8221;69%&#8221; module_alignment=&#8221;center&#8221; custom_margin=&#8221;11px|||||&#8221; border_width_all=&#8221;0px&#8221; border_width_top=&#8221;1px&#8221; global_colors_info=&#8221;{}&#8221;][\/et_pb_blog][\/et_pb_column][\/et_pb_row][\/et_pb_section]<\/p>\n","protected":false},"excerpt":{"rendered":"<p>Our rentals &nbsp; &nbsp;Trouvez l&#8217;h\u00e9bergement Id\u00e9al \u00e0 Soustons dans les Landes Bienvenue dans notre camping \u00e0 Soustons, o\u00f9 nous proposons une vari\u00e9t\u00e9 d\u2019h\u00e9bergements adapt\u00e9s \u00e0 toutes vos envies et \u00e0 tous les budgets. Que vous soyez en qu\u00eate de luxe, de confort, d\u2019originalit\u00e9 ou d\u2019un retour \u00e0 la nature, d\u00e9couvrez nos cat\u00e9gories pens\u00e9es pour r\u00e9pondre [&hellip;]<\/p>\n","protected":false},"author":1,"featured_media":0,"parent":0,"menu_order":0,"comment_status":"closed","ping_status":"closed","template":"","meta":{"_et_pb_use_builder":"on","_et_pb_old_content":"","_et_gb_content_width":"","footnotes":""},"class_list":["post-9490","page","type-page","status-publish","hentry"],"_links":{"self":[{"href":"https:\/\/www.camping-airial.com\/en\/wp-json\/wp\/v2\/pages\/9490","targetHints":{"allow":["GET"]}}],"collection":[{"href":"https:\/\/www.camping-airial.com\/en\/wp-json\/wp\/v2\/pages"}],"about":[{"href":"https:\/\/www.camping-airial.com\/en\/wp-json\/wp\/v2\/types\/page"}],"author":[{"embeddable":true,"href":"https:\/\/www.camping-airial.com\/en\/wp-json\/wp\/v2\/users\/1"}],"replies":[{"embeddable":true,"href":"https:\/\/www.camping-airial.com\/en\/wp-json\/wp\/v2\/comments?post=9490"}],"version-history":[{"count":0,"href":"https:\/\/www.camping-airial.com\/en\/wp-json\/wp\/v2\/pages\/9490\/revisions"}],"wp:attachment":[{"href":"https:\/\/www.camping-airial.com\/en\/wp-json\/wp\/v2\/media?parent=9490"}],"curies":[{"name":"wp","href":"https:\/\/api.w.org\/{rel}","templated":true}]}}