

{"id":4173,"date":"2022-06-22T11:03:53","date_gmt":"2022-06-22T09:03:53","guid":{"rendered":"https:\/\/www.camping-airial.com\/blog\/"},"modified":"2023-01-04T18:02:09","modified_gmt":"2023-01-04T17:02:09","slug":"blog","status":"publish","type":"page","link":"https:\/\/www.camping-airial.com\/es\/blog\/","title":{"rendered":"Blog"},"content":{"rendered":"<p>[et_pb_section fb_built=\u00bb1&#8243; _builder_version=\u00bb4.17.6&#8243; _module_preset=\u00bbdefault\u00bb background_image=\u00bbhttps:\/\/www.camping-airial.com\/\/wp-content\/uploads\/2022\/07\/020A5229.jpg\u00bb custom_padding=\u00bb||0px|||\u00bb global_colors_info=\u00bb{}\u00bb][et_pb_row column_structure=\u00bb1_2,1_2&#8243; _builder_version=\u00bb4.17.4&#8243; _module_preset=\u00bbdefault\u00bb custom_margin=\u00bb-20px|auto||auto||\u00bb custom_padding=\u00bb||0px|||\u00bb global_colors_info=\u00bb{}\u00bb][et_pb_column type=\u00bb1_2&#8243; _builder_version=\u00bb4.17.4&#8243; _module_preset=\u00bbdefault\u00bb global_colors_info=\u00bb{}\u00bb][\/et_pb_column][et_pb_column type=\u00bb1_2&#8243; _builder_version=\u00bb4.17.4&#8243; _module_preset=\u00bbdefault\u00bb global_colors_info=\u00bb{}\u00bb][et_pb_text _builder_version=\u00bb4.17.6&#8243; _module_preset=\u00bbdefault\u00bb text_font=\u00bb|300|||||||\u00bb text_text_color=\u00bb#2B2B2B\u00bb text_font_size=\u00bb20px\u00bb text_letter_spacing=\u00bb1px\u00bb text_line_height=\u00bb1.8em\u00bb header_font=\u00bb|800|||||||\u00bb header_text_color=\u00bb#2B2B2B\u00bb background_color=\u00bb#eae6da\u00bb custom_margin=\u00bb306px|||||\u00bb custom_padding=\u00bb30px|30px|30px|30px|true|false\u00bb border_radii=\u00bboff|60px|60px||\u00bb box_shadow_style=\u00bbpreset3&#8243; box_shadow_horizontal=\u00bb-3px\u00bb box_shadow_vertical=\u00bb-13px\u00bb global_colors_info=\u00bb{}\u00bb]<\/p>\n<h1 class=\"afterline\"><span class=\"titre\">\u00a1Descubrid los eventos y las novedades!<\/span><\/h1>\n<p>Save the date! Nuestro blog os informa de todo lo que pasa en el camping**** L\u2019Airial, pero tambi\u00e9n en los alrededores.<\/p>\n<p>[\/et_pb_text][\/et_pb_column][\/et_pb_row][\/et_pb_section][et_pb_section fb_built=\u00bb1&#8243; _builder_version=\u00bb4.17.6&#8243; _module_preset=\u00bbdefault\u00bb background_color=\u00bbrgba(213,211,199,0.56)\u00bb global_colors_info=\u00bb{}\u00bb][et_pb_row _builder_version=\u00bb4.17.6&#8243; _module_preset=\u00bbdefault\u00bb width=\u00bb92%\u00bb max_width=\u00bb1764px\u00bb global_colors_info=\u00bb{}\u00bb][et_pb_column type=\u00bb4_4&#8243; _builder_version=\u00bb4.17.6&#8243; _module_preset=\u00bbdefault\u00bb global_colors_info=\u00bb{}\u00bb][et_pb_blog fullwidth=\u00bboff\u00bb include_categories=\u00bball\u00bb meta_date=\u00bbj M Y\u00bb use_manual_excerpt=\u00bboff\u00bb show_more=\u00bbon\u00bb show_author=\u00bboff\u00bb show_date=\u00bboff\u00bb show_excerpt=\u00bboff\u00bb show_pagination=\u00bboff\u00bb _builder_version=\u00bb4.19.4&#8243; _module_preset=\u00bbdefault\u00bb read_more_font=\u00bb|700|||||||\u00bb read_more_text_color=\u00bb#C9D408&#8243; hover_enabled=\u00bb0&#8243; border_width_all=\u00bb0px\u00bb border_radii_image=\u00bbon|NaNpx|NaNpx|NaNpx|NaNpx\u00bb global_colors_info=\u00bb{}\u00bb sticky_enabled=\u00bb0&#8243;][\/et_pb_blog][\/et_pb_column][\/et_pb_row][\/et_pb_section][et_pb_section fb_built=\u00bb1&#8243; _builder_version=\u00bb4.17.6&#8243; _module_preset=\u00bbdefault\u00bb background_color=\u00bb#8CA681&#8243; custom_margin=\u00bb-16px|||||\u00bb custom_padding=\u00bb40px||40px|||\u00bb global_colors_info=\u00bb{}\u00bb theme_builder_area=\u00bbpost_content\u00bb][et_pb_row _builder_version=\u00bb4.17.4&#8243; _module_preset=\u00bbdefault\u00bb width=\u00bb90%\u00bb max_width=\u00bb1738px\u00bb global_colors_info=\u00bb{}\u00bb theme_builder_area=\u00bbpost_content\u00bb][et_pb_column type=\u00bb4_4&#8243; _builder_version=\u00bb4.17.4&#8243; _module_preset=\u00bbdefault\u00bb global_colors_info=\u00bb{}\u00bb theme_builder_area=\u00bbpost_content\u00bb][et_pb_text _builder_version=\u00bb4.17.6&#8243; _module_preset=\u00bbdefault\u00bb global_colors_info=\u00bb{}\u00bb theme_builder_area=\u00bbpost_content\u00bb]<thr-favorites><\/thr-favorites>[\/et_pb_text][\/et_pb_column][\/et_pb_row][\/et_pb_section][et_pb_section fb_built=\u00bb1&#8243; _builder_version=\u00bb4.17.6&#8243; _module_preset=\u00bbdefault\u00bb custom_padding=\u00bb0px||0px||false|false\u00bb global_colors_info=\u00bb{}\u00bb][et_pb_row column_structure=\u00bb1_2,1_2&#8243; use_custom_gutter=\u00bbon\u00bb gutter_width=\u00bb1&#8243; make_equal=\u00bbon\u00bb _builder_version=\u00bb4.17.6&#8243; _module_preset=\u00bbdefault\u00bb width=\u00bb100%\u00bb max_width=\u00bb2539px\u00bb custom_margin=\u00bb0px|auto||auto||\u00bb custom_padding=\u00bb0px||0px||false|false\u00bb global_colors_info=\u00bb{}\u00bb][et_pb_column type=\u00bb1_2&#8243; _builder_version=\u00bb4.17.6&#8243; _module_preset=\u00bbdefault\u00bb use_background_color_gradient=\u00bbon\u00bb background_color_gradient_stops=\u00bbrgba(43,43,43,0.36) 0%|rgba(43,43,43,0.52) 99%\u00bb background_color_gradient_overlays_image=\u00bbon\u00bb background_image=\u00bbhttps:\/\/www.camping-airial.com\/\/wp-content\/uploads\/2022\/06\/elizeu-dias-xarhNpLSHTk-unsplash.jpg\u00bb global_colors_info=\u00bb{}\u00bb][et_pb_text _builder_version=\u00bb4.17.6&#8243; _module_preset=\u00bbdefault\u00bb text_font=\u00bb||||||||\u00bb text_text_color=\u00bb#FFFFFF\u00bb header_2_font=\u00bb|600|||||||\u00bb header_2_text_color=\u00bb#FFFFFF\u00bb width=\u00bb50%\u00bb max_width=\u00bb50%\u00bb module_alignment=\u00bbcenter\u00bb custom_margin=\u00bb77px|||||\u00bb global_colors_info=\u00bb{}\u00bb]<\/p>\n<h2 class=\"afterline\" style=\"text-align: center;\"><span class=\"titre\">Descubrir la regi\u00f3n<br \/>en la costa landesa<\/span><\/h2>\n<p style=\"text-align: center;\">Las Landas, que cuentan con un entorno excepcional, son un verdadero para\u00edso para los que buscan naturaleza y autenticidad.<\/p>\n<p>[\/et_pb_text][et_pb_button button_url=\u00bb@ET-DC@eyJkeW5hbWljIjp0cnVlLCJjb250ZW50IjoicG9zdF9saW5rX3VybF9wYWdlIiwic2V0dGluZ3MiOnsicG9zdF9pZCI6Ijc2In19@\u00bb button_text=\u00bbDescubrir las Landas\u00bb button_alignment=\u00bbcenter\u00bb _builder_version=\u00bb4.17.6&#8243; _dynamic_attributes=\u00bbbutton_url\u00bb _module_preset=\u00bbdefault\u00bb custom_button=\u00bbon\u00bb button_text_size=\u00bb18px\u00bb button_text_color=\u00bb#FFFFFF\u00bb custom_margin=\u00bb17px||11px|||\u00bb global_colors_info=\u00bb{}\u00bb][\/et_pb_button][et_pb_button button_url=\u00bb@ET-DC@eyJkeW5hbWljIjp0cnVlLCJjb250ZW50IjoicG9zdF9saW5rX3VybF9wYWdlIiwic2V0dGluZ3MiOnsicG9zdF9pZCI6Ijc0In19@\u00bb button_text=\u00bbDescubrir Soustons\u00bb button_alignment=\u00bbcenter\u00bb _builder_version=\u00bb4.17.6&#8243; _dynamic_attributes=\u00bbbutton_url\u00bb _module_preset=\u00bbdefault\u00bb custom_button=\u00bbon\u00bb button_text_size=\u00bb18px\u00bb button_text_color=\u00bb#FFFFFF\u00bb custom_margin=\u00bb||136px|||\u00bb custom_padding=\u00bb||0px|||\u00bb global_colors_info=\u00bb{}\u00bb][\/et_pb_button][\/et_pb_column][et_pb_column type=\u00bb1_2&#8243; _builder_version=\u00bb4.17.6&#8243; _module_preset=\u00bbdefault\u00bb background_color=\u00bb#2B2B2B\u00bb global_colors_info=\u00bb{}\u00bb][et_pb_text _builder_version=\u00bb4.17.6&#8243; _module_preset=\u00bbdefault\u00bb text_font=\u00bb||||||||\u00bb text_text_color=\u00bb#FFFFFF\u00bb header_2_font=\u00bb|600|||||||\u00bb header_2_text_color=\u00bb#FFFFFF\u00bb width=\u00bb50%\u00bb max_width=\u00bb50%\u00bb module_alignment=\u00bbcenter\u00bb custom_margin=\u00bb77px|||||\u00bb global_colors_info=\u00bb{}\u00bb]<\/p>\n<h2 class=\"afterline\" style=\"text-align: center;\"><span class=\"titre\"><span>\u00a1Descubrir nuestras novedades<\/span><br \/><span>y nuestros eventos!<\/span><\/span><\/h2>\n<p style=\"text-align: center;\"><span>\u00a1Descubrir todas nuestras novedades y nuestros eventos y no perderse nada!<\/span><\/p>\n<p>[\/et_pb_text][et_pb_blog fullwidth=\u00bboff\u00bb posts_number=\u00bb3&#8243; include_categories=\u00bball\u00bb show_thumbnail=\u00bboff\u00bb use_manual_excerpt=\u00bboff\u00bb excerpt_length=\u00bb50&#8243; show_more=\u00bbon\u00bb show_author=\u00bboff\u00bb show_date=\u00bboff\u00bb show_categories=\u00bboff\u00bb show_pagination=\u00bboff\u00bb use_overlay=\u00bbon\u00bb hover_overlay_color=\u00bb#2B2B2B\u00bb masonry_tile_background_color=\u00bb#2B2B2B\u00bb _builder_version=\u00bb4.17.6&#8243; _module_preset=\u00bbdefault\u00bb header_font=\u00bb|700|||||||\u00bb header_text_color=\u00bb#FFFFFF\u00bb body_font=\u00bb|300|||||||\u00bb body_text_color=\u00bb#D5D3C7&#8243; body_font_size=\u00bb18px\u00bb body_letter_spacing=\u00bb1px\u00bb meta_text_color=\u00bb#FFFFFF\u00bb read_more_font=\u00bb|700|||||||\u00bb read_more_text_color=\u00bb#C9D408&#8243; width=\u00bb69%\u00bb module_alignment=\u00bbcenter\u00bb custom_margin=\u00bb11px|||||\u00bb border_width_all=\u00bb0px\u00bb border_width_top=\u00bb1px\u00bb global_colors_info=\u00bb{}\u00bb][\/et_pb_blog][\/et_pb_column][\/et_pb_row][\/et_pb_section]<\/p>\n","protected":false},"excerpt":{"rendered":"<p>\u00a1Descubrid los eventos y las novedades! Save the date! Nuestro blog os informa de todo lo que pasa en el camping**** L\u2019Airial, pero tambi\u00e9n en los alrededores.Descubrir la regi\u00f3nen la costa landesa Las Landas, que cuentan con un entorno excepcional, son un verdadero para\u00edso para los que buscan naturaleza y autenticidad.\u00a1Descubrir nuestras novedadesy nuestros eventos! [&hellip;]<\/p>\n","protected":false},"author":1,"featured_media":11569,"parent":0,"menu_order":0,"comment_status":"closed","ping_status":"closed","template":"","meta":{"_et_pb_use_builder":"on","_et_pb_old_content":"","_et_gb_content_width":"","footnotes":""},"class_list":["post-4173","page","type-page","status-publish","has-post-thumbnail","hentry"],"_links":{"self":[{"href":"https:\/\/www.camping-airial.com\/es\/wp-json\/wp\/v2\/pages\/4173","targetHints":{"allow":["GET"]}}],"collection":[{"href":"https:\/\/www.camping-airial.com\/es\/wp-json\/wp\/v2\/pages"}],"about":[{"href":"https:\/\/www.camping-airial.com\/es\/wp-json\/wp\/v2\/types\/page"}],"author":[{"embeddable":true,"href":"https:\/\/www.camping-airial.com\/es\/wp-json\/wp\/v2\/users\/1"}],"replies":[{"embeddable":true,"href":"https:\/\/www.camping-airial.com\/es\/wp-json\/wp\/v2\/comments?post=4173"}],"version-history":[{"count":0,"href":"https:\/\/www.camping-airial.com\/es\/wp-json\/wp\/v2\/pages\/4173\/revisions"}],"wp:featuredmedia":[{"embeddable":true,"href":"https:\/\/www.camping-airial.com\/es\/wp-json\/wp\/v2\/media\/11569"}],"wp:attachment":[{"href":"https:\/\/www.camping-airial.com\/es\/wp-json\/wp\/v2\/media?parent=4173"}],"curies":[{"name":"wp","href":"https:\/\/api.w.org\/{rel}","templated":true}]}}