

{"id":4258,"date":"2022-11-29T15:29:10","date_gmt":"2022-11-29T14:29:10","guid":{"rendered":"https:\/\/www.camping-airial.com\/precio-especial-5-meses\/"},"modified":"2025-03-05T15:46:24","modified_gmt":"2025-03-05T14:46:24","slug":"precio-especial-5-meses","status":"publish","type":"page","link":"https:\/\/www.camping-airial.com\/es\/precio-especial-5-meses\/","title":{"rendered":"Forfait 5 meses \u00ablarga estancia\u00bb"},"content":{"rendered":"<p>[et_pb_section fb_built=\u00bb1&#8243; _builder_version=\u00bb4.19.1&#8243; _module_preset=\u00bbdefault\u00bb background_image=\u00bbhttps:\/\/www.camping-airial.com\/wp-content\/uploads\/2022\/06\/engin-akyurt-l_hnW1Nn_k4-unsplash.jpg\u00bb custom_padding=\u00bb||0px|||\u00bb global_colors_info=\u00bb{}\u00bb][et_pb_row column_structure=\u00bb1_2,1_2&#8243; _builder_version=\u00bb4.17.4&#8243; _module_preset=\u00bbdefault\u00bb custom_margin=\u00bb-20px|auto||auto||\u00bb global_colors_info=\u00bb{}\u00bb][et_pb_column type=\u00bb1_2&#8243; _builder_version=\u00bb4.17.4&#8243; _module_preset=\u00bbdefault\u00bb global_colors_info=\u00bb{}\u00bb][\/et_pb_column][et_pb_column type=\u00bb1_2&#8243; _builder_version=\u00bb4.17.4&#8243; _module_preset=\u00bbdefault\u00bb global_colors_info=\u00bb{}\u00bb][et_pb_text _builder_version=\u00bb4.27.4&#8243; _module_preset=\u00bbdefault\u00bb text_font=\u00bb|700|||||||\u00bb text_text_color=\u00bb#C0B1AA\u00bb text_font_size=\u00bb20px\u00bb text_letter_spacing=\u00bb1px\u00bb text_line_height=\u00bb1.8em\u00bb header_font=\u00bb|800|||||||\u00bb header_text_color=\u00bb#2B2B2B\u00bb background_color=\u00bbgcid-96841d50-148a-46d6-aeef-bbb5e89aff15&#8243; max_width=\u00bb61%\u00bb max_width_tablet=\u00bb45%\u00bb max_width_phone=\u00bb82%\u00bb max_width_last_edited=\u00bbon|phone\u00bb module_alignment=\u00bbright\u00bb custom_margin=\u00bb306px||-29px|57px||\u00bb custom_padding=\u00bb30px|18px|30px|18px|true|true\u00bb border_radii=\u00bboff|60px|60px||\u00bb box_shadow_style=\u00bbpreset3&#8243; box_shadow_horizontal=\u00bb-3px\u00bb box_shadow_vertical=\u00bb-13px\u00bb global_colors_info=\u00bb{%22gcid-96841d50-148a-46d6-aeef-bbb5e89aff15%22:%91%22background_color%22%93}\u00bb]<\/p>\n<h2 style=\"font-weight: 400; text-align: center;\"><strong><span style=\"color: #ffffff;\">Forfait Libertad<\/span><\/strong><\/h2>\n<p>[\/et_pb_text][\/et_pb_column][\/et_pb_row][\/et_pb_section][et_pb_section fb_built=\u00bb1&#8243; _builder_version=\u00bb4.27.4&#8243; _module_preset=\u00bbdefault\u00bb background_color=\u00bbgcid-96841d50-148a-46d6-aeef-bbb5e89aff15&#8243; custom_margin=\u00bb-4px|||||\u00bb custom_padding=\u00bb3px||20px|||\u00bb global_colors_info=\u00bb{%22gcid-96841d50-148a-46d6-aeef-bbb5e89aff15%22:%91%22background_color%22%93}\u00bb][et_pb_row _builder_version=\u00bb4.17.6&#8243; _module_preset=\u00bbdefault\u00bb custom_padding=\u00bb6px||3px|||\u00bb global_colors_info=\u00bb{}\u00bb][et_pb_column type=\u00bb4_4&#8243; _builder_version=\u00bb4.17.6&#8243; _module_preset=\u00bbdefault\u00bb global_colors_info=\u00bb{}\u00bb][et_pb_text _builder_version=\u00bb4.17.6&#8243; _module_preset=\u00bbdefault\u00bb text_font=\u00bb|300|||||||\u00bb text_text_color=\u00bb#C0B1AA\u00bb link_font=\u00bb|300|||||||\u00bb link_text_color=\u00bb#C0B1AA\u00bb global_colors_info=\u00bb{}\u00bb]<\/p>\n<span><span><a href=\"https:\/\/www.camping-airial.com\/es\/bienvenidos\/\">Accueil<\/a><\/span><\/span>\n<p>[\/et_pb_text][\/et_pb_column][\/et_pb_row][\/et_pb_section][et_pb_section fb_built=\u00bb1&#8243; _builder_version=\u00bb4.27.4&#8243; _module_preset=\u00bbdefault\u00bb background_enable_color=\u00bboff\u00bb custom_padding=\u00bb14px||17px|||\u00bb global_colors_info=\u00bb{}\u00bb][et_pb_row column_structure=\u00bb1_2,1_2&#8243; _builder_version=\u00bb4.27.4&#8243; _module_preset=\u00bbdefault\u00bb background_color=\u00bb#FFFFFF\u00bb width=\u00bb100%\u00bb max_width=\u00bb2560px\u00bb custom_margin=\u00bb0px|auto||0px|false|false\u00bb custom_padding=\u00bb||0px|0px|false|false\u00bb global_colors_info=\u00bb{}\u00bb][et_pb_column type=\u00bb1_2&#8243; _builder_version=\u00bb4.17.4&#8243; _module_preset=\u00bbdefault\u00bb global_colors_info=\u00bb{}\u00bb][et_pb_text _builder_version=\u00bb4.27.4&#8243; _module_preset=\u00bbdefault\u00bb text_font=\u00bb&#8211;et_global_heading_font|300|||||||\u00bb text_font_size=\u00bb18px\u00bb text_letter_spacing=\u00bb1px\u00bb text_line_height=\u00bb1.8em\u00bb width=\u00bb100%\u00bb max_width=\u00bb85%\u00bb module_alignment=\u00bbright\u00bb custom_margin=\u00bb|0px|||false|false\u00bb hover_enabled=\u00bb0&#8243; global_colors_info=\u00bb{}\u00bb sticky_enabled=\u00bb0&#8243;]<\/p>\n<h1 style=\"padding-left: 40px; text-align: center;\"><strong style=\"font-size: 35px;\"><span style=\"font-size: x-large;\">\u00bfQUIERES ALQUILAR UN CAMPING EN LAS LANDAS DURANTE VARIOS MESES? <\/span><\/strong><strong style=\"font-size: 35px;\"><span style=\"font-size: x-large;\">?<\/span><\/strong><\/h1>\n<h1 style=\"padding-left: 40px; text-align: center;\"><em><span style=\"font-size: x-large;\">(excepto julio\/agosto)<\/span><\/em><\/h1>\n<h1 style=\"font-weight: 400; text-align: center;\"><strong> <\/strong><span><\/span><\/h1>\n<h3 style=\"text-align: left;\">\u00a1Tenemos la soluci\u00f3n!<\/h3>\n<p><strong><span style=\"font-size: x-large;\">\u2192<\/span> <span style=\"text-decoration: underline;\">Alquiler de una casa m\u00f3vil (o chalet o caba\u00f1a) o de una parcela del 01\/04 al 29\/06 y luego del 30\/08 al 02\/11.<\/span><\/strong><\/p>\n<p><strong><span style=\"text-decoration: underline;\"><\/span><\/strong><\/p>\n<p><strong><span style=\"text-decoration: underline;\"><\/span><\/strong><\/p>\n<p><span style=\"font-size: x-large;\">\u00bfCu\u00e1les son <strong>las ventajas<\/strong>?<\/span><\/p>\n<p style=\"text-align: justify;\">&#8211; Si llegas el 1 de abril o despu\u00e9s, recibir\u00e1s la llave de tu alojamiento y no tendr\u00e1s que volver a visitar la recepci\u00f3n hasta el 29 de junio. Durante el resto de tu estancia, <strong>vendr\u00e1s cuando quieras, como quieras durante el periodo de alquiler. <\/strong><em>(Lo mismo se aplica al 2\u00ba periodo de alquiler).<\/em> <\/p>\n<p style=\"text-align: justify;\">&#8211; Deja en casa lo imprescindible para tus vacaciones<strong> Y haz de este alquiler:<\/strong> <strong>tu casa de vacaciones en Soustons en Les Landes<\/strong><\/p>\n<p style=\"text-align: justify;\">&#8211; No hay obligaci\u00f3n de <strong>limpiar el<\/strong> apartamento. Debe hacerse en el momento de la <strong>entrega de llaves<\/strong> <strong>a la salida<\/strong>. <\/p>\n<p style=\"text-align: justify;\">&#8211; El <strong>paquete incluye agua, electricidad y acceso a las instalaciones del camping.<\/strong> No incluye la tasa tur\u00edstica, que se abona al final de cada periodo (0,86 c\u00e9ntimos por adulto y d\u00eda).<\/p>\n<p>&nbsp;<\/p>\n<p>[\/et_pb_text][\/et_pb_column][et_pb_column type=\u00bb1_2&#8243; _builder_version=\u00bb4.17.4&#8243; _module_preset=\u00bbdefault\u00bb global_colors_info=\u00bb{}\u00bb][et_pb_image src=\u00bbhttps:\/\/www.camping-airial.com\/wp-content\/uploads\/2022\/07\/020A4784.jpg\u00bb alt=\u00bbcami\u00f3n con chica y tabla de surf\u00bb title_text=\u00bbUn cami\u00f3n transformado con una tabla de surf\u00bb _builder_version=\u00bb4.27.4&#8243; _module_preset=\u00bbdefault\u00bb width=\u00bb85%\u00bb height=\u00bb935px\u00bb hover_enabled=\u00bb0&#8243; border_radii=\u00bbon|60px|60px|60px|60px\u00bb global_colors_info=\u00bb{}\u00bb sticky_enabled=\u00bb0&#8243;][\/et_pb_image][\/et_pb_column][\/et_pb_row][et_pb_row _builder_version=\u00bb4.27.4&#8243; _module_preset=\u00bbdefault\u00bb][et_pb_column _builder_version=\u00bb4.27.4&#8243; _module_preset=\u00bbdefault\u00bb type=\u00bb4_4&#8243;][et_pb_image _builder_version=\u00bb4.27.4&#8243; _module_preset=\u00bbdefault\u00bb title_text=\u00bbPaquetes Libertad\u00bb src=\u00bbhttps:\/\/www.camping-airial.com\/wp-content\/uploads\/2025\/02\/Beige-White-Minimalist-Pattern-Page-Border-Document-A4-Landscape-1-1.png\u00bb hover_enabled=\u00bb0&#8243; sticky_enabled=\u00bb0&#8243;][\/et_pb_image][\/et_pb_column][\/et_pb_row][et_pb_row _builder_version=\u00bb4.27.4&#8243; _module_preset=\u00bbdefault\u00bb][et_pb_column _builder_version=\u00bb4.27.4&#8243; _module_preset=\u00bbdefault\u00bb type=\u00bb4_4&#8243;][et_pb_text _builder_version=\u00bb4.27.4&#8243; _module_preset=\u00bbdefault\u00bb text_font=\u00bb&#8211;et_global_heading_font|300|||||||\u00bb text_font_size=\u00bb18px\u00bb text_letter_spacing=\u00bb1px\u00bb background_color=\u00bbgcid-secondary-color\u00bb max_width=\u00bb100%\u00bb module_alignment=\u00bbcenter\u00bb custom_margin=\u00bb-50px||||false|false\u00bb custom_padding=\u00bb20px|34px|20px|34px|true|true\u00bb hover_enabled=\u00bb0&#8243; border_radii=\u00bbon|60px|60px|60px|60px\u00bb global_colors_info=\u00bb{%22gcid-secondary-color%22:%91%22background_color%22%93}\u00bb sticky_enabled=\u00bb0&#8243;]<\/p>\n<div>\n<p style=\"text-align: center;\"><strong><span style=\"color: #ffffff;\">\u00bfQuieres m\u00e1s informaci\u00f3n sobre nuestros paquetes?<\/span><\/strong><\/p>\n<p style=\"text-align: center;\"><strong><span style=\"color: #ffffff;\">  No dudes en ponerte en contacto con nuestros equipos: <a href=\"mailto:contact@camping-airial.com\" style=\"color: #ffffff; text-decoration: underline;\">contact@camping-airial.com<\/a> o +33 5 58 41 12 48<\/span><\/strong><\/p>\n<\/div>\n<p>[\/et_pb_text][\/et_pb_column][\/et_pb_row][\/et_pb_section][et_pb_section fb_built=\u00bb1&#8243; _builder_version=\u00bb4.27.4&#8243; _module_preset=\u00bbdefault\u00bb background_color=\u00bbgcid-0eadbd2f-1c82-4f42-ba3c-d451f20f1b76&#8243; min_height=\u00bb411.8px\u00bb custom_margin=\u00bb-3px|||||\u00bb custom_padding=\u00bb34px||12px|||\u00bb global_colors_info=\u00bb{%22gcid-0eadbd2f-1c82-4f42-ba3c-d451f20f1b76%22:%91%22background_color%22%93}\u00bb][et_pb_row _builder_version=\u00bb4.17.4&#8243; _module_preset=\u00bbdefault\u00bb global_colors_info=\u00bb{}\u00bb][et_pb_column type=\u00bb4_4&#8243; _builder_version=\u00bb4.17.4&#8243; _module_preset=\u00bbdefault\u00bb global_colors_info=\u00bb{}\u00bb][et_pb_text _builder_version=\u00bb4.27.4&#8243; _module_preset=\u00bbdefault\u00bb text_font=\u00bb|300|||||||\u00bb text_font_size=\u00bb18px\u00bb text_letter_spacing=\u00bb1px\u00bb text_line_height=\u00bb1.8em\u00bb hover_enabled=\u00bb0&#8243; global_colors_info=\u00bb{}\u00bb sticky_enabled=\u00bb0&#8243;]<\/p>\n<div>\n<h1 style=\"text-align: center;\"><span class=\"titre\"><span>NUESTRAS OFERTAS<\/span><\/span><span><\/span><\/h1>\n<\/div>\n<p>[\/et_pb_text][\/et_pb_column][\/et_pb_row][et_pb_row column_structure=\u00bb1_2,1_2&#8243; _builder_version=\u00bb4.17.4&#8243; _module_preset=\u00bbdefault\u00bb global_colors_info=\u00bb{}\u00bb min_height=\u00bb264.8px\u00bb][et_pb_column type=\u00bb1_2&#8243; _builder_version=\u00bb4.17.4&#8243; _module_preset=\u00bbdefault\u00bb global_colors_info=\u00bb{}\u00bb][et_pb_text _builder_version=\u00bb4.17.4&#8243; _module_preset=\u00bbdefault\u00bb text_font=\u00bb|300|||||||\u00bb text_font_size=\u00bb18px\u00bb text_letter_spacing=\u00bb1px\u00bb text_line_height=\u00bb1.8em\u00bb custom_padding=\u00bb||0px|||\u00bb hover_enabled=\u00bb0&#8243; global_colors_info=\u00bb{}\u00bb sticky_enabled=\u00bb0&#8243;]<\/p>\n<div>\n<p><strong><u><span>En una casa m\u00f3vil, chal\u00e9 o tienda de campa\u00f1a<br \/><\/span><\/u><\/strong><\/p>\n<\/div>\n<div>\n<p>Disfrute de un chalet, una caba\u00f1a, una casa m\u00f3vil de 2 o 3 dormitorios, un lodge o una tienda de safari en un entorno natural y relajante.<\/p>\n<p><span style=\"text-decoration: underline;\">Periodos: del 01\/04 al 29\/06 y despu\u00e9s del 31\/08 al 02\/11<\/span><\/p>\n<\/div>\n<p>[\/et_pb_text][\/et_pb_column][et_pb_column type=\u00bb1_2&#8243; _builder_version=\u00bb4.17.4&#8243; _module_preset=\u00bbdefault\u00bb global_colors_info=\u00bb{}\u00bb][et_pb_text _builder_version=\u00bb4.19.1&#8243; _module_preset=\u00bbdefault\u00bb text_font=\u00bb|300|||||||\u00bb text_font_size=\u00bb18px\u00bb text_letter_spacing=\u00bb1px\u00bb text_line_height=\u00bb1.8em\u00bb custom_padding=\u00bb||0px|||\u00bb global_colors_info=\u00bb{}\u00bb]<\/p>\n<div>\n<p><strong><u><span>En ubicaci\u00f3n  <\/span><\/u><\/strong><b><u><span><\/span><\/u><\/b><\/p>\n<\/div>\n<div>\n<p>Parcela con electricidad en una zona boscosa natural.<\/p>\n<p>Periodos: del 01\/04 al 29\/06 y luego del 31\/08 al 02\/11<span style=\"font-size: 18px;\">.<\/span><\/p>\n<\/div>\n<p>[\/et_pb_text][\/et_pb_column][\/et_pb_row][et_pb_row _builder_version=\u00bb4.27.4&#8243; _module_preset=\u00bbdefault\u00bb][et_pb_column _builder_version=\u00bb4.27.4&#8243; _module_preset=\u00bbdefault\u00bb type=\u00bb4_4&#8243;][et_pb_image src=\u00bbhttps:\/\/www.camping-airial.com\/wp-content\/uploads\/2024\/07\/premium2.jpg\u00bb alt=\u00bbCasa rural camping l&apos;Airial\u00bb title_text=\u00bbprima2&#8243; align=\u00bbcenter\u00bb _builder_version=\u00bb4.27.4&#8243; _module_preset=\u00bbdefault\u00bb module_alignment=\u00bbcenter\u00bb hover_enabled=\u00bb0&#8243; border_radii=\u00bbon|30px|30px|30px|30px\u00bb global_colors_info=\u00bb{}\u00bb sticky_enabled=\u00bb0&#8243;][\/et_pb_image][\/et_pb_column][\/et_pb_row][\/et_pb_section][et_pb_section fb_built=\u00bb1&#8243; _builder_version=\u00bb4.17.4&#8243; _module_preset=\u00bbdefault\u00bb background_color=\u00bbrgba(213,211,199,0.14)\u00bb global_colors_info=\u00bb{}\u00bb][et_pb_row _builder_version=\u00bb4.17.4&#8243; _module_preset=\u00bbdefault\u00bb global_colors_info=\u00bb{}\u00bb][et_pb_column type=\u00bb4_4&#8243; _builder_version=\u00bb4.17.4&#8243; _module_preset=\u00bbdefault\u00bb global_colors_info=\u00bb{}\u00bb][et_pb_text _builder_version=\u00bb4.17.4&#8243; _module_preset=\u00bbdefault\u00bb text_font=\u00bb|300|||||||\u00bb text_font_size=\u00bb18px\u00bb text_letter_spacing=\u00bb1px\u00bb text_line_height=\u00bb1.8em\u00bb global_colors_info=\u00bb{}\u00bb]<\/p>\n<p style=\"font-weight: 400;\">Reservando una de estas propiedades de alquiler en el bosque de las Landas tambi\u00e9n tendr\u00e1 acceso a nuestro <strong>parque acu\u00e1tico<\/strong> con piscina cubierta climatizada y piscina exterior, piscina infantil, toboganes y juegos acu\u00e1ticos.  <\/p>\n<p style=\"font-weight: 400;\">\n<p style=\"font-weight: 400;\">Nuestro camping familiar, con una situaci\u00f3n ideal bajo los pinos, se encuentra a orillas del <strong>lago de Soustons<\/strong>, del oc\u00e9ano <strong>Atl\u00e1ntico<\/strong> y de sus <strong>playas de arena fina<\/strong>, de carriles bici y de puntos de partida para rutas. Os est\u00e1n esperando numerosas actividades deportivas al aire libre como surf, golf, BTT, etc.<\/p>\n<p>[\/et_pb_text][et_pb_text _builder_version=\u00bb4.17.4&#8243; _module_preset=\u00bbdefault\u00bb text_font=\u00bb|300|||||||\u00bb header_3_letter_spacing=\u00bb1px\u00bb header_3_line_height=\u00bb1.4em\u00bb global_colors_info=\u00bb{}\u00bb]<\/p>\n<h3 style=\"text-align: center\">Alojarse en L\u2019Airial<\/h3>\n<h3 style=\"text-align: center\">es la garant\u00eda de unas vacaciones en las Landas totalmente inolvidables,<\/h3>\n<h3 style=\"text-align: center\">en un entorno de vegetaci\u00f3n y con una marca de tranquilidad.<\/h3>\n<p>[\/et_pb_text][\/et_pb_column][\/et_pb_row][et_pb_row column_structure=\u00bb1_2,1_2&#8243; _builder_version=\u00bb4.17.4&#8243; _module_preset=\u00bbdefault\u00bb global_colors_info=\u00bb{}\u00bb][et_pb_column type=\u00bb1_2&#8243; _builder_version=\u00bb4.17.4&#8243; _module_preset=\u00bbdefault\u00bb global_colors_info=\u00bb{}\u00bb][et_pb_image src=\u00bbhttps:\/\/www.camping-airial.com\/wp-content\/uploads\/2022\/07\/020A5289.jpg\u00bb title_text=\u00bb020A5289&#8243; _builder_version=\u00bb4.17.4&#8243; _module_preset=\u00bbdefault\u00bb global_colors_info=\u00bb{}\u00bb][\/et_pb_image][\/et_pb_column][et_pb_column type=\u00bb1_2&#8243; _builder_version=\u00bb4.17.4&#8243; _module_preset=\u00bbdefault\u00bb global_colors_info=\u00bb{}\u00bb][et_pb_image src=\u00bbhttps:\/\/www.camping-airial.com\/wp-content\/uploads\/2022\/07\/020A4822-1.jpg\u00bb alt=\u00bbLugar de vida camping l&apos;airial\u00bb title_text=\u00bbParcela de caravana\u00bb _builder_version=\u00bb4.19.2&#8243; _module_preset=\u00bbdefault\u00bb global_colors_info=\u00bb{}\u00bb][\/et_pb_image][\/et_pb_column][\/et_pb_row][\/et_pb_section][et_pb_section fb_built=\u00bb1&#8243; _builder_version=\u00bb4.17.6&#8243; _module_preset=\u00bbdefault\u00bb background_color=\u00bb#2B2B2B\u00bb custom_margin=\u00bb-16px|||||\u00bb custom_padding=\u00bb40px||40px|||\u00bb global_colors_info=\u00bb{}\u00bb][et_pb_row _builder_version=\u00bb4.17.4&#8243; _module_preset=\u00bbdefault\u00bb width=\u00bb90%\u00bb max_width=\u00bb1738px\u00bb global_colors_info=\u00bb{}\u00bb][et_pb_column type=\u00bb4_4&#8243; _builder_version=\u00bb4.17.4&#8243; _module_preset=\u00bbdefault\u00bb global_colors_info=\u00bb{}\u00bb][et_pb_text _builder_version=\u00bb4.17.6&#8243; _module_preset=\u00bbdefault\u00bb hover_enabled=\u00bb0&#8243; global_colors_info=\u00bb{}\u00bb sticky_enabled=\u00bb0&#8243;][\/et_pb_text][\/et_pb_column][\/et_pb_row][\/et_pb_section][et_pb_section fb_built=\u00bb1&#8243; inner_shadow=\u00bbon\u00bb _builder_version=\u00bb4.17.4&#8243; _module_preset=\u00bbdefault\u00bb global_colors_info=\u00bb{}\u00bb][et_pb_row _builder_version=\u00bb4.17.4&#8243; _module_preset=\u00bbdefault\u00bb global_colors_info=\u00bb{}\u00bb][et_pb_column type=\u00bb4_4&#8243; _builder_version=\u00bb4.17.4&#8243; _module_preset=\u00bbdefault\u00bb global_colors_info=\u00bb{}\u00bb][et_pb_text _builder_version=\u00bb4.17.4&#8243; _module_preset=\u00bbdefault\u00bb global_colors_info=\u00bb{}\u00bb]<\/p>\n<h2>Tambi\u00e9n para descubrir<\/h2>\n<p>[\/et_pb_text][\/et_pb_column][\/et_pb_row][et_pb_row column_structure=\u00bb1_3,1_3,1_3&#8243; _builder_version=\u00bb4.17.4&#8243; _module_preset=\u00bbdefault\u00bb global_colors_info=\u00bb{}\u00bb][et_pb_column type=\u00bb1_3&#8243; _builder_version=\u00bb4.17.4&#8243; _module_preset=\u00bbdefault\u00bb border_radii=\u00bbon|60px|60px|60px|60px\u00bb global_colors_info=\u00bb{}\u00bb][et_pb_slider _builder_version=\u00bb4.17.6&#8243; _module_preset=\u00bbdefault\u00bb background_color=\u00bb#C0B1AA\u00bb global_colors_info=\u00bb{}\u00bb][et_pb_slide heading=\u00bbEspacio acu\u00e1tico\u00bb button_link=\u00bb@ET-DC@eyJkeW5hbWljIjp0cnVlLCJjb250ZW50IjoicG9zdF9saW5rX3VybF9wYWdlIiwic2V0dGluZ3MiOnsicG9zdF9pZCI6IjcwIn19@\u00bb _builder_version=\u00bb4.17.6&#8243; _dynamic_attributes=\u00bbbutton_link\u00bb _module_preset=\u00bbdefault\u00bb background_enable_color=\u00bboff\u00bb background_image=\u00bbhttps:\/\/www.camping-airial.com\/wp-content\/uploads\/2022\/07\/020A4734.jpg\u00bb background_enable_image=\u00bbon\u00bb global_colors_info=\u00bb{}\u00bb sticky_transition=\u00bbon\u00bb][\/et_pb_slide][\/et_pb_slider][\/et_pb_column][et_pb_column type=\u00bb1_3&#8243; _builder_version=\u00bb4.17.4&#8243; _module_preset=\u00bbdefault\u00bb border_radii=\u00bbon|60px|60px|60px|60px\u00bb global_colors_info=\u00bb{}\u00bb][et_pb_slider _builder_version=\u00bb4.17.6&#8243; _module_preset=\u00bbdefault\u00bb background_enable_color=\u00bboff\u00bb global_colors_info=\u00bb{}\u00bb][et_pb_slide heading=\u00bbLos servicios\u00bb button_link=\u00bb@ET-DC@eyJkeW5hbWljIjp0cnVlLCJjb250ZW50IjoicG9zdF9saW5rX3VybF9wYWdlIiwic2V0dGluZ3MiOnsicG9zdF9pZCI6IjU2In19@\u00bb _builder_version=\u00bb4.17.6&#8243; _dynamic_attributes=\u00bbbutton_link\u00bb _module_preset=\u00bbdefault\u00bb background_image=\u00bbhttps:\/\/www.camping-airial.com\/wp-content\/uploads\/2022\/07\/020A4351.jpg\u00bb background_enable_image=\u00bbon\u00bb global_colors_info=\u00bb{}\u00bb sticky_transition=\u00bbon\u00bb][\/et_pb_slide][\/et_pb_slider][\/et_pb_column][et_pb_column type=\u00bb1_3&#8243; _builder_version=\u00bb4.17.4&#8243; _module_preset=\u00bbdefault\u00bb border_radii=\u00bbon|60px|60px|60px|60px\u00bb global_colors_info=\u00bb{}\u00bb][et_pb_slider _builder_version=\u00bb4.17.6&#8243; _dynamic_attributes=\u00bblink_option_url\u00bb _module_preset=\u00bbdefault\u00bb background_color=\u00bb#C0B1AA\u00bb background_image=\u00bbhttps:\/\/www.camping-airial.com\/wp-content\/uploads\/2022\/07\/020A4306-1.jpg\u00bb link_option_url=\u00bb@ET-DC@eyJkeW5hbWljIjp0cnVlLCJjb250ZW50IjoicG9zdF9saW5rX3VybF9wYWdlIiwic2V0dGluZ3MiOnsicG9zdF9pZCI6IjYwIn19@\u00bb global_colors_info=\u00bb{}\u00bb][et_pb_slide heading=\u00bbEl espacio de bienestar\u00bb _builder_version=\u00bb4.17.4&#8243; _module_preset=\u00bbdefault\u00bb global_colors_info=\u00bb{}\u00bb sticky_transition=\u00bbon\u00bb][\/et_pb_slide][\/et_pb_slider][\/et_pb_column][\/et_pb_row][\/et_pb_section]<\/p>\n","protected":false},"excerpt":{"rendered":"<p>Forfait Libertad<span><span><a href=\"https:\/\/www.camping-airial.com\/es\/bienvenidos\/\">Accueil<\/a><\/span><\/span>\u00bfQUIERES ALQUILAR UN CAMPING EN LAS LANDAS DURANTE VARIOS MESES? ? (excepto julio\/agosto) \u00a1Tenemos la soluci\u00f3n! \u2192 Alquiler de una casa m\u00f3vil (o chalet o caba\u00f1a) o de una parcela del 01\/04 al 29\/06 y luego del 30\/08 al 02\/11. \u00bfCu\u00e1les son las ventajas? &#8211; Si llegas el 1 de abril o despu\u00e9s, recibir\u00e1s [&hellip;]<\/p>\n","protected":false},"author":6,"featured_media":0,"parent":0,"menu_order":0,"comment_status":"closed","ping_status":"closed","template":"","meta":{"_et_pb_use_builder":"on","_et_pb_old_content":"","_et_gb_content_width":"","footnotes":""},"class_list":["post-4258","page","type-page","status-publish","hentry"],"_links":{"self":[{"href":"https:\/\/www.camping-airial.com\/es\/wp-json\/wp\/v2\/pages\/4258","targetHints":{"allow":["GET"]}}],"collection":[{"href":"https:\/\/www.camping-airial.com\/es\/wp-json\/wp\/v2\/pages"}],"about":[{"href":"https:\/\/www.camping-airial.com\/es\/wp-json\/wp\/v2\/types\/page"}],"author":[{"embeddable":true,"href":"https:\/\/www.camping-airial.com\/es\/wp-json\/wp\/v2\/users\/6"}],"replies":[{"embeddable":true,"href":"https:\/\/www.camping-airial.com\/es\/wp-json\/wp\/v2\/comments?post=4258"}],"version-history":[{"count":0,"href":"https:\/\/www.camping-airial.com\/es\/wp-json\/wp\/v2\/pages\/4258\/revisions"}],"wp:attachment":[{"href":"https:\/\/www.camping-airial.com\/es\/wp-json\/wp\/v2\/media?parent=4258"}],"curies":[{"name":"wp","href":"https:\/\/api.w.org\/{rel}","templated":true}]}}