

{"id":4319,"date":"2022-07-21T15:36:28","date_gmt":"2022-07-21T13:36:28","guid":{"rendered":"https:\/\/www.camping-airial.com\/estancia-surf\/"},"modified":"2022-12-04T16:37:56","modified_gmt":"2022-12-04T15:37:56","slug":"estancia-surf","status":"publish","type":"page","link":"https:\/\/www.camping-airial.com\/es\/estancia-surf\/","title":{"rendered":"Estancia surf"},"content":{"rendered":"<p>[et_pb_section fb_built=\u00bb1&#8243; _builder_version=\u00bb4.19.0&#8243; _module_preset=\u00bbdefault\u00bb background_image=\u00bbhttps:\/\/www.camping-airial.com\/wp-content\/uploads\/2022\/06\/elizeu-dias-xarhNpLSHTk-unsplash.jpg\u00bb custom_padding=\u00bb||0px|||\u00bb hover_enabled=\u00bb0&#8243; global_colors_info=\u00bb{}\u00bb title_text=\u00bbelizeu-dias-xarhNpLSHTk-unsplash\u00bb sticky_enabled=\u00bb0&#8243;][et_pb_row column_structure=\u00bb1_2,1_2&#8243; _builder_version=\u00bb4.17.4&#8243; _module_preset=\u00bbdefault\u00bb custom_margin=\u00bb-20px|auto||auto||\u00bb custom_padding=\u00bb||25px|||\u00bb hover_enabled=\u00bb0&#8243; global_colors_info=\u00bb{}\u00bb sticky_enabled=\u00bb0&#8243;][et_pb_column type=\u00bb1_2&#8243; _builder_version=\u00bb4.17.4&#8243; _module_preset=\u00bbdefault\u00bb global_colors_info=\u00bb{}\u00bb][\/et_pb_column][et_pb_column type=\u00bb1_2&#8243; _builder_version=\u00bb4.17.4&#8243; _module_preset=\u00bbdefault\u00bb global_colors_info=\u00bb{}\u00bb][et_pb_text _builder_version=\u00bb4.18.0&#8243; _module_preset=\u00bbdefault\u00bb text_font=\u00bb|700|||||||\u00bb text_text_color=\u00bb#C0B1AA\u00bb text_font_size=\u00bb20px\u00bb text_letter_spacing=\u00bb1px\u00bb text_line_height=\u00bb1.8em\u00bb header_font=\u00bb|800|||||||\u00bb header_text_color=\u00bb#2B2B2B\u00bb background_color=\u00bb#FFFFFF\u00bb max_width=\u00bb53%\u00bb max_width_tablet=\u00bb41%\u00bb max_width_phone=\u00bb80%\u00bb max_width_last_edited=\u00bbon|desktop\u00bb module_alignment=\u00bbright\u00bb custom_margin=\u00bb502px||-29px|-19px||\u00bb custom_padding=\u00bb30px|30px|30px|30px|true|false\u00bb border_radii=\u00bboff|60px|60px||\u00bb box_shadow_style=\u00bbpreset3&#8243; box_shadow_horizontal=\u00bb-3px\u00bb box_shadow_vertical=\u00bb-13px\u00bb global_colors_info=\u00bb{}\u00bb]<\/p>\n<h1>Surf en camping en las Landas<\/h1>\n<h2><\/h2>\n<p>[\/et_pb_text][\/et_pb_column][\/et_pb_row][\/et_pb_section][et_pb_section fb_built=\u00bb1&#8243; _builder_version=\u00bb4.17.6&#8243; _module_preset=\u00bbdefault\u00bb custom_padding=\u00bb3px||0px|||\u00bb global_colors_info=\u00bb{}\u00bb][et_pb_row _builder_version=\u00bb4.17.6&#8243; _module_preset=\u00bbdefault\u00bb custom_padding=\u00bb6px||3px|||\u00bb global_colors_info=\u00bb{}\u00bb][et_pb_column type=\u00bb4_4&#8243; _builder_version=\u00bb4.17.6&#8243; _module_preset=\u00bbdefault\u00bb global_colors_info=\u00bb{}\u00bb][et_pb_text _builder_version=\u00bb4.17.6&#8243; _module_preset=\u00bbdefault\u00bb text_font=\u00bb|300|||||||\u00bb text_text_color=\u00bb#C0B1AA\u00bb link_font=\u00bb|300|||||||\u00bb link_text_color=\u00bb#C0B1AA\u00bb global_colors_info=\u00bb{}\u00bb]<\/p>\n<span><span><a href=\"https:\/\/www.camping-airial.com\/es\/bienvenidos\/\">Accueil<\/a><\/span><\/span>\n<p>[\/et_pb_text][\/et_pb_column][\/et_pb_row][\/et_pb_section][et_pb_section fb_built=\u00bb1&#8243; specialty=\u00bbon\u00bb _builder_version=\u00bb4.17.6&#8243; _module_preset=\u00bbdefault\u00bb background_color=\u00bb#FFFFFF\u00bb global_colors_info=\u00bb{}\u00bb][et_pb_column type=\u00bb1_3&#8243; _builder_version=\u00bb4.16&#8243; custom_padding=\u00bb|||\u00bb global_colors_info=\u00bb{}\u00bb custom_padding__hover=\u00bb|||\u00bb][et_pb_text _builder_version=\u00bb4.17.6&#8243; _module_preset=\u00bbdefault\u00bb text_font=\u00bb|300|||||||\u00bb text_font_size=\u00bb18px\u00bb text_letter_spacing=\u00bb1px\u00bb text_line_height=\u00bb1.8em\u00bb global_colors_info=\u00bb{}\u00bb]<\/p>\n<p>Con amigos o en familia, para un fin de semana o una semana, venid <strong>para descubrir los placeres de deslizarse por las olas m\u00edticas de las playas de las Landas. En surf o bodyboard,<\/strong> aprovechad los consejos de nuestros monitores.<\/p>\n<p><strong>Proponemos diferentes f\u00f3rmulas:<\/strong><\/p>\n<ul>\n<li><strong>Zen:<\/strong> con 1 clase al d\u00eda, para una iniciaci\u00f3n tranquila.<\/li>\n<li><strong>Intensivo:<\/strong> con 2 clases al d\u00eda, para una progresi\u00f3n \u00f3ptima.<\/li>\n<\/ul>\n<p>Y tras la clase, \u00a1qu\u00e9 alegr\u00eda relajarse en nuestro camping, tranquilo y en plena naturaleza!<\/p>\n<p>[\/et_pb_text][et_pb_button button_text=\u00bb\u00bfQuer\u00e9is saber m\u00e1s?\u00bb _builder_version=\u00bb4.17.6&#8243; _module_preset=\u00bbdefault\u00bb global_colors_info=\u00bb{}\u00bb][\/et_pb_button][\/et_pb_column][et_pb_column type=\u00bb2_3&#8243; specialty_columns=\u00bb2&#8243; _builder_version=\u00bb4.16&#8243; custom_padding=\u00bb|||\u00bb global_colors_info=\u00bb{}\u00bb custom_padding__hover=\u00bb|||\u00bb][et_pb_row_inner column_structure=\u00bb1_2,1_2&#8243; _builder_version=\u00bb4.17.6&#8243; _module_preset=\u00bbdefault\u00bb global_colors_info=\u00bb{}\u00bb][et_pb_column_inner type=\u00bb1_2&#8243; saved_specialty_column_type=\u00bb2_3&#8243; _builder_version=\u00bb4.17.6&#8243; _module_preset=\u00bbdefault\u00bb global_colors_info=\u00bb{}\u00bb][et_pb_image src=\u00bbhttps:\/\/www.camping-airial.com\/\/wp-content\/uploads\/2022\/06\/elizeu-dias-xarhNpLSHTk-unsplash.jpg\u00bb title_text=\u00bbelizeu-dias-xarhNpLSHTk-unsplash\u00bb _builder_version=\u00bb4.17.6&#8243; _module_preset=\u00bbdefault\u00bb global_colors_info=\u00bb{}\u00bb][\/et_pb_image][\/et_pb_column_inner][et_pb_column_inner type=\u00bb1_2&#8243; saved_specialty_column_type=\u00bb2_3&#8243; _builder_version=\u00bb4.17.6&#8243; _module_preset=\u00bbdefault\u00bb global_colors_info=\u00bb{}\u00bb][et_pb_image src=\u00bbhttps:\/\/www.camping-airial.com\/wp-content\/uploads\/2022\/07\/Capture-decran-2022-07-20-a-17.07.06.jpg\u00bb title_text=\u00bbCaptura de pantalla 2022-07-20 a las 17.07.06&#8243; _builder_version=\u00bb4.17.6&#8243; _module_preset=\u00bbdefault\u00bb global_colors_info=\u00bb{}\u00bb][\/et_pb_image][\/et_pb_column_inner][\/et_pb_row_inner][et_pb_row_inner _builder_version=\u00bb4.17.6&#8243; _module_preset=\u00bbdefault\u00bb global_colors_info=\u00bb{}\u00bb][et_pb_column_inner saved_specialty_column_type=\u00bb2_3&#8243; _builder_version=\u00bb4.17.6&#8243; _module_preset=\u00bbdefault\u00bb global_colors_info=\u00bb{}\u00bb][et_pb_image src=\u00bbhttps:\/\/www.camping-airial.com\/wp-content\/uploads\/2022\/07\/Capture-decran-2022-07-20-a-17.24.23.jpg\u00bb title_text=\u00bbCaptura de pantalla 2022-07-20 a las 17.24.23&#8243; _builder_version=\u00bb4.17.6&#8243; _module_preset=\u00bbdefault\u00bb global_colors_info=\u00bb{}\u00bb][\/et_pb_image][\/et_pb_column_inner][\/et_pb_row_inner][\/et_pb_column][\/et_pb_section][et_pb_section fb_built=\u00bb1&#8243; _builder_version=\u00bb4.17.6&#8243; _module_preset=\u00bbdefault\u00bb background_color=\u00bb#D5D3C7&#8243; custom_margin=\u00bb-16px|||||\u00bb custom_padding=\u00bb40px||40px|||\u00bb global_colors_info=\u00bb{}\u00bb][et_pb_row _builder_version=\u00bb4.17.4&#8243; _module_preset=\u00bbdefault\u00bb width=\u00bb90%\u00bb max_width=\u00bb1738px\u00bb global_colors_info=\u00bb{}\u00bb][et_pb_column type=\u00bb4_4&#8243; _builder_version=\u00bb4.17.4&#8243; _module_preset=\u00bbdefault\u00bb global_colors_info=\u00bb{}\u00bb][et_pb_text _builder_version=\u00bb4.17.6&#8243; _module_preset=\u00bbdefault\u00bb global_colors_info=\u00bb{}\u00bb]<thr-favorites><\/thr-favorites>[\/et_pb_text][\/et_pb_column][\/et_pb_row][\/et_pb_section][et_pb_section fb_built=\u00bb1&#8243; _builder_version=\u00bb4.17.6&#8243; _module_preset=\u00bbdefault\u00bb custom_padding=\u00bb0px||0px||false|false\u00bb global_colors_info=\u00bb{}\u00bb][et_pb_row column_structure=\u00bb1_2,1_2&#8243; use_custom_gutter=\u00bbon\u00bb gutter_width=\u00bb1&#8243; make_equal=\u00bbon\u00bb _builder_version=\u00bb4.17.6&#8243; _module_preset=\u00bbdefault\u00bb width=\u00bb100%\u00bb max_width=\u00bb2539px\u00bb custom_margin=\u00bb0px|auto||auto||\u00bb custom_padding=\u00bb0px||0px||false|false\u00bb global_colors_info=\u00bb{}\u00bb][et_pb_column type=\u00bb1_2&#8243; _builder_version=\u00bb4.17.6&#8243; _module_preset=\u00bbdefault\u00bb use_background_color_gradient=\u00bbon\u00bb background_color_gradient_stops=\u00bbrgba(43,43,43,0.36) 0%|rgba(43,43,43,0.52) 99%\u00bb background_color_gradient_overlays_image=\u00bbon\u00bb background_image=\u00bbhttps:\/\/www.camping-airial.com\/\/wp-content\/uploads\/2022\/06\/elizeu-dias-xarhNpLSHTk-unsplash.jpg\u00bb global_colors_info=\u00bb{}\u00bb][et_pb_text _builder_version=\u00bb4.17.6&#8243; _module_preset=\u00bbdefault\u00bb text_font=\u00bb||||||||\u00bb text_text_color=\u00bb#FFFFFF\u00bb header_2_font=\u00bb|600|||||||\u00bb header_2_text_color=\u00bb#FFFFFF\u00bb width=\u00bb50%\u00bb max_width=\u00bb50%\u00bb module_alignment=\u00bbcenter\u00bb custom_margin=\u00bb77px|||||\u00bb global_colors_info=\u00bb{}\u00bb]<\/p>\n<h2 class=\"afterline\" style=\"text-align: center;\"><span class=\"titre\">Descubrir la costa landesa<\/span><\/h2>\n<p style=\"text-align: center;\">Las Landas, que cuentan con un entorno excepcional, son un verdadero para\u00edso para los que buscan naturaleza y autenticidad.<\/p>\n<p>[\/et_pb_text][et_pb_button button_url=\u00bb@ET-DC@eyJkeW5hbWljIjp0cnVlLCJjb250ZW50IjoicG9zdF9saW5rX3VybF9wYWdlIiwic2V0dGluZ3MiOnsicG9zdF9pZCI6Ijc2In19@\u00bb button_text=\u00bbDescubrir las Landas\u00bb button_alignment=\u00bbcenter\u00bb _builder_version=\u00bb4.17.6&#8243; _dynamic_attributes=\u00bbbutton_url\u00bb _module_preset=\u00bbdefault\u00bb custom_button=\u00bbon\u00bb button_text_size=\u00bb18px\u00bb button_text_color=\u00bb#FFFFFF\u00bb custom_margin=\u00bb17px||11px|||\u00bb global_colors_info=\u00bb{}\u00bb][\/et_pb_button][et_pb_button button_url=\u00bb@ET-DC@eyJkeW5hbWljIjp0cnVlLCJjb250ZW50IjoicG9zdF9saW5rX3VybF9wYWdlIiwic2V0dGluZ3MiOnsicG9zdF9pZCI6Ijc0In19@\u00bb button_text=\u00bbDescubrir Soustons\u00bb button_alignment=\u00bbcenter\u00bb _builder_version=\u00bb4.17.6&#8243; _dynamic_attributes=\u00bbbutton_url\u00bb _module_preset=\u00bbdefault\u00bb custom_button=\u00bbon\u00bb button_text_size=\u00bb18px\u00bb button_text_color=\u00bb#FFFFFF\u00bb custom_margin=\u00bb||136px|||\u00bb custom_padding=\u00bb||0px|||\u00bb global_colors_info=\u00bb{}\u00bb][\/et_pb_button][\/et_pb_column][et_pb_column type=\u00bb1_2&#8243; _builder_version=\u00bb4.17.6&#8243; _module_preset=\u00bbdefault\u00bb background_color=\u00bb#2B2B2B\u00bb global_colors_info=\u00bb{}\u00bb][et_pb_text _builder_version=\u00bb4.17.6&#8243; _module_preset=\u00bbdefault\u00bb text_font=\u00bb||||||||\u00bb text_text_color=\u00bb#FFFFFF\u00bb header_2_font=\u00bb|600|||||||\u00bb header_2_text_color=\u00bb#FFFFFF\u00bb width=\u00bb100%\u00bb max_width=\u00bb76%\u00bb module_alignment=\u00bbcenter\u00bb custom_margin=\u00bb77px|||||\u00bb global_colors_info=\u00bb{}\u00bb]<\/p>\n<h2 class=\"afterline\" style=\"text-align: center;\"><span class=\"titre\"><span>Nuestras novedades<\/span><br \/><span>y eventos <\/span><\/span><\/h2>\n<p style=\"text-align: center;\"><span>Visitad nuestro blog para no perderos nada de la vida del camping ni de sus alrededores.<\/span><\/p>\n<p>[\/et_pb_text][et_pb_blog fullwidth=\u00bboff\u00bb posts_number=\u00bb3&#8243; include_categories=\u00bball\u00bb show_thumbnail=\u00bboff\u00bb use_manual_excerpt=\u00bboff\u00bb excerpt_length=\u00bb50&#8243; show_more=\u00bbon\u00bb show_author=\u00bboff\u00bb show_date=\u00bboff\u00bb show_categories=\u00bboff\u00bb show_pagination=\u00bboff\u00bb use_overlay=\u00bbon\u00bb hover_overlay_color=\u00bb#2B2B2B\u00bb masonry_tile_background_color=\u00bb#2B2B2B\u00bb _builder_version=\u00bb4.17.6&#8243; _module_preset=\u00bbdefault\u00bb header_font=\u00bb|700|||||||\u00bb header_text_color=\u00bb#FFFFFF\u00bb body_font=\u00bb|300|||||||\u00bb body_text_color=\u00bb#D5D3C7&#8243; body_font_size=\u00bb18px\u00bb body_letter_spacing=\u00bb1px\u00bb meta_text_color=\u00bb#FFFFFF\u00bb read_more_font=\u00bb|700|||||||\u00bb read_more_text_color=\u00bb#C9D408&#8243; width=\u00bb69%\u00bb module_alignment=\u00bbcenter\u00bb custom_margin=\u00bb11px|||||\u00bb border_width_all=\u00bb0px\u00bb border_width_top=\u00bb1px\u00bb global_colors_info=\u00bb{}\u00bb][\/et_pb_blog][\/et_pb_column][\/et_pb_row][\/et_pb_section][et_pb_section fb_built=\u00bb1&#8243; inner_shadow=\u00bbon\u00bb _builder_version=\u00bb4.17.4&#8243; _module_preset=\u00bbdefault\u00bb global_colors_info=\u00bb{}\u00bb][et_pb_row _builder_version=\u00bb4.17.4&#8243; _module_preset=\u00bbdefault\u00bb global_colors_info=\u00bb{}\u00bb][et_pb_column type=\u00bb4_4&#8243; _builder_version=\u00bb4.17.4&#8243; _module_preset=\u00bbdefault\u00bb global_colors_info=\u00bb{}\u00bb][et_pb_text _builder_version=\u00bb4.17.4&#8243; _module_preset=\u00bbdefault\u00bb global_colors_info=\u00bb{}\u00bb]<\/p>\n<h2>Tambi\u00e9n para descubrir<\/h2>\n<p>[\/et_pb_text][\/et_pb_column][\/et_pb_row][et_pb_row column_structure=\u00bb1_3,1_3,1_3&#8243; _builder_version=\u00bb4.17.4&#8243; _module_preset=\u00bbdefault\u00bb global_colors_info=\u00bb{}\u00bb][et_pb_column type=\u00bb1_3&#8243; _builder_version=\u00bb4.17.4&#8243; _module_preset=\u00bbdefault\u00bb global_colors_info=\u00bb{}\u00bb][et_pb_slider _builder_version=\u00bb4.17.6&#8243; _module_preset=\u00bbdefault\u00bb background_color=\u00bb#C0B1AA\u00bb border_radii=\u00bbon|60px|60px|60px|60px\u00bb global_colors_info=\u00bb{}\u00bb][et_pb_slide heading=\u00bbEl camping\u00bb button_link=\u00bb@ET-DC@eyJkeW5hbWljIjp0cnVlLCJjb250ZW50IjoicG9zdF9saW5rX3VybF9wYWdlIiwic2V0dGluZ3MiOnsicG9zdF9pZCI6IjEyODkifX0=@\u00bb _builder_version=\u00bb4.17.6&#8243; _dynamic_attributes=\u00bbbutton_link\u00bb _module_preset=\u00bbdefault\u00bb background_enable_color=\u00bboff\u00bb background_image=\u00bbhttps:\/\/www.camping-airial.com\/\/wp-content\/uploads\/2022\/07\/020A4759.jpg\u00bb background_enable_image=\u00bbon\u00bb global_colors_info=\u00bb{}\u00bb sticky_transition=\u00bbon\u00bb][\/et_pb_slide][\/et_pb_slider][\/et_pb_column][et_pb_column type=\u00bb1_3&#8243; _builder_version=\u00bb4.17.4&#8243; _module_preset=\u00bbdefault\u00bb global_colors_info=\u00bb{}\u00bb][et_pb_slider _builder_version=\u00bb4.17.6&#8243; _module_preset=\u00bbdefault\u00bb background_color=\u00bb#C0B1AA\u00bb border_radii=\u00bbon|60px|60px|60px|60px\u00bb global_colors_info=\u00bb{}\u00bb][et_pb_slide heading=\u00bbAlojamientos\u00bb button_link=\u00bb@ET-DC@eyJkeW5hbWljIjp0cnVlLCJjb250ZW50IjoicG9zdF9saW5rX3VybF9wYWdlIiwic2V0dGluZ3MiOnsicG9zdF9pZCI6IjY0In19@\u00bb _builder_version=\u00bb4.17.6&#8243; _dynamic_attributes=\u00bbbutton_link\u00bb _module_preset=\u00bbdefault\u00bb background_enable_color=\u00bboff\u00bb background_image=\u00bbhttps:\/\/www.camping-airial.com\/\/wp-content\/uploads\/2022\/06\/SafariLodge2-@OTILAS.jpg\u00bb background_enable_image=\u00bbon\u00bb global_colors_info=\u00bb{}\u00bb sticky_transition=\u00bbon\u00bb][\/et_pb_slide][\/et_pb_slider][\/et_pb_column][et_pb_column type=\u00bb1_3&#8243; _builder_version=\u00bb4.17.4&#8243; _module_preset=\u00bbdefault\u00bb global_colors_info=\u00bb{}\u00bb][et_pb_slider _builder_version=\u00bb4.17.6&#8243; _dynamic_attributes=\u00bblink_option_url\u00bb _module_preset=\u00bbdefault\u00bb background_color=\u00bb#C0B1AA\u00bb link_option_url=\u00bb@ET-DC@eyJkeW5hbWljIjp0cnVlLCJjb250ZW50IjoicG9zdF9saW5rX3VybF9wYWdlIiwic2V0dGluZ3MiOnsicG9zdF9pZCI6IjU0In19@\u00bb border_radii=\u00bbon|60px|60px|60px|60px\u00bb global_colors_info=\u00bb{}\u00bb][et_pb_slide heading=\u00bbRestauraci\u00f3n\u00bb _builder_version=\u00bb4.17.6&#8243; _module_preset=\u00bbdefault\u00bb background_enable_color=\u00bboff\u00bb background_image=\u00bbhttps:\/\/www.camping-airial.com\/\/wp-content\/uploads\/2022\/07\/020A5151.jpg\u00bb background_enable_image=\u00bbon\u00bb global_colors_info=\u00bb{}\u00bb sticky_transition=\u00bbon\u00bb][\/et_pb_slide][\/et_pb_slider][\/et_pb_column][\/et_pb_row][\/et_pb_section]<\/p>\n","protected":false},"excerpt":{"rendered":"<p>Surf en camping en las Landas <span><span><a href=\"https:\/\/www.camping-airial.com\/es\/bienvenidos\/\">Accueil<\/a><\/span><\/span>Con amigos o en familia, para un fin de semana o una semana, venid para descubrir los placeres de deslizarse por las olas m\u00edticas de las playas de las Landas. En surf o bodyboard, aprovechad los consejos de nuestros monitores. Proponemos diferentes f\u00f3rmulas: Zen: con 1 clase al d\u00eda, [&hellip;]<\/p>\n","protected":false},"author":1,"featured_media":0,"parent":0,"menu_order":0,"comment_status":"closed","ping_status":"closed","template":"","meta":{"_et_pb_use_builder":"on","_et_pb_old_content":"","_et_gb_content_width":"","footnotes":""},"class_list":["post-4319","page","type-page","status-publish","hentry"],"_links":{"self":[{"href":"https:\/\/www.camping-airial.com\/es\/wp-json\/wp\/v2\/pages\/4319","targetHints":{"allow":["GET"]}}],"collection":[{"href":"https:\/\/www.camping-airial.com\/es\/wp-json\/wp\/v2\/pages"}],"about":[{"href":"https:\/\/www.camping-airial.com\/es\/wp-json\/wp\/v2\/types\/page"}],"author":[{"embeddable":true,"href":"https:\/\/www.camping-airial.com\/es\/wp-json\/wp\/v2\/users\/1"}],"replies":[{"embeddable":true,"href":"https:\/\/www.camping-airial.com\/es\/wp-json\/wp\/v2\/comments?post=4319"}],"version-history":[{"count":0,"href":"https:\/\/www.camping-airial.com\/es\/wp-json\/wp\/v2\/pages\/4319\/revisions"}],"wp:attachment":[{"href":"https:\/\/www.camping-airial.com\/es\/wp-json\/wp\/v2\/media?parent=4319"}],"curies":[{"name":"wp","href":"https:\/\/api.w.org\/{rel}","templated":true}]}}