

{"id":4452,"date":"2022-07-20T12:59:45","date_gmt":"2022-07-20T10:59:45","guid":{"rendered":"https:\/\/www.camping-airial.com\/gtc\/"},"modified":"2023-07-22T08:48:09","modified_gmt":"2023-07-22T06:48:09","slug":"gtc","status":"publish","type":"page","link":"https:\/\/www.camping-airial.com\/es\/gtc\/","title":{"rendered":"GTC"},"content":{"rendered":"<p>[et_pb_section fb_built=\u00bb1&#8243; _builder_version=\u00bb4.17.6&#8243; _module_preset=\u00bbdefault\u00bb global_colors_info=\u00bb{}\u00bb][et_pb_row _builder_version=\u00bb4.17.6&#8243; _module_preset=\u00bbdefault\u00bb global_colors_info=\u00bb{}\u00bb][et_pb_column type=\u00bb4_4&#8243; _builder_version=\u00bb4.17.6&#8243; _module_preset=\u00bbdefault\u00bb global_colors_info=\u00bb{}\u00bb][et_pb_text _builder_version=\u00bb4.17.6&#8243; _module_preset=\u00bbdefault\u00bb global_colors_info=\u00bb{}\u00bb]<\/p>\n<h1 style=\"font-weight: 400; text-align: center;\">Condiciones generales de venta<\/h1>\n<p style=\"font-weight: 400;\">\n<h3 style=\"font-weight: 400;\"><span style=\"text-decoration: underline;\"><strong>Reserva<\/strong><\/span><\/h3>\n<p style=\"font-weight: 400;\">La reserva s\u00f3lo ser\u00e1 efectiva con nuestro acuerdo y tras la recepci\u00f3n del contrato firmado acompa\u00f1ado de los gastos de reserva para una estancia en un camping, o del dep\u00f3sito para un alojamiento de alquiler. Todas las reservas son nominativas y no pueden transferirse en ning\u00fan caso. Se le pedir\u00e1 el n\u00famero definitivo de personas a inscribir, as\u00ed como sus nombres y fechas de nacimiento. Si la reserva es aceptada, ser\u00e1 para todas las personas inscritas en el contrato y no podr\u00e1n ser sustituidas por un tercero (salvo acuerdo previo por escrito del camping). El incumplimiento de esta cl\u00e1usula podr\u00e1 dar lugar a la anulaci\u00f3n del contrato de reserva. Le recordamos que una parcela\/alojamiento destinado a un determinado numbe\u0155 de ocupantes no puede ser habitado por un n\u00famero mayor de personas. El gestor rechazar\u00e1 a cualquier persona que supere\u0300 la capacidad prevista. Los ni\u00f1os, incluso los m\u00e1s peque\u00f1os, se consideran personas por derecho propio.<\/p>\n<p style=\"font-weight: 400;\">Las parcelas\/alojamientos se asignan aleatoriamente, seg\u00fan la informaci\u00f3n que figura en el contrato de alquiler. Si al inscribirse nos indica un deseo (lugar, exposici\u00f3n, etc.), haremos todo lo posible por satisfacerlo dentro de los l\u00edmites de nuestra disponibilidad, pero este servicio adicional no constituye una garant\u00eda contractual. El incumplimiento de una solicitud no ser\u00e1 en ning\u00fan caso motivo de anulaci\u00f3n ni pretexto para solicitar un reembolso o una indemnizaci\u00f3n. Los menores pueden alojarse con sus padres o tutores si van acompa\u00f1ados de un adulto y tienen autorizaci\u00f3n paterna y una fotocopia del carn\u00e9 de identidad de su tutor legal. Todos los clientes est\u00e1n obligados a cumplir las disposiciones del reglamento interno, del que declaran haber tomado nota.<\/p>\n<h3 style=\"font-weight: 400;\"><span style=\"text-decoration: underline;\"><strong>Llegada\/Salida<\/strong><\/span><\/h3>\n<p style=\"font-weight: 400;\">Es responsabilidad de cada cliente comprobar los detalles de la estancia reservada (tipo, fechas de estancia, servicios adicionales). Desde el momento en que se acepta su solicitud de estancia, el pago de la fianza implica la aceptaci\u00f3n del reglamento interno y de las condiciones generales de venta del camping.<\/p>\n<p style=\"font-weight: 400;\">Cualquier prolongaci\u00f3n de la estancia s\u00f3lo podr\u00e1 hacerse previo acuerdo y se cobrar\u00e1 seg\u00fan la tarifa vigente. Para todos los cambios en las fechas de estancia, no se puede garantizar la misma ubicaci\u00f3n\/alojamiento.<\/p>\n<p style=\"font-weight: 400;\">A la llegada, no se reembolsar\u00e1 ninguna estancia reservada, pagada y facturada. La parcela\/alojamiento reservados se mantendr\u00e1n durante 24 horas a partir de la fecha de llegada. Transcurrido este plazo, nos desharemos de \u00e9l. No se aplicar\u00e1 ning\u00fan descuento por llegada tard\u00eda o salida anticipada. En caso de no presentarse, se retendr\u00e1 el dep\u00f3sito y el importe de la reserva. No se efectuar\u00e1n reembolsos. Las llegadas y salidas deben efectuarse durante el horario de apertura de la Recepci\u00f3n. En caso de llegada o salida fuera de estos horarios, es responsabilidad del cliente informarse de los horarios y d\u00edas de apertura de la Recepci\u00f3n e informar a la persona encargada.<\/p>\n<p style=\"font-weight: 400;\"><strong>Dep\u00f3sito<\/strong><\/p>\n<p style=\"font-weight: 400;\">Para todas las estancias, deber\u00e1 depositarse en Recepci\u00f3n a la llegada un dep\u00f3sito de 20\u20ac para la tarjeta de acceso de veh\u00edculos. Este dep\u00f3sito se cobrar\u00e1 mediante tarjeta de cr\u00e9dito (VISA o EUROCARD\/MASTERCARD). La huella dactilar se borrar\u00e1 cuando se devuelva la tarjeta de acceso al final de la estancia.<\/p>\n<p style=\"font-weight: 400;\">Plazo de retractaci\u00f3n: En virtud del art\u00edculo L.121-20-4 del C\u00f3digo de Consumo franc\u00e9s, todos los servicios ofrecidos en nuestro sitio web no est\u00e1n sujetos al derecho de retractaci\u00f3n previsto en L.121-20 y siguientes del C\u00f3digo de Consumo. Por consiguiente, los servicios de alojamiento y ocio solicitados en los sitios web est\u00e1n sujetos exclusivamente a las condiciones de anulaci\u00f3n que figuran a continuaci\u00f3n. Cancelaci\u00f3n: En caso de cancelaci\u00f3n menos de 60 d\u00edas antes del inicio de la estancia, el camping se quedar\u00e1 con el dep\u00f3sito y los gastos de reserva. Si una salida anticipada se debe a un caso de fuerza mayor, se puede dirigir una solicitud de reembolso por escrito y motivada (con presentaci\u00f3n de pruebas) a la direcci\u00f3n del camping Airial. La solicitud de reembolso se estudiar\u00e1 en un plazo de 2 meses. <\/p>\n<p style=\"font-weight: 400;\">\n<p><strong>Seguro de anulaci\u00f3n :<\/strong><\/p>\n<p><span style=\"font-family: inherit; font-weight: normal;\">Puede contratar un seguro de anulaci\u00f3n a trav\u00e9s de Campez couvert <\/span>.<span style=\"font-family: inherit; font-weight: normal;\">Este seguro debe contratarse en el momento de efectuar la reserva. <\/span><span style=\"font-family: inherit; font-weight: normal;\">Puede consultar las condiciones del seguro de anulaci\u00f3n haciendo clic en el siguiente enlace: Condiciones <a href=\"http:\/\/www.campinglepredeslaveuses.com\/usermedia\/document-fr-637769076876077045-1006.pdf\">generales del seguro<\/a>.<\/span><\/p>\n<p style=\"font-weight: 400;\">\n<p style=\"font-weight: 400;\">\n<p style=\"font-weight: 400;\"><strong>Reclamaci\u00f3n<\/strong><\/p>\n<p style=\"font-weight: 400;\">Cualquier queja debe comunicarse durante la estancia al recepcionista o al director para resolver el problema lo antes posible. Si el problema no puede resolverse in situ, el cliente puede presentar una reclamaci\u00f3n. Deber\u00e1 enviar una carta certificada con acuse de recibo detallando su queja en un plazo m\u00e1ximo de 48 horas tras su partida. Transcurrido este plazo, no se tendr\u00e1 en cuenta ninguna reclamaci\u00f3n. A continuaci\u00f3n, se propondr\u00e1 una alternativa. El cliente dispondr\u00e1 entonces de 72 horas para aceptar esta propuesta. En caso de renuncia, o si no se da curso al canje de notas en el plazo establecido, no est\u00e1 previsto el reembolso de las cantidades abonadas.<\/p>\n<p style=\"font-weight: 400;\"><strong>Seguros  <\/strong> <\/p>\n<p style=\"font-weight: 400;\">Los clientes deben contratar un seguro de responsabilidad civil. En caso de p\u00e9rdida, robo, deterioro de efectos personales o da\u00f1os debidos a fuerza mayor (tormenta, inundaci\u00f3n, ca\u00edda de \u00e1rboles&#8230;), la responsabilidad del camping l&#8217;Airial no podr\u00e1 ser comprometida. Le aconsejamos que se ponga en contacto con su compa\u00f1\u00eda de seguros para obtener una ampliaci\u00f3n de sus garant\u00edas personales (seguro de vacaciones) en caso necesario.<\/p>\n<p style=\"font-weight: 400;\"><strong>Derechos de imagen  <\/strong><\/p>\n<p style=\"font-weight: 400;\">Durante su estancia, podr\u00e1 ser fotografiado o filmado en nuestras instalaciones. Podemos utilizar estas fotos o pel\u00edculas con fines comerciales o publicitarios, a menos que usted notifique por escrito a Recepci\u00f3n a su llegada que se opone a esta pr\u00e1ctica.<\/p>\n<p>[\/et_pb_text][\/et_pb_column][\/et_pb_row][\/et_pb_section]<\/p>\n","protected":false},"excerpt":{"rendered":"<p>Condiciones generales de venta Reserva La reserva s\u00f3lo ser\u00e1 efectiva con nuestro acuerdo y tras la recepci\u00f3n del contrato firmado acompa\u00f1ado de los gastos de reserva para una estancia en un camping, o del dep\u00f3sito para un alojamiento de alquiler. Todas las reservas son nominativas y no pueden transferirse en ning\u00fan caso. Se le pedir\u00e1 [&hellip;]<\/p>\n","protected":false},"author":1,"featured_media":0,"parent":0,"menu_order":0,"comment_status":"closed","ping_status":"closed","template":"","meta":{"_et_pb_use_builder":"on","_et_pb_old_content":"","_et_gb_content_width":"","footnotes":""},"class_list":["post-4452","page","type-page","status-publish","hentry"],"_links":{"self":[{"href":"https:\/\/www.camping-airial.com\/es\/wp-json\/wp\/v2\/pages\/4452","targetHints":{"allow":["GET"]}}],"collection":[{"href":"https:\/\/www.camping-airial.com\/es\/wp-json\/wp\/v2\/pages"}],"about":[{"href":"https:\/\/www.camping-airial.com\/es\/wp-json\/wp\/v2\/types\/page"}],"author":[{"embeddable":true,"href":"https:\/\/www.camping-airial.com\/es\/wp-json\/wp\/v2\/users\/1"}],"replies":[{"embeddable":true,"href":"https:\/\/www.camping-airial.com\/es\/wp-json\/wp\/v2\/comments?post=4452"}],"version-history":[{"count":0,"href":"https:\/\/www.camping-airial.com\/es\/wp-json\/wp\/v2\/pages\/4452\/revisions"}],"wp:attachment":[{"href":"https:\/\/www.camping-airial.com\/es\/wp-json\/wp\/v2\/media?parent=4452"}],"curies":[{"name":"wp","href":"https:\/\/api.w.org\/{rel}","templated":true}]}}