

{"id":9433,"date":"2024-03-21T10:53:54","date_gmt":"2024-03-21T09:53:54","guid":{"rendered":"https:\/\/www.camping-airial.com\/nuestros-alojamientos-de-alquiler-2\/"},"modified":"2025-12-30T10:36:56","modified_gmt":"2025-12-30T09:36:56","slug":"nuestros-alojamientos-de-alquiler-2","status":"publish","type":"page","link":"https:\/\/www.camping-airial.com\/es\/nuestros-alojamientos-de-alquiler-2\/","title":{"rendered":"Nuestros alojamientos de alquiler"},"content":{"rendered":"<p>[et_pb_section fb_built=\u00bb1&#8243; _builder_version=\u00bb4.24.2&#8243; _module_preset=\u00bbdefault\u00bb background_image=\u00bbhttps:\/\/www.camping-airial.com\/wp-content\/uploads\/2023\/07\/IMG_1536-scaled.jpg\u00bb custom_padding=\u00bb||0px|||\u00bb global_colors_info=\u00bb{}\u00bb][et_pb_row column_structure=\u00bb1_2,1_2&#8243; _builder_version=\u00bb4.17.4&#8243; _module_preset=\u00bbdefault\u00bb custom_margin=\u00bb-20px|auto||auto||\u00bb custom_padding=\u00bb||0px|||\u00bb global_colors_info=\u00bb{}\u00bb][et_pb_column type=\u00bb1_2&#8243; _builder_version=\u00bb4.17.4&#8243; _module_preset=\u00bbdefault\u00bb global_colors_info=\u00bb{}\u00bb][\/et_pb_column][et_pb_column type=\u00bb1_2&#8243; _builder_version=\u00bb4.17.4&#8243; _module_preset=\u00bbdefault\u00bb global_colors_info=\u00bb{}\u00bb][et_pb_text _builder_version=\u00bb4.27.4&#8243; _module_preset=\u00bbdefault\u00bb text_font=\u00bb|700|||||||\u00bb text_text_color=\u00bb#C0B1AA\u00bb text_font_size=\u00bb20px\u00bb text_letter_spacing=\u00bb1px\u00bb text_line_height=\u00bb1em\u00bb header_font=\u00bb|800|||||||\u00bb header_text_color=\u00bb#FFFFFF\u00bb header_line_height=\u00bb1.3em\u00bb background_color=\u00bbgcid-96841d50-148a-46d6-aeef-bbb5e89aff15&#8243; width=\u00bb100%\u00bb max_width=\u00bb66%\u00bb max_width_tablet=\u00bb37%\u00bb max_width_phone=\u00bb75%\u00bb max_width_last_edited=\u00bbon|phone\u00bb module_alignment=\u00bbright\u00bb min_height=\u00bb100px\u00bb height=\u00bb100px\u00bb max_height=\u00bb1000px\u00bb custom_margin=\u00bb306px|||232px||\u00bb custom_padding=\u00bb30px|30px|30px|30px|true|false\u00bb border_radii=\u00bboff|60px|60px||\u00bb box_shadow_style=\u00bbpreset3&#8243; box_shadow_horizontal=\u00bb-3px\u00bb box_shadow_vertical=\u00bb-13px\u00bb global_colors_info=\u00bb{%22gcid-96841d50-148a-46d6-aeef-bbb5e89aff15%22:%91%22background_color%22%93}\u00bb]<\/p>\n<h1 style=\"text-align: center;\">Nuestros alojamientos de alquiler<\/h1>\n<p>[\/et_pb_text][\/et_pb_column][\/et_pb_row][\/et_pb_section][et_pb_section fb_built=\u00bb1&#8243; _builder_version=\u00bb4.27.4&#8243; _module_preset=\u00bbdefault\u00bb background_color=\u00bbgcid-96841d50-148a-46d6-aeef-bbb5e89aff15&#8243; custom_margin=\u00bb0px|0px|0px|0px|false|true\u00bb custom_padding=\u00bb0px|0px|28px|0px|false|true\u00bb global_colors_info=\u00bb{%22gcid-96841d50-148a-46d6-aeef-bbb5e89aff15%22:%91%22background_color%22%93}\u00bb][et_pb_row _builder_version=\u00bb4.27.4&#8243; _module_preset=\u00bbdefault\u00bb width=\u00bb95%\u00bb max_width=\u00bb2560px\u00bb module_alignment=\u00bbcenter\u00bb global_colors_info=\u00bb{}\u00bb][et_pb_column type=\u00bb4_4&#8243; _builder_version=\u00bb4.17.6&#8243; _module_preset=\u00bbdefault\u00bb global_colors_info=\u00bb{}\u00bb][et_pb_text _builder_version=\u00bb4.27.4&#8243; _module_preset=\u00bbdefault\u00bb text_text_color=\u00bb#FFFFFF\u00bb header_text_color=\u00bb#FFFFFF\u00bb header_2_text_color=\u00bb#FFFFFF\u00bb header_3_text_color=\u00bb#FFFFFF\u00bb header_4_text_color=\u00bb#FFFFFF\u00bb header_5_text_color=\u00bb#FFFFFF\u00bb header_6_text_color=\u00bb#FFFFFF\u00bb background_color=\u00bbRGBA(255,255,255,0)\u00bb custom_margin=\u00bb-20px|0px|-20px|0px|true|true\u00bb custom_padding=\u00bb0px|0px|0px|0px|true|true\u00bb global_colors_info=\u00bb{}\u00bb]<\/p>\n<thr-search-engine type=\"2\">\n<\/thr-search-engine>\n<p>&nbsp;<\/p>\n<p>&nbsp;<\/p>\n<p>[\/et_pb_text][\/et_pb_column][\/et_pb_row][\/et_pb_section][et_pb_section fb_built=\u00bb1&#8243; _builder_version=\u00bb4.19.5&#8243; _module_preset=\u00bbdefault\u00bb z_index=\u00bb-500&#8243; custom_margin=\u00bb-37px|||||\u00bb global_colors_info=\u00bb{}\u00bb][et_pb_row _builder_version=\u00bb4.27.4&#8243; _module_preset=\u00bbdefault\u00bb global_colors_info=\u00bb{}\u00bb][et_pb_column type=\u00bb4_4&#8243; _builder_version=\u00bb4.27.4&#8243; _module_preset=\u00bbdefault\u00bb global_colors_info=\u00bb{}\u00bb][et_pb_text _builder_version=\u00bb4.27.4&#8243; _module_preset=\u00bbdefault\u00bb text_font=\u00bb&#8211;et_global_heading_font||||||||\u00bb header_font=\u00bb||||||||\u00bb header_2_font=\u00bb|800|||||||\u00bb header_2_text_color=\u00bbgcid-heading-color\u00bb header_2_font_size=\u00bb30px\u00bb header_2_line_height=\u00bb1.8em\u00bb custom_margin=\u00bb15px||||false|false\u00bb hover_enabled=\u00bb0&#8243; global_colors_info=\u00bb{%22gcid-heading-color%22:%91%22header_2_text_color%22%93}\u00bb sticky_enabled=\u00bb0&#8243;]<\/p>\n<h2 style=\"text-align: left;\">Trouvez l&#8217;h\u00e9bergement Id\u00e9al \u00e0 Soustons dans les Landes<\/h2>\n<p style=\"text-align: justify;\">\n<p style=\"text-align: justify;\">Bienvenue dans notre <a href=\"https:\/\/www.camping-airial.com\/camping-soustons\/\"><strong>camping \u00e0 Soustons<\/strong><\/a>, o\u00f9 nous proposons une vari\u00e9t\u00e9 d\u2019h\u00e9bergements adapt\u00e9s \u00e0 toutes vos envies et \u00e0 tous les budgets. Que vous soyez en qu\u00eate de luxe, de confort, d\u2019originalit\u00e9 ou d\u2019un retour \u00e0 la nature, d\u00e9couvrez nos cat\u00e9gories pens\u00e9es pour r\u00e9pondre \u00e0 vos attentes :<\/p>\n<ul style=\"text-align: justify;\">\n<li><strong>Premium<\/strong> : Des mobil-homes tout inclus avec Wi-Fi gratuit, draps fournis et lave-vaisselle pour un s\u00e9jour haut de gamme dans un cadre exceptionnel.<\/li>\n<li><strong>Confort<\/strong> : Des h\u00e9bergements chaleureux et bien \u00e9quip\u00e9s, parfaits pour des vacances comme \u00e0 la maison en toute s\u00e9r\u00e9nit\u00e9.<\/li>\n<li><strong>Insolite<\/strong> : Vivez une exp\u00e9rience unique avec des h\u00e9bergements originaux pour des souvenirs inoubliables.<\/li>\n<li><strong>Authentique<\/strong> : Plongez dans la nature des Landes avec des h\u00e9bergements simples et chaleureux, parfaits pour une immersion au c\u0153ur de Soustons.<\/li>\n<\/ul>\n<p style=\"text-align: justify;\">Quel que soit votre choix, profitez d\u2019un cadre naturel unique, entre oc\u00e9an, lac et for\u00eat, pour des vacances id\u00e9ales dans les <strong>Landes<\/strong>.<\/p>\n<p>[\/et_pb_text][\/et_pb_column][\/et_pb_row][et_pb_row column_structure=\u00bb1_2,1_2&#8243; _builder_version=\u00bb4.27.4&#8243; _module_preset=\u00bbdefault\u00bb global_colors_info=\u00bb{}\u00bb][et_pb_column type=\u00bb1_2&#8243; _builder_version=\u00bb4.17.4&#8243; _module_preset=\u00bbdefault\u00bb global_colors_info=\u00bb{}\u00bb][et_pb_slider _builder_version=\u00bb4.27.4&#8243; _dynamic_attributes=\u00bblink_option_url\u00bb _module_preset=\u00bbdefault\u00bb header_font=\u00bb||||||||\u00bb header_font_size=\u00bb1px\u00bb header_line_height=\u00bb1.3em\u00bb body_font_size=\u00bb1px\u00bb background_enable_color=\u00bboff\u00bb use_background_color_gradient=\u00bbon\u00bb background_color_gradient_stops=\u00bbrgba(7,10,8,0.66) 0%|rgba(7,10,8,0.66) 100%\u00bb background_color_gradient_overlays_image=\u00bbon\u00bb background_image=\u00bbhttps:\/\/www.camping-airial.com\/wp-content\/uploads\/2023\/07\/CT-_1_-scaled.jpg\u00bb min_height=\u00bb380px\u00bb link_option_url=\u00bb@ET-DC@eyJkeW5hbWljIjp0cnVlLCJjb250ZW50IjoicG9zdF9saW5rX3VybF9wYWdlIiwic2V0dGluZ3MiOnsicG9zdF9pZCI6IjkyNzUifX0=@\u00bb border_radii=\u00bbon|80px|80px|80px|80px\u00bb global_colors_info=\u00bb{}\u00bb][et_pb_slide heading=\u00bbNos %22PREMIUM%22&#8243; button_text=\u00bbA d\u00e9couvrir\u00bb button_link=\u00bb@ET-DC@eyJkeW5hbWljIjp0cnVlLCJjb250ZW50IjoicG9zdF9saW5rX3VybF9wYWdlIiwic2V0dGluZ3MiOnsicG9zdF9pZCI6IjkyOTMifX0=@\u00bb _builder_version=\u00bb4.27.4&#8243; _dynamic_attributes=\u00bbbutton_link\u00bb _module_preset=\u00bbdefault\u00bb header_level=\u00bbh2&#8243; header_font=\u00bb|800|||||||\u00bb header_font_size=\u00bb58px\u00bb body_font_size=\u00bb17px\u00bb custom_button=\u00bbon\u00bb button_text_color=\u00bb#FFFFFF\u00bb button_bg_color=\u00bbgcid-secondary-color\u00bb button_border_width=\u00bb0px\u00bb global_colors_info=\u00bb{%22gcid-secondary-color%22:%91%22button_bg_color%22%93}\u00bb sticky_transition=\u00bbon\u00bb][\/et_pb_slide][\/et_pb_slider][\/et_pb_column][et_pb_column type=\u00bb1_2&#8243; _builder_version=\u00bb4.17.4&#8243; _module_preset=\u00bbdefault\u00bb global_colors_info=\u00bb{}\u00bb][et_pb_text _builder_version=\u00bb4.27.4&#8243; _module_preset=\u00bbdefault\u00bb text_font=\u00bb&#8211;et_global_heading_font||||||||\u00bb header_2_font=\u00bb|600|||on||||\u00bb header_2_line_height=\u00bb1.8em\u00bb custom_margin=\u00bb15px||||false|false\u00bb global_colors_info=\u00bb{}\u00bb]<\/p>\n<h2>Cat\u00e9gorie PREMIUM :<\/h2>\n<p style=\"text-align: justify;\">Optez pour notre cat\u00e9gorie <strong>premium<\/strong> et profitez d\u2019un s\u00e9jour haut de gamme avec un <strong>service tout inclus<\/strong> :<\/p>\n<ul style=\"text-align: justify;\">\n<li><strong>Draps et serviettes offerts<\/strong><\/li>\n<li><strong>T\u00e9levision<\/strong><\/li>\n<li><strong>Connexion Wi-Fi priv\u00e9e<\/strong><\/li>\n<li><strong>Lave-vaisselle<\/strong><\/li>\n<\/ul>\n<p style=\"text-align: justify;\">Des \u00e9quipements modernes pour un confort optimal.<br \/>Ces mobil-homes sont parfaits pour ceux qui souhaitent allier s\u00e9r\u00e9nit\u00e9 et raffinement au c\u0153ur de Soustons, dans un cadre naturel d\u2019exception.<\/p>\n<p>[\/et_pb_text][\/et_pb_column][\/et_pb_row][et_pb_row column_structure=\u00bb1_2,1_2&#8243; _builder_version=\u00bb4.17.4&#8243; _module_preset=\u00bbdefault\u00bb global_colors_info=\u00bb{}\u00bb][et_pb_column type=\u00bb1_2&#8243; _builder_version=\u00bb4.17.4&#8243; _module_preset=\u00bbdefault\u00bb global_colors_info=\u00bb{}\u00bb][et_pb_text _builder_version=\u00bb4.27.4&#8243; _module_preset=\u00bbdefault\u00bb text_font=\u00bb&#8211;et_global_heading_font||||||||\u00bb header_2_font=\u00bb|600|||on||||\u00bb header_2_line_height=\u00bb1.8em\u00bb custom_margin=\u00bb50px||||false|false\u00bb global_colors_info=\u00bb{}\u00bb]<\/p>\n<h2>Cat\u00e9gorie CONFORT :<\/h2>\n<p style=\"text-align: justify;\">Avec nos h\u00e9bergements <strong>Confort<\/strong>, retrouvez toutes les commodit\u00e9s pour des vacances simples et pratiques, comme \u00e0 la maison.<\/p>\n<p style=\"text-align: justify;\">Bien \u00e9quip\u00e9s, spacieux et accueillants, ces mobil-homes sont parfaits pour des vacances en famille ou entre amis dans les <strong>Landes<\/strong>.<\/p>\n<p>[\/et_pb_text][\/et_pb_column][et_pb_column type=\u00bb1_2&#8243; _builder_version=\u00bb4.17.4&#8243; _module_preset=\u00bbdefault\u00bb global_colors_info=\u00bb{}\u00bb][et_pb_slider _builder_version=\u00bb4.27.4&#8243; _module_preset=\u00bbdefault\u00bb header_line_height=\u00bb1.5em\u00bb background_enable_color=\u00bboff\u00bb use_background_color_gradient=\u00bbon\u00bb background_color_gradient_stops=\u00bbrgba(7,10,8,0.66) 0%|rgba(7,10,8,0.66) 100%\u00bb background_color_gradient_overlays_image=\u00bbon\u00bb background_image=\u00bbhttps:\/\/www.camping-airial.com\/wp-content\/uploads\/2023\/05\/CosyNewAge2-@OTILAS.jpg\u00bb min_height=\u00bb380px\u00bb border_radii=\u00bbon|80px|80px|80px|80px\u00bb global_colors_info=\u00bb{}\u00bb][et_pb_slide heading=\u00bbNos %22CONFORT%22&#8243; button_text=\u00bbA D\u00e9couvrir\u00bb button_link=\u00bb@ET-DC@eyJkeW5hbWljIjp0cnVlLCJjb250ZW50IjoicG9zdF9saW5rX3VybF9wYWdlIiwic2V0dGluZ3MiOnsicG9zdF9pZCI6IjkzMDkifX0=@\u00bb _builder_version=\u00bb4.27.4&#8243; _dynamic_attributes=\u00bbbutton_link\u00bb _module_preset=\u00bbdefault\u00bb header_level=\u00bbh2&#8243; header_font=\u00bb|800|||||||\u00bb header_font_size=\u00bb58px\u00bb body_font_size=\u00bb17px\u00bb custom_button=\u00bbon\u00bb button_text_color=\u00bb#FFFFFF\u00bb button_bg_color=\u00bbgcid-secondary-color\u00bb button_border_width=\u00bb0px\u00bb global_colors_info=\u00bb{%22gcid-secondary-color%22:%91%22button_bg_color%22%93}\u00bb sticky_transition=\u00bbon\u00bb][\/et_pb_slide][\/et_pb_slider][\/et_pb_column][\/et_pb_row][et_pb_row column_structure=\u00bb1_2,1_2&#8243; _builder_version=\u00bb4.17.4&#8243; _module_preset=\u00bbdefault\u00bb global_colors_info=\u00bb{}\u00bb][et_pb_column type=\u00bb1_2&#8243; _builder_version=\u00bb4.17.4&#8243; _module_preset=\u00bbdefault\u00bb global_colors_info=\u00bb{}\u00bb][et_pb_slider _builder_version=\u00bb4.27.4&#8243; _module_preset=\u00bbdefault\u00bb header_line_height=\u00bb1.5em\u00bb background_enable_color=\u00bboff\u00bb use_background_color_gradient=\u00bbon\u00bb background_color_gradient_stops=\u00bbrgba(7,10,8,0.66) 0%|rgba(7,10,8,0.66) 100%\u00bb background_color_gradient_overlays_image=\u00bbon\u00bb background_image=\u00bbhttps:\/\/www.camping-airial.com\/wp-content\/uploads\/2022\/06\/SafariLodge1-@OTILAS.jpg\u00bb min_height=\u00bb380px\u00bb border_radii=\u00bbon|80px|80px|80px|80px\u00bb global_colors_info=\u00bb{}\u00bb][et_pb_slide heading=\u00bbNos %22INSOLITE%22&#8243; button_text=\u00bbA D\u00e9couvrir\u00bb button_link=\u00bb@ET-DC@eyJkeW5hbWljIjp0cnVlLCJjb250ZW50IjoicG9zdF9saW5rX3VybF9wYWdlIiwic2V0dGluZ3MiOnsicG9zdF9pZCI6IjkzMDMifX0=@\u00bb _builder_version=\u00bb4.27.4&#8243; _dynamic_attributes=\u00bbbutton_link\u00bb _module_preset=\u00bbdefault\u00bb header_level=\u00bbh2&#8243; header_font=\u00bb|800|||||||\u00bb header_font_size=\u00bb58px\u00bb body_font_size=\u00bb17px\u00bb custom_button=\u00bbon\u00bb button_text_color=\u00bb#FFFFFF\u00bb button_bg_color=\u00bbgcid-secondary-color\u00bb button_border_width=\u00bb0px\u00bb global_colors_info=\u00bb{%22gcid-secondary-color%22:%91%22button_bg_color%22%93}\u00bb sticky_transition=\u00bbon\u00bb][\/et_pb_slide][\/et_pb_slider][\/et_pb_column][et_pb_column type=\u00bb1_2&#8243; _builder_version=\u00bb4.17.4&#8243; _module_preset=\u00bbdefault\u00bb global_colors_info=\u00bb{}\u00bb][et_pb_text _builder_version=\u00bb4.27.4&#8243; _module_preset=\u00bbdefault\u00bb text_font=\u00bb&#8211;et_global_heading_font||||||||\u00bb header_2_font=\u00bb|600|||on||||\u00bb header_2_line_height=\u00bb1.8em\u00bb custom_margin=\u00bb15px||||false|false\u00bb global_colors_info=\u00bb{}\u00bb]<\/p>\n<h2>Cat\u00e9gorie INSOLITE :<\/h2>\n<p style=\"text-align: justify;\">Envie d\u2019aventure ? Laissez-vous tenter par nos h\u00e9bergements <strong>insolites<\/strong> pour une exp\u00e9rience originale.<\/p>\n<p style=\"text-align: justify;\">Que ce soit une tente, un chalet ou lodge, venez d\u00e9coubrir nos concepts pour des vacances uniques.<\/p>\n<p style=\"text-align: justify;\">Plongez dans une ambiance unique, parfaite pour un s\u00e9jour m\u00e9morable \u00e0 Soustons.<\/p>\n<p>[\/et_pb_text][\/et_pb_column][\/et_pb_row][et_pb_row column_structure=\u00bb1_2,1_2&#8243; _builder_version=\u00bb4.17.4&#8243; _module_preset=\u00bbdefault\u00bb global_colors_info=\u00bb{}\u00bb][et_pb_column type=\u00bb1_2&#8243; _builder_version=\u00bb4.17.4&#8243; _module_preset=\u00bbdefault\u00bb global_colors_info=\u00bb{}\u00bb][et_pb_text _builder_version=\u00bb4.27.4&#8243; _module_preset=\u00bbdefault\u00bb text_font=\u00bb&#8211;et_global_heading_font||||||||\u00bb header_2_font=\u00bb|600|||on||||\u00bb header_2_line_height=\u00bb1.8em\u00bb custom_margin=\u00bb15px||||false|false\u00bb global_colors_info=\u00bb{}\u00bb]<\/p>\n<h2>Cat\u00e9gorie AUTHENTIC :<\/h2>\n<p style=\"text-align: justify;\">Pour les amoureux de la nature et de la simplicit\u00e9, notre cat\u00e9gorie <strong>Authentique<\/strong> vous offre un v\u00e9ritable retour aux sources.<\/p>\n<p style=\"text-align: justify;\">S\u00e9journez dans des h\u00e9bergements pens\u00e9s pour une immersion totale dans l\u2019environnement naturel des Landes, entre for\u00eats de pins et plages de l\u2019Atlantique.<\/p>\n<p>[\/et_pb_text][\/et_pb_column][et_pb_column type=\u00bb1_2&#8243; _builder_version=\u00bb4.17.4&#8243; _module_preset=\u00bbdefault\u00bb global_colors_info=\u00bb{}\u00bb][et_pb_slider _builder_version=\u00bb4.27.4&#8243; _module_preset=\u00bbdefault\u00bb background_enable_color=\u00bboff\u00bb use_background_color_gradient=\u00bbon\u00bb background_color_gradient_stops=\u00bbrgba(7,10,8,0.66) 0%|rgba(7,10,8,0.66) 100%\u00bb background_color_gradient_overlays_image=\u00bbon\u00bb background_image=\u00bbhttps:\/\/www.camping-airial.com\/wp-content\/uploads\/2023\/05\/IMG-20230503-WA0009.jpg\u00bb width=\u00bb100%\u00bb max_width=\u00bb100%\u00bb min_height=\u00bb395px\u00bb border_radii=\u00bbon|80px|80px|80px|80px\u00bb global_colors_info=\u00bb{}\u00bb][et_pb_slide heading=\u00bbNos %22AUTHENTIC%22&#8243; button_text=\u00bbA D\u00e9couvrir\u00bb button_link=\u00bb@ET-DC@eyJkeW5hbWljIjp0cnVlLCJjb250ZW50IjoicG9zdF9saW5rX3VybF9wYWdlIiwic2V0dGluZ3MiOnsicG9zdF9pZCI6Ijk0MDAifX0=@\u00bb _builder_version=\u00bb4.27.4&#8243; _dynamic_attributes=\u00bbbutton_link\u00bb _module_preset=\u00bbdefault\u00bb header_level=\u00bbh2&#8243; header_font=\u00bb|800|||||||\u00bb header_font_size=\u00bb58px\u00bb header_letter_spacing=\u00bb0px\u00bb header_line_height=\u00bb1.5em\u00bb body_font_size=\u00bb17px\u00bb body_line_height=\u00bb1.9em\u00bb custom_button=\u00bbon\u00bb button_text_color=\u00bb#FFFFFF\u00bb button_bg_color=\u00bbgcid-secondary-color\u00bb button_border_width=\u00bb0px\u00bb custom_padding=\u00bb40px|20px|40px|20px|false|false\u00bb global_colors_info=\u00bb{%22gcid-secondary-color%22:%91%22button_bg_color%22%93}\u00bb sticky_transition=\u00bbon\u00bb][\/et_pb_slide][\/et_pb_slider][\/et_pb_column][\/et_pb_row][\/et_pb_section][et_pb_section fb_built=\u00bb1&#8243; _builder_version=\u00bb4.27.4&#8243; _module_preset=\u00bbdefault\u00bb background_color=\u00bb#C0B1AA\u00bb custom_margin=\u00bb44px|||||\u00bb custom_padding=\u00bb0px|||||\u00bb global_colors_info=\u00bb{}\u00bb][et_pb_row _builder_version=\u00bb4.17.6&#8243; _module_preset=\u00bbdefault\u00bb custom_padding=\u00bb18px|||||\u00bb global_colors_info=\u00bb{}\u00bb][et_pb_column type=\u00bb4_4&#8243; _builder_version=\u00bb4.17.6&#8243; _module_preset=\u00bbdefault\u00bb global_colors_info=\u00bb{}\u00bb][et_pb_divider color=\u00bb#2B2B2B\u00bb _builder_version=\u00bb4.17.6&#8243; _module_preset=\u00bbdefault\u00bb max_width=\u00bb100%\u00bb module_alignment=\u00bbcenter\u00bb global_colors_info=\u00bb{}\u00bb][\/et_pb_divider][et_pb_text _builder_version=\u00bb4.17.6&#8243; _module_preset=\u00bbdefault\u00bb text_font=\u00bb|300|||||||\u00bb text_font_size=\u00bb18px\u00bb text_letter_spacing=\u00bb1px\u00bb text_line_height=\u00bb1.8em\u00bb width=\u00bb100%\u00bb max_width=\u00bb78%\u00bb custom_margin=\u00bb||25px|||\u00bb custom_padding=\u00bb|||15px|false|false\u00bb global_colors_info=\u00bb{}\u00bb]<\/p>\n<div>\n<h3><span>Tarifs et disponibilit\u00e9s<\/span><\/h3>\n<\/div>\n<p>[\/et_pb_text][et_pb_text _builder_version=\u00bb4.27.4&#8243; _module_preset=\u00bbdefault\u00bb width=\u00bb100%\u00bb max_width=\u00bb100%\u00bb module_alignment=\u00bbcenter\u00bb custom_margin=\u00bb|20px|||false|false\u00bb custom_padding=\u00bb|20px|||false|false\u00bb global_colors_info=\u00bb{}\u00bb]<thr-simpleblock category-type=\"location\" day=\"samedi\" show-picture=\"true\" search-type=\"1\"><\/thr-simpleblock>[\/et_pb_text][\/et_pb_column][\/et_pb_row][\/et_pb_section][et_pb_section fb_built=\u00bb1&#8243; _builder_version=\u00bb4.17.6&#8243; _module_preset=\u00bbdefault\u00bb custom_padding=\u00bb0px||0px||false|false\u00bb global_colors_info=\u00bb{}\u00bb][et_pb_row column_structure=\u00bb1_2,1_2&#8243; use_custom_gutter=\u00bbon\u00bb gutter_width=\u00bb1&#8243; make_equal=\u00bbon\u00bb _builder_version=\u00bb4.17.6&#8243; _module_preset=\u00bbdefault\u00bb width=\u00bb100%\u00bb max_width=\u00bb2539px\u00bb custom_margin=\u00bb0px|auto||auto||\u00bb custom_padding=\u00bb0px||0px||false|false\u00bb global_colors_info=\u00bb{}\u00bb][et_pb_column type=\u00bb1_2&#8243; _builder_version=\u00bb4.17.6&#8243; _module_preset=\u00bbdefault\u00bb use_background_color_gradient=\u00bbon\u00bb background_color_gradient_stops=\u00bbrgba(43,43,43,0.36) 0%|rgba(43,43,43,0.52) 99%\u00bb background_color_gradient_overlays_image=\u00bbon\u00bb background_image=\u00bbhttps:\/\/www.camping-airial.com\/\/wp-content\/uploads\/2022\/06\/elizeu-dias-xarhNpLSHTk-unsplash.jpg\u00bb global_colors_info=\u00bb{}\u00bb][et_pb_text _builder_version=\u00bb4.17.6&#8243; _module_preset=\u00bbdefault\u00bb text_font=\u00bb||||||||\u00bb text_text_color=\u00bb#FFFFFF\u00bb header_2_font=\u00bb|600|||||||\u00bb header_2_text_color=\u00bb#FFFFFF\u00bb width=\u00bb50%\u00bb max_width=\u00bb50%\u00bb module_alignment=\u00bbcenter\u00bb custom_margin=\u00bb77px|||||\u00bb global_colors_info=\u00bb{}\u00bb]<\/p>\n<h2 class=\"afterline\" style=\"text-align: center\"><span class=\"titre\">Al encuentro de la costa landesa<\/span><\/h2>\n<p style=\"text-align: center\">Las Landas, que cuentan con un entorno excepcional, son un verdadero para\u00edso para los que buscan naturaleza y autenticidad.<\/p>\n<p>[\/et_pb_text][et_pb_button button_url=\u00bb@ET-DC@eyJkeW5hbWljIjp0cnVlLCJjb250ZW50IjoicG9zdF9saW5rX3VybF9wYWdlIiwic2V0dGluZ3MiOnsicG9zdF9pZCI6Ijc2In19@\u00bb button_text=\u00bbDescubrir las Landas\u00bb button_alignment=\u00bbcenter\u00bb _builder_version=\u00bb4.17.6&#8243; _dynamic_attributes=\u00bbbutton_url\u00bb _module_preset=\u00bbdefault\u00bb custom_button=\u00bbon\u00bb button_text_size=\u00bb18px\u00bb button_text_color=\u00bb#FFFFFF\u00bb custom_margin=\u00bb17px||11px|||\u00bb global_colors_info=\u00bb{}\u00bb][\/et_pb_button][et_pb_button button_url=\u00bb@ET-DC@eyJkeW5hbWljIjp0cnVlLCJjb250ZW50IjoicG9zdF9saW5rX3VybF9wYWdlIiwic2V0dGluZ3MiOnsicG9zdF9pZCI6Ijc0In19@\u00bb button_text=\u00bbDescubrir Soustons\u00bb button_alignment=\u00bbcenter\u00bb _builder_version=\u00bb4.17.6&#8243; _dynamic_attributes=\u00bbbutton_url\u00bb _module_preset=\u00bbdefault\u00bb custom_button=\u00bbon\u00bb button_text_size=\u00bb18px\u00bb button_text_color=\u00bb#FFFFFF\u00bb custom_margin=\u00bb||136px|||\u00bb custom_padding=\u00bb||0px|||\u00bb global_colors_info=\u00bb{}\u00bb][\/et_pb_button][\/et_pb_column][et_pb_column type=\u00bb1_2&#8243; _builder_version=\u00bb4.17.6&#8243; _module_preset=\u00bbdefault\u00bb background_color=\u00bb#2B2B2B\u00bb global_colors_info=\u00bb{}\u00bb][et_pb_text _builder_version=\u00bb4.17.6&#8243; _module_preset=\u00bbdefault\u00bb text_font=\u00bb||||||||\u00bb text_text_color=\u00bb#FFFFFF\u00bb header_2_font=\u00bb|600|||||||\u00bb header_2_text_color=\u00bb#FFFFFF\u00bb width=\u00bb95%\u00bb max_width=\u00bb95%\u00bb module_alignment=\u00bbcenter\u00bb custom_margin=\u00bb77px|||||\u00bb global_colors_info=\u00bb{}\u00bb]<\/p>\n<h2 class=\"afterline\" style=\"text-align: center\"><span class=\"titre\"><span>\u00a1Descubrir nuestras novedades<\/span><br \/><span>y nuestros eventos!<\/span><\/span><\/h2>\n<p style=\"text-align: center\"><span>Visitad nuestro blog para no perderos nada de la vida del camping y de los alrededores.<\/span><\/p>\n<p>[\/et_pb_text][et_pb_blog fullwidth=\u00bboff\u00bb posts_number=\u00bb3&#8243; include_categories=\u00bball\u00bb show_thumbnail=\u00bboff\u00bb use_manual_excerpt=\u00bboff\u00bb excerpt_length=\u00bb50&#8243; show_more=\u00bbon\u00bb show_author=\u00bboff\u00bb show_date=\u00bboff\u00bb show_categories=\u00bboff\u00bb show_pagination=\u00bboff\u00bb use_overlay=\u00bbon\u00bb hover_overlay_color=\u00bb#2B2B2B\u00bb masonry_tile_background_color=\u00bb#2B2B2B\u00bb _builder_version=\u00bb4.17.6&#8243; _module_preset=\u00bbdefault\u00bb header_font=\u00bb|700|||||||\u00bb header_text_color=\u00bb#FFFFFF\u00bb body_font=\u00bb|300|||||||\u00bb body_text_color=\u00bb#D5D3C7&#8243; body_font_size=\u00bb18px\u00bb body_letter_spacing=\u00bb1px\u00bb meta_text_color=\u00bb#FFFFFF\u00bb read_more_font=\u00bb|700|||||||\u00bb read_more_text_color=\u00bb#C9D408&#8243; width=\u00bb69%\u00bb module_alignment=\u00bbcenter\u00bb custom_margin=\u00bb11px|||||\u00bb border_width_all=\u00bb0px\u00bb border_width_top=\u00bb1px\u00bb global_colors_info=\u00bb{}\u00bb][\/et_pb_blog][\/et_pb_column][\/et_pb_row][\/et_pb_section]<\/p>\n","protected":false},"excerpt":{"rendered":"<p>Nuestros alojamientos de alquiler &nbsp; &nbsp;Trouvez l&#8217;h\u00e9bergement Id\u00e9al \u00e0 Soustons dans les Landes Bienvenue dans notre camping \u00e0 Soustons, o\u00f9 nous proposons une vari\u00e9t\u00e9 d\u2019h\u00e9bergements adapt\u00e9s \u00e0 toutes vos envies et \u00e0 tous les budgets. Que vous soyez en qu\u00eate de luxe, de confort, d\u2019originalit\u00e9 ou d\u2019un retour \u00e0 la nature, d\u00e9couvrez nos cat\u00e9gories pens\u00e9es [&hellip;]<\/p>\n","protected":false},"author":1,"featured_media":0,"parent":0,"menu_order":0,"comment_status":"closed","ping_status":"closed","template":"","meta":{"_et_pb_use_builder":"on","_et_pb_old_content":"","_et_gb_content_width":"","footnotes":""},"class_list":["post-9433","page","type-page","status-publish","hentry"],"_links":{"self":[{"href":"https:\/\/www.camping-airial.com\/es\/wp-json\/wp\/v2\/pages\/9433","targetHints":{"allow":["GET"]}}],"collection":[{"href":"https:\/\/www.camping-airial.com\/es\/wp-json\/wp\/v2\/pages"}],"about":[{"href":"https:\/\/www.camping-airial.com\/es\/wp-json\/wp\/v2\/types\/page"}],"author":[{"embeddable":true,"href":"https:\/\/www.camping-airial.com\/es\/wp-json\/wp\/v2\/users\/1"}],"replies":[{"embeddable":true,"href":"https:\/\/www.camping-airial.com\/es\/wp-json\/wp\/v2\/comments?post=9433"}],"version-history":[{"count":0,"href":"https:\/\/www.camping-airial.com\/es\/wp-json\/wp\/v2\/pages\/9433\/revisions"}],"wp:attachment":[{"href":"https:\/\/www.camping-airial.com\/es\/wp-json\/wp\/v2\/media?parent=9433"}],"curies":[{"name":"wp","href":"https:\/\/api.w.org\/{rel}","templated":true}]}}