

{"id":9457,"date":"2024-03-22T10:10:24","date_gmt":"2024-03-22T09:10:24","guid":{"rendered":"https:\/\/www.camping-airial.com\/estandar\/"},"modified":"2025-03-01T13:52:44","modified_gmt":"2025-03-01T12:52:44","slug":"estandar","status":"publish","type":"page","link":"https:\/\/www.camping-airial.com\/es\/estandar\/","title":{"rendered":"AUT\u00c9NTICO"},"content":{"rendered":"<p>[et_pb_section fb_built=\u00bb1&#8243; _builder_version=\u00bb4.27.4&#8243; _module_preset=\u00bbdefault\u00bb background_image=\u00bbhttps:\/\/www.camping-airial.com\/wp-content\/uploads\/2023\/05\/IMG-20230503-WA0009.jpg\u00bb background_position=\u00bbbottom_center\u00bb background_vertical_offset=\u00bb28%\u00bb custom_padding=\u00bb||0px|||\u00bb global_colors_info=\u00bb{}\u00bb][et_pb_row column_structure=\u00bb1_2,1_2&#8243; _builder_version=\u00bb4.17.4&#8243; _module_preset=\u00bbdefault\u00bb custom_margin=\u00bb-20px|auto||auto||\u00bb custom_padding=\u00bb||0px|||\u00bb global_colors_info=\u00bb{}\u00bb][et_pb_column type=\u00bb1_2&#8243; _builder_version=\u00bb4.17.4&#8243; _module_preset=\u00bbdefault\u00bb global_colors_info=\u00bb{}\u00bb][\/et_pb_column][et_pb_column type=\u00bb1_2&#8243; _builder_version=\u00bb4.17.4&#8243; _module_preset=\u00bbdefault\u00bb global_colors_info=\u00bb{}\u00bb][et_pb_text _builder_version=\u00bb4.27.4&#8243; _module_preset=\u00bbdefault\u00bb text_font=\u00bb|700|||||||\u00bb text_text_color=\u00bb#C0B1AA\u00bb text_font_size=\u00bb20px\u00bb text_letter_spacing=\u00bb1px\u00bb text_line_height=\u00bb1.8em\u00bb header_font=\u00bb|800|||||||\u00bb header_text_color=\u00bb#FFFFFF\u00bb header_line_height=\u00bb1.3em\u00bb background_color=\u00bbgcid-96841d50-148a-46d6-aeef-bbb5e89aff15&#8243; width=\u00bb100%\u00bb max_width=\u00bb65%\u00bb max_width_tablet=\u00bb37%\u00bb max_width_phone=\u00bb86%\u00bb max_width_last_edited=\u00bbon|phone\u00bb module_alignment=\u00bbright\u00bb max_height=\u00bb140px\u00bb custom_margin=\u00bb306px|-70px||232px||\u00bb custom_padding=\u00bb30px|30px|10px|30px|false|false\u00bb border_radii=\u00bboff|60px|60px||\u00bb box_shadow_style=\u00bbpreset3&#8243; box_shadow_horizontal=\u00bb-3px\u00bb box_shadow_vertical=\u00bb-13px\u00bb global_colors_info=\u00bb{%22gcid-96841d50-148a-46d6-aeef-bbb5e89aff15%22:%91%22background_color%22%93}\u00bb]<\/p>\n<h1 style=\"text-align: center;\">AUT\u00c9NTICOS<\/h1>\n<p>[\/et_pb_text][\/et_pb_column][\/et_pb_row][\/et_pb_section][et_pb_section fb_built=\u00bb1&#8243; _builder_version=\u00bb4.27.4&#8243; _module_preset=\u00bbdefault\u00bb background_color=\u00bbgcid-96841d50-148a-46d6-aeef-bbb5e89aff15&#8243; custom_margin=\u00bb0px|0px|0px|0px|false|true\u00bb custom_padding=\u00bb0px|0px|28px|0px|false|true\u00bb global_colors_info=\u00bb{%22gcid-96841d50-148a-46d6-aeef-bbb5e89aff15%22:%91%22background_color%22%93}\u00bb][et_pb_row _builder_version=\u00bb4.27.4&#8243; _module_preset=\u00bbdefault\u00bb width=\u00bb95%\u00bb max_width=\u00bb2560px\u00bb module_alignment=\u00bbcenter\u00bb global_colors_info=\u00bb{}\u00bb][et_pb_column type=\u00bb4_4&#8243; _builder_version=\u00bb4.17.6&#8243; _module_preset=\u00bbdefault\u00bb global_colors_info=\u00bb{}\u00bb][et_pb_text _builder_version=\u00bb4.27.4&#8243; _module_preset=\u00bbdefault\u00bb text_text_color=\u00bb#FFFFFF\u00bb header_text_color=\u00bb#FFFFFF\u00bb header_2_text_color=\u00bb#FFFFFF\u00bb header_3_text_color=\u00bb#FFFFFF\u00bb header_4_text_color=\u00bb#FFFFFF\u00bb header_5_text_color=\u00bb#FFFFFF\u00bb header_6_text_color=\u00bb#FFFFFF\u00bb background_color=\u00bbRGBA(255,255,255,0)\u00bb custom_margin=\u00bb-20px|0px|-20px|0px|true|true\u00bb custom_padding=\u00bb0px|0px|0px|0px|true|true\u00bb global_colors_info=\u00bb{}\u00bb]<\/p>\n<thr-search-engine type=\"2\">\n<\/thr-search-engine>\n<p>[\/et_pb_text][\/et_pb_column][\/et_pb_row][\/et_pb_section][et_pb_section fb_built=\u00bb1&#8243; _builder_version=\u00bb4.19.5&#8243; _module_preset=\u00bbdefault\u00bb z_index=\u00bb-500&#8243; custom_margin=\u00bb-37px|||||\u00bb global_colors_info=\u00bb{}\u00bb][et_pb_row column_structure=\u00bb1_2,1_2&#8243; _builder_version=\u00bb4.17.4&#8243; _module_preset=\u00bbdefault\u00bb global_colors_info=\u00bb{}\u00bb][et_pb_column type=\u00bb1_2&#8243; _builder_version=\u00bb4.17.4&#8243; _module_preset=\u00bbdefault\u00bb global_colors_info=\u00bb{}\u00bb][et_pb_slider _builder_version=\u00bb4.27.4&#8243; _module_preset=\u00bbdefault\u00bb background_enable_color=\u00bboff\u00bb use_background_color_gradient=\u00bbon\u00bb background_color_gradient_stops=\u00bbrgba(7, 10, 8, 0.75) 0%|rgba(7,10,8,0.76) 1%|rgba(7,10,8,0.66) 99%\u00bb background_color_gradient_overlays_image=\u00bbon\u00bb background_image=\u00bbhttps:\/\/www.camping-airial.com\/wp-content\/uploads\/2024\/02\/CONFORT-II-SEJOUR-9.jpg\u00bb height=\u00bb450px\u00bb animation_style=\u00bbslide\u00bb hover_enabled=\u00bb0&#8243; border_radii=\u00bbon|80px|80px|80px|80px\u00bb global_colors_info=\u00bb{}\u00bb sticky_enabled=\u00bb0&#8243;][et_pb_slide heading=\u00bbAut\u00e9ntico 2 dormitorios\u00bb button_text=\u00bbPara descubrir\u00bb button_link=\u00bb@ET-DC@eyJkeW5hbWljIjp0cnVlLCJjb250ZW50IjoicG9zdF9saW5rX3VybF9wYWdlIiwic2V0dGluZ3MiOnsicG9zdF9pZCI6IjE0MyJ9fQ==@\u00bb _builder_version=\u00bb4.27.4&#8243; _dynamic_attributes=\u00bbbutton_link\u00bb _module_preset=\u00bbdefault\u00bb header_level=\u00bbh2&#8243; header_font=\u00bb|800|||||||\u00bb header_font_size=\u00bb37px\u00bb body_font_size=\u00bb17px\u00bb custom_button=\u00bbon\u00bb button_text_color=\u00bb#FFFFFF\u00bb button_bg_color=\u00bbgcid-secondary-color\u00bb button_border_width=\u00bb0px\u00bb hover_enabled=\u00bb0&#8243; global_colors_info=\u00bb{%22gcid-secondary-color%22:%91%22button_bg_color%22%93}\u00bb sticky_transition=\u00bbon\u00bb button_bg_enable_color=\u00bbon\u00bb sticky_enabled=\u00bb0&#8243;]<\/p>\n<p style=\"font-weight: 400;\">\u00bfVacaciones familiares en Soustons?<br \/>Elige nuestros Aut\u00e9nticos a un precio atractivo. Alojamiento funcional para 4 personas.<\/p>\n<p>[\/et_pb_slide][\/et_pb_slider][\/et_pb_column][et_pb_column type=\u00bb1_2&#8243; _builder_version=\u00bb4.17.4&#8243; _module_preset=\u00bbdefault\u00bb global_colors_info=\u00bb{}\u00bb][et_pb_slider _builder_version=\u00bb4.27.4&#8243; _module_preset=\u00bbdefault\u00bb background_enable_color=\u00bboff\u00bb use_background_color_gradient=\u00bbon\u00bb background_color_gradient_stops=\u00bbrgba(7, 10, 8, 0.75) 0%|rgba(7,10,8,0.76) 1%|rgba(7,10,8,0.66) 99%\u00bb background_color_gradient_overlays_image=\u00bbon\u00bb background_image=\u00bbhttps:\/\/www.camping-airial.com\/wp-content\/uploads\/2024\/12\/CONFORT-III-SEJOUR-12.jpg\u00bb height=\u00bb450px\u00bb animation_style=\u00bbslide\u00bb hover_enabled=\u00bb0&#8243; border_radii=\u00bbon|80px|80px|80px|80px\u00bb global_colors_info=\u00bb{}\u00bb sticky_enabled=\u00bb0&#8243;][et_pb_slide heading=\u00bbAut\u00e9nticos 3 dormitorios\u00bb button_text=\u00bbPara descubrir\u00bb button_link=\u00bb@ET-DC@eyJkeW5hbWljIjp0cnVlLCJjb250ZW50IjoicG9zdF9saW5rX3VybF9wYWdlIiwic2V0dGluZ3MiOnsicG9zdF9pZCI6IjE0MSJ9fQ==@\u00bb _builder_version=\u00bb4.27.4&#8243; _dynamic_attributes=\u00bbbutton_link\u00bb _module_preset=\u00bbdefault\u00bb header_level=\u00bbh2&#8243; header_font=\u00bb|800|||||||\u00bb header_font_size=\u00bb37px\u00bb body_font_size=\u00bb17px\u00bb custom_button=\u00bbon\u00bb button_text_color=\u00bb#FFFFFF\u00bb button_bg_color=\u00bbgcid-secondary-color\u00bb button_border_width=\u00bb0px\u00bb hover_enabled=\u00bb0&#8243; global_colors_info=\u00bb{%22gcid-secondary-color%22:%91%22button_bg_color%22%93}\u00bb sticky_transition=\u00bbon\u00bb button_bg_enable_color=\u00bbon\u00bb sticky_enabled=\u00bb0&#8243;]<\/p>\n<p style=\"font-weight: 400;\">Alojamiento totalmente equipado para hasta 7 personas. Perfecto para unas vacaciones en familia o con amigos en las Landas<\/p>\n<p>[\/et_pb_slide][\/et_pb_slider][\/et_pb_column][\/et_pb_row][et_pb_row column_structure=\u00bb1_2,1_2&#8243; _builder_version=\u00bb4.27.4&#8243; _module_preset=\u00bbdefault\u00bb global_colors_info=\u00bb{}\u00bb][et_pb_column type=\u00bb1_2&#8243; _builder_version=\u00bb4.27.4&#8243; _module_preset=\u00bbdefault\u00bb global_colors_info=\u00bb{}\u00bb][et_pb_slider _builder_version=\u00bb4.27.4&#8243; _module_preset=\u00bbdefault\u00bb background_enable_color=\u00bboff\u00bb use_background_color_gradient=\u00bbon\u00bb background_color_gradient_stops=\u00bbrgba(7,10,8,0.66) 0%|rgba(1,10,8,0.88) 100%\u00bb background_color_gradient_overlays_image=\u00bbon\u00bb background_image=\u00bbhttps:\/\/www.camping-airial.com\/wp-content\/uploads\/2022\/06\/ChaletLandaise1-@OTILAS.jpg\u00bb height=\u00bb450px\u00bb animation_style=\u00bbslide\u00bb hover_enabled=\u00bb0&#8243; border_radii=\u00bbon|80px|80px|80px|80px\u00bb global_colors_info=\u00bb{}\u00bb sticky_enabled=\u00bb0&#8243;][et_pb_slide heading=\u00bbLa Landaise 2 habitaciones\u00bb button_text=\u00bbPara descubrir\u00bb button_link=\u00bb@ET-DC@eyJkeW5hbWljIjp0cnVlLCJjb250ZW50IjoicG9zdF9saW5rX3VybF9wYWdlIiwic2V0dGluZ3MiOnsicG9zdF9pZCI6IjQ4MCJ9fQ==@\u00bb _builder_version=\u00bb4.27.4&#8243; _dynamic_attributes=\u00bbbutton_link\u00bb _module_preset=\u00bbdefault\u00bb header_level=\u00bbh2&#8243; header_font=\u00bb|800|||||||\u00bb header_font_size=\u00bb37px\u00bb body_font_size=\u00bb17px\u00bb custom_button=\u00bbon\u00bb button_text_color=\u00bb#FFFFFF\u00bb button_bg_color=\u00bbgcid-secondary-color\u00bb button_border_width=\u00bb0px\u00bb hover_enabled=\u00bb0&#8243; global_colors_info=\u00bb{%22gcid-secondary-color%22:%91%22button_bg_color%22%93}\u00bb sticky_transition=\u00bbon\u00bb button_bg_enable_color=\u00bbon\u00bb sticky_enabled=\u00bb0&#8243;]<\/p>\n<p style=\"font-weight: 400;\">Les Landaises son pisos adosados de arquitectura local, situados en una zona muy tranquila de L&#8217;Airial. \u00a1Ideal para grupos de amigos y familias!<\/p>\n<p>[\/et_pb_slide][\/et_pb_slider][\/et_pb_column][et_pb_column type=\u00bb1_2&#8243; _builder_version=\u00bb4.27.4&#8243; _module_preset=\u00bbdefault\u00bb global_colors_info=\u00bb{}\u00bb][et_pb_slider _builder_version=\u00bb4.27.4&#8243; _module_preset=\u00bbdefault\u00bb background_enable_color=\u00bboff\u00bb use_background_color_gradient=\u00bbon\u00bb background_color_gradient_stops=\u00bbrgba(7,10,8,0.66) 0%|rgba(1,10,8,0.88) 100%\u00bb background_color_gradient_overlays_image=\u00bbon\u00bb background_image=\u00bbhttps:\/\/www.camping-airial.com\/wp-content\/uploads\/2024\/08\/PMR-EXT-2-scaled.jpg\u00bb height=\u00bb450px\u00bb animation_style=\u00bbslide\u00bb hover_enabled=\u00bb0&#8243; border_radii=\u00bbon|80px|80px|80px|80px\u00bb global_colors_info=\u00bb{}\u00bb sticky_enabled=\u00bb0&#8243;][et_pb_slide heading=\u00bbAcceso Aut\u00e9ntico 2 dormitorios\u00bb button_text=\u00bbPara descubrir\u00bb button_link=\u00bb@ET-DC@eyJkeW5hbWljIjp0cnVlLCJjb250ZW50IjoicG9zdF9saW5rX3VybF9wYWdlIiwic2V0dGluZ3MiOnsicG9zdF9pZCI6IjQ4NyJ9fQ==@\u00bb _builder_version=\u00bb4.27.4&#8243; _dynamic_attributes=\u00bbbutton_link\u00bb _module_preset=\u00bbdefault\u00bb header_level=\u00bbh2&#8243; header_font=\u00bb|800|||||||\u00bb header_font_size=\u00bb37px\u00bb body_font_size=\u00bb17px\u00bb custom_button=\u00bbon\u00bb button_text_color=\u00bb#FFFFFF\u00bb button_bg_color=\u00bbgcid-secondary-color\u00bb button_border_width=\u00bb0px\u00bb hover_enabled=\u00bb0&#8243; global_colors_info=\u00bb{%22gcid-secondary-color%22:%91%22button_bg_color%22%93}\u00bb sticky_transition=\u00bbon\u00bb button_bg_enable_color=\u00bbon\u00bb sticky_enabled=\u00bb0&#8243;]<\/p>\n<p style=\"font-weight: 400;\"><span>Esta autocaravana Authentic Access<strong>(para personas con movilidad reducida<\/strong>) est\u00e1 dise\u00f1ada para satisfacer las necesidades espec\u00edficas de las personas con discapacidad.<\/span><\/p>\n<p>[\/et_pb_slide][\/et_pb_slider][\/et_pb_column][\/et_pb_row][\/et_pb_section][et_pb_section fb_built=\u00bb1&#8243; _builder_version=\u00bb4.27.4&#8243; _module_preset=\u00bbdefault\u00bb background_color=\u00bb#C0B1AA\u00bb custom_margin=\u00bb44px|||||\u00bb custom_padding=\u00bb0px|||||\u00bb global_colors_info=\u00bb{}\u00bb][et_pb_row _builder_version=\u00bb4.17.6&#8243; _module_preset=\u00bbdefault\u00bb custom_padding=\u00bb18px|||||\u00bb global_colors_info=\u00bb{}\u00bb][et_pb_column type=\u00bb4_4&#8243; _builder_version=\u00bb4.17.6&#8243; _module_preset=\u00bbdefault\u00bb global_colors_info=\u00bb{}\u00bb][et_pb_divider color=\u00bb#2B2B2B\u00bb _builder_version=\u00bb4.17.6&#8243; _module_preset=\u00bbdefault\u00bb max_width=\u00bb100%\u00bb module_alignment=\u00bbcenter\u00bb global_colors_info=\u00bb{}\u00bb][\/et_pb_divider][et_pb_text _builder_version=\u00bb4.17.6&#8243; _module_preset=\u00bbdefault\u00bb text_font=\u00bb|300|||||||\u00bb text_font_size=\u00bb18px\u00bb text_letter_spacing=\u00bb1px\u00bb text_line_height=\u00bb1.8em\u00bb width=\u00bb100%\u00bb max_width=\u00bb78%\u00bb custom_margin=\u00bb||25px|||\u00bb custom_padding=\u00bb|||15px|false|false\u00bb global_colors_info=\u00bb{}\u00bb]<\/p>\n<div>\n<h3><span>Tarifas y disponibilidad<\/span><\/h3>\n<\/div>\n<p>[\/et_pb_text][et_pb_text _builder_version=\u00bb4.27.4&#8243; _module_preset=\u00bbdefault\u00bb width=\u00bb100%\u00bb max_width=\u00bb100%\u00bb module_alignment=\u00bbcenter\u00bb custom_margin=\u00bb|20px|||false|false\u00bb custom_padding=\u00bb|20px|||false|false\u00bb global_colors_info=\u00bb{}\u00bb]<\/p>\n<thr-simpleblock categories=\"invalid_tags_codes_0|\" day=\"samedi\" show-picture=\"true\" search-type=\"1\">\n<\/thr-simpleblock>\n<p>&nbsp;<\/p>\n<p>[\/et_pb_text][\/et_pb_column][\/et_pb_row][\/et_pb_section][et_pb_section fb_built=\u00bb1&#8243; _builder_version=\u00bb4.17.6&#8243; _module_preset=\u00bbdefault\u00bb custom_padding=\u00bb0px||0px||false|false\u00bb global_colors_info=\u00bb{}\u00bb][et_pb_row column_structure=\u00bb1_2,1_2&#8243; use_custom_gutter=\u00bbon\u00bb gutter_width=\u00bb1&#8243; make_equal=\u00bbon\u00bb _builder_version=\u00bb4.17.6&#8243; _module_preset=\u00bbdefault\u00bb width=\u00bb100%\u00bb max_width=\u00bb2539px\u00bb custom_margin=\u00bb0px|auto||auto||\u00bb custom_padding=\u00bb0px||0px||false|false\u00bb global_colors_info=\u00bb{}\u00bb][et_pb_column type=\u00bb1_2&#8243; _builder_version=\u00bb4.17.6&#8243; _module_preset=\u00bbdefault\u00bb use_background_color_gradient=\u00bbon\u00bb background_color_gradient_stops=\u00bbrgba(43,43,43,0.36) 0%|rgba(43,43,43,0.52) 99%\u00bb background_color_gradient_overlays_image=\u00bbon\u00bb background_image=\u00bbhttps:\/\/www.camping-airial.com\/\/wp-content\/uploads\/2022\/06\/elizeu-dias-xarhNpLSHTk-unsplash.jpg\u00bb global_colors_info=\u00bb{}\u00bb][et_pb_text _builder_version=\u00bb4.17.6&#8243; _module_preset=\u00bbdefault\u00bb text_font=\u00bb||||||||\u00bb text_text_color=\u00bb#FFFFFF\u00bb header_2_font=\u00bb|600|||||||\u00bb header_2_text_color=\u00bb#FFFFFF\u00bb width=\u00bb50%\u00bb max_width=\u00bb50%\u00bb module_alignment=\u00bbcenter\u00bb custom_margin=\u00bb77px|||||\u00bb global_colors_info=\u00bb{}\u00bb]<\/p>\n<h2 class=\"afterline\" style=\"text-align: center\"><span class=\"titre\">Al encuentro de la costa landesa<\/span><\/h2>\n<p style=\"text-align: center\">Las Landas, que cuentan con un entorno excepcional, son un verdadero para\u00edso para los que buscan naturaleza y autenticidad.<\/p>\n<p>[\/et_pb_text][et_pb_button button_url=\u00bb@ET-DC@eyJkeW5hbWljIjp0cnVlLCJjb250ZW50IjoicG9zdF9saW5rX3VybF9wYWdlIiwic2V0dGluZ3MiOnsicG9zdF9pZCI6Ijc2In19@\u00bb button_text=\u00bbDescubrir las Landas\u00bb button_alignment=\u00bbcenter\u00bb _builder_version=\u00bb4.17.6&#8243; _dynamic_attributes=\u00bbbutton_url\u00bb _module_preset=\u00bbdefault\u00bb custom_button=\u00bbon\u00bb button_text_size=\u00bb18px\u00bb button_text_color=\u00bb#FFFFFF\u00bb custom_margin=\u00bb17px||11px|||\u00bb global_colors_info=\u00bb{}\u00bb][\/et_pb_button][et_pb_button button_url=\u00bb@ET-DC@eyJkeW5hbWljIjp0cnVlLCJjb250ZW50IjoicG9zdF9saW5rX3VybF9wYWdlIiwic2V0dGluZ3MiOnsicG9zdF9pZCI6Ijc0In19@\u00bb button_text=\u00bbDescubrir Soustons\u00bb button_alignment=\u00bbcenter\u00bb _builder_version=\u00bb4.17.6&#8243; _dynamic_attributes=\u00bbbutton_url\u00bb _module_preset=\u00bbdefault\u00bb custom_button=\u00bbon\u00bb button_text_size=\u00bb18px\u00bb button_text_color=\u00bb#FFFFFF\u00bb custom_margin=\u00bb||136px|||\u00bb custom_padding=\u00bb||0px|||\u00bb global_colors_info=\u00bb{}\u00bb][\/et_pb_button][\/et_pb_column][et_pb_column type=\u00bb1_2&#8243; _builder_version=\u00bb4.17.6&#8243; _module_preset=\u00bbdefault\u00bb background_color=\u00bb#2B2B2B\u00bb global_colors_info=\u00bb{}\u00bb][et_pb_text _builder_version=\u00bb4.17.6&#8243; _module_preset=\u00bbdefault\u00bb text_font=\u00bb||||||||\u00bb text_text_color=\u00bb#FFFFFF\u00bb header_2_font=\u00bb|600|||||||\u00bb header_2_text_color=\u00bb#FFFFFF\u00bb width=\u00bb95%\u00bb max_width=\u00bb95%\u00bb module_alignment=\u00bbcenter\u00bb custom_margin=\u00bb77px|||||\u00bb global_colors_info=\u00bb{}\u00bb]<\/p>\n<h2 class=\"afterline\" style=\"text-align: center\"><span class=\"titre\"><span>Descubre nuestras noticias<\/span><br \/><span>y nuestros eventos<\/span><\/span><\/h2>\n<p style=\"text-align: center\"><span>Visitad nuestro blog para no perderos nada de la vida del camping y de los alrededores.<\/span><\/p>\n<p>[\/et_pb_text][et_pb_blog fullwidth=\u00bboff\u00bb posts_number=\u00bb3&#8243; include_categories=\u00bball\u00bb show_thumbnail=\u00bboff\u00bb use_manual_excerpt=\u00bboff\u00bb excerpt_length=\u00bb50&#8243; show_more=\u00bbon\u00bb show_author=\u00bboff\u00bb show_date=\u00bboff\u00bb show_categories=\u00bboff\u00bb show_pagination=\u00bboff\u00bb use_overlay=\u00bbon\u00bb hover_overlay_color=\u00bb#2B2B2B\u00bb masonry_tile_background_color=\u00bb#2B2B2B\u00bb _builder_version=\u00bb4.17.6&#8243; _module_preset=\u00bbdefault\u00bb header_font=\u00bb|700|||||||\u00bb header_text_color=\u00bb#FFFFFF\u00bb body_font=\u00bb|300|||||||\u00bb body_text_color=\u00bb#D5D3C7&#8243; body_font_size=\u00bb18px\u00bb body_letter_spacing=\u00bb1px\u00bb meta_text_color=\u00bb#FFFFFF\u00bb read_more_font=\u00bb|700|||||||\u00bb read_more_text_color=\u00bb#C9D408&#8243; width=\u00bb69%\u00bb module_alignment=\u00bbcenter\u00bb custom_margin=\u00bb11px|||||\u00bb border_width_all=\u00bb0px\u00bb border_width_top=\u00bb1px\u00bb global_colors_info=\u00bb{}\u00bb][\/et_pb_blog][\/et_pb_column][\/et_pb_row][\/et_pb_section]<\/p>\n","protected":false},"excerpt":{"rendered":"<p>AUT\u00c9NTICOS\u00bfVacaciones familiares en Soustons?Elige nuestros Aut\u00e9nticos a un precio atractivo. Alojamiento funcional para 4 personas.Alojamiento totalmente equipado para hasta 7 personas. Perfecto para unas vacaciones en familia o con amigos en las LandasLes Landaises son pisos adosados de arquitectura local, situados en una zona muy tranquila de L&#8217;Airial. \u00a1Ideal para grupos de amigos y familias!Esta [&hellip;]<\/p>\n","protected":false},"author":18,"featured_media":0,"parent":0,"menu_order":0,"comment_status":"closed","ping_status":"closed","template":"","meta":{"_et_pb_use_builder":"on","_et_pb_old_content":"","_et_gb_content_width":"","footnotes":""},"class_list":["post-9457","page","type-page","status-publish","hentry"],"_links":{"self":[{"href":"https:\/\/www.camping-airial.com\/es\/wp-json\/wp\/v2\/pages\/9457","targetHints":{"allow":["GET"]}}],"collection":[{"href":"https:\/\/www.camping-airial.com\/es\/wp-json\/wp\/v2\/pages"}],"about":[{"href":"https:\/\/www.camping-airial.com\/es\/wp-json\/wp\/v2\/types\/page"}],"author":[{"embeddable":true,"href":"https:\/\/www.camping-airial.com\/es\/wp-json\/wp\/v2\/users\/18"}],"replies":[{"embeddable":true,"href":"https:\/\/www.camping-airial.com\/es\/wp-json\/wp\/v2\/comments?post=9457"}],"version-history":[{"count":0,"href":"https:\/\/www.camping-airial.com\/es\/wp-json\/wp\/v2\/pages\/9457\/revisions"}],"wp:attachment":[{"href":"https:\/\/www.camping-airial.com\/es\/wp-json\/wp\/v2\/media?parent=9457"}],"curies":[{"name":"wp","href":"https:\/\/api.w.org\/{rel}","templated":true}]}}