

{"id":6358,"date":"2022-07-20T13:00:24","date_gmt":"2022-07-20T11:00:24","guid":{"rendered":"https:\/\/www.camping-airial.com\/reglement-van-orde\/"},"modified":"2023-02-17T14:06:27","modified_gmt":"2023-02-17T13:06:27","slug":"reglement-van-orde","status":"publish","type":"page","link":"https:\/\/www.camping-airial.com\/nl\/reglement-van-orde\/","title":{"rendered":"Reglement van orde"},"content":{"rendered":"<p>[et_pb_section fb_built=&#8221;1&#8243; _builder_version=&#8221;4.17.6&#8243; _module_preset=&#8221;default&#8221; global_colors_info=&#8221;{}&#8221;][et_pb_row _builder_version=&#8221;4.17.6&#8243; _module_preset=&#8221;default&#8221; global_colors_info=&#8221;{}&#8221;][et_pb_column type=&#8221;4_4&#8243; _builder_version=&#8221;4.17.6&#8243; _module_preset=&#8221;default&#8221; global_colors_info=&#8221;{}&#8221;][et_pb_text _builder_version=&#8221;4.17.6&#8243; _module_preset=&#8221;default&#8221; global_colors_info=&#8221;{}&#8221;]<\/p>\n<div class=\"page\" title=\"Pagina 1\">\n<div class=\"layoutArea\">\n<div class=\"column\">\n<h1 style=\"text-align: center;\"><span>  Reglement van Camping l&#8217;Airial in Soustons<\/span><\/h1>\n<p><span><\/span><\/p>\n<p><span><\/span><\/p>\n<p><span>Toelatingseisen<\/span><\/p>\n<p><span>Om toegelaten te worden tot het betreden, vestigen of verblijven op de  <\/span><span>Om een camping te gebruiken, moet u toestemming hebben van de beheerder of zijn vertegenwoordiger en het huishoudelijk reglement naleven. De beheerder is verplicht ervoor te zorgen dat de  <\/span><span>De camping moet in goede staat worden gehouden en de toepassing van het huidige huishoudelijk reglement moet worden gerespecteerd.<\/span><\/p>\n<p><span>Het verblijf op de site impliceert de aanvaarding van deze regels en de verbintenis om ze na te leven.<\/span><\/p>\n<p><span>Politie formaliteiten<\/span><\/p>\n<ul>\n<li><span>Elke persoon die minstens \u00e9\u00e9n nacht op de camping wenst te verblijven, moet eerst zijn identiteitspapieren aan de beheerder of zijn vertegenwoordiger tonen en de formaliteiten vervullen. <\/span><span>de beheerder of zijn vertegenwoordiger hun identiteitspapieren tonen en de formaliteiten vervullen <\/span><span>die door de politie worden vereist.<\/span><\/li>\n<li><span>Minderjarigen die niet door hun ouders worden begeleid, worden alleen toegelaten <\/span><span>alleen toegelaten met hun identiteitskaart, een fotokopie van de identiteitskaart van de wettelijk verantwoordelijke persoon en schriftelijke toestemming van hem\/haar. <\/span><span>schriftelijke toestemming van de ouder.<\/span>\n<p><span>Installatie<\/span><\/p>\n<\/li>\n<li>\n<p><span><\/span><span style=\"font-size: 16px;\">De tent of caravan en de voortent moeten worden ge\u00efnstalleerd op de <\/span><span style=\"font-size: 16px;\">de aangegeven plaats, volgens de aanwijzingen van de <\/span><span style=\"font-size: 16px;\">door de beheerder of zijn vertegenwoordiger.<\/span><\/p>\n<\/li>\n<li>\n<p><span style=\"font-size: 16px;\"><\/span><span style=\"font-size: 16px;\">Op elke standplaats mag slechts \u00e9\u00e9n installatie (tent, caravan of camper) en \u00e9\u00e9n voertuig staan. Op verzoek kan een kleine extra tent worden toegestaan.<\/span><\/p>\n<\/li>\n<li>\n<p><span style=\"font-size: 16px;\"><\/span><span style=\"font-size: 16px;\">Het is de gebruikers niet toegestaan commerci\u00eble activiteiten te ontplooien of reclame te maken op de camping.<\/span><\/p>\n<p><span><\/span><\/p>\n<p><span><\/span><\/p>\n<p><span>Receptie<\/span><\/p>\n<p><span>Tijdens de openingsperiode van de camping zijn de openingstijden van de receptie<\/span><span>l kantoor als volgt:<br \/><\/span><span>o <\/span><span>Laagseizoen: 7 dagen per week van 9 tot 12 uur en van 14 tot 18 uur<br \/><\/span><span>o <\/span><span>Hoogseizoen: 7 dagen per week van 9.00 tot 20.00 uur<\/span><\/p>\n<\/li>\n<\/ul>\n<ul><\/ul>\n<p><span>Bij de receptie vindt u informatie over <\/span><span>diensten, informatie over eten en drinken, sportfaciliteiten, toeristische attracties in de omgeving en diverse adressen die nuttig kunnen zijn voor een aangenaam verblijf.<\/span><span>nuttig voor een aangenaam verblijf.<\/span><\/p>\n<p><span>Vergoedingen<\/span><\/p>\n<p><span><\/span><\/p>\n<ul>\n<li><span>Het bedrag inclusief BTW wordt bij de ingang van de camping en bij de receptie aangegeven.<\/span><\/li>\n<li><span>Voor een kampeerplaats moeten de kosten de dag voor vertrek worden betaald, of elke week bij een verblijf van meerdere weken.<\/span><\/li>\n<li><span>Voor een huuraccommodatie moeten de verblijfskosten worden betaald bij <\/span><span>aankomst.<\/span><span>aankomst.<\/span><\/li>\n<li><span>Er wordt een gemeentelijke toeristenbelasting geheven op basis van de verblijfsduur en het aantal personen per plaats.<\/span>\n<p><span style=\"font-size: 16px;\"><\/span><\/p>\n<p><span style=\"font-size: 16px;\">Lawaai en stilte<\/span><br \/><span><\/span><\/p>\n<\/li>\n<\/ul>\n<ul>\n<li><span>De gebruikers van de camping worden verzocht <\/span><span>alle lawaai en discussies te vermijden die hun buren zouden kunnen storen<\/span><span>Buren, evenals het geschreeuw van kinderen en het geblaf van honden, vooral tussen 22.00 en 7.00 uur.<\/span><\/li>\n<li><span>De geluidsapparatuur moet dienovereenkomstig worden aangepast.<\/span><\/li>\n<li><span>Elke inbreuk op deze bepalingen wordt beschouwd als verstoring overdag of &#8217;s nachts en kan leiden tot een ingebrekestelling door de Directie. <\/span><span style=\"font-size: 16px;\">door de Directie.<\/span>\n<p><span><\/span><\/p>\n<p><span><\/span><\/p>\n<p><span>Bezoekers<\/span><\/p>\n<\/li>\n<\/ul>\n<ul>\n<li><span>Na toestemming van de beheerder of zijn vertegenwoordiger kunnen bezoekers op de camping worden toegelaten onder verantwoordelijkheid van de kampeerders die hen ontvangen. De laatste moet verplicht<\/span><span>bezoekers persoonlijk bij de receptie.<\/span><\/li>\n<li><span>De kampeerder die ze ontvangt is verplicht een vergoeding te betalen, zolang de bezoeker de mogelijkheid heeft om toegang te krijgen tot de  <\/span><span>diensten en faciliteiten van de camping. Deze vergoeding is<\/span><span>Dit staat aangegeven bij de ingang van de camping en bij de receptie.<\/span><\/li>\n<li><span>Bezoekers zijn verplicht de interne regels te respecteren.<\/span><\/li>\n<li><span>In geen geval mogen bezoekers of gasten de camping betreden met hun <\/span><span style=\"font-size: 16px;\">met hun voertuig de camping betreden.<\/span><\/li>\n<li><span>Om de rust van <\/span><span>de rust van de gebruikers, is de toegang tot de camping <\/span><span style=\"font-size: 16px;\">verboden voor venters en ambulante handelaren, colporteurs, wandelaars, picknickers enz.<\/span>\n<p><span><\/span><\/p>\n<p><span><\/span><\/p>\n<p><span>Autoverkeer en parkeren<\/span><\/p>\n<p><span>Binnen de camping moeten de voertuigen een snelheid aanhouden die beperkt is tot <\/span><span>10 km\/u.<\/span><\/p>\n<\/li>\n<\/ul>\n<ul>\n<li><span>Verkeer is strikt verboden tussen 23.00 en 7.00 uur, met uitzondering van <\/span><span>voor voertuigen van onderhouds- en hulpdiensten.<\/span><\/li>\n<li><span>Alleen voertuigen die toebehoren aan de kampeerders die op de camping verblijven, mogen worden gebruikt.<\/span><\/li>\n<li><span>Het parkeren op de standplaatsen mag de doorstroming van het verkeer niet belemmeren, het verkeer van nieuwkomers verhinderen <\/span><span>verkeer, het plaatsen van nieuwkomers verhinderen of de <\/span><span>de interne dienstverlening van het kampeerterrein.<\/span><\/li>\n<\/ul>\n<\/div>\n<div class=\"column\">\n<p><span>INTERN REGLEMENT <\/span><span>Gedrag en uitstraling van de faciliteiten<\/span><\/p>\n<p><span>Gepaste kledij is vereist. Iedereen moet zich onthouden van  <\/span><span>van elke<\/span><span>elke handeling die de netheid, de hygi\u00ebne en het uitzicht van het kampeerterrein en zijn voorzieningen, met name <\/span><span>de sanitaire voorzieningen.<\/span><\/p>\n<p><span>Het is verboden vervuild of afvalwater te lozen in goten, op beplantingen of rechtstreeks in de grond. Caravans moeten hun vervuilde of afvalwater lozen in de daarvoor bestemde voorzieningen.<\/span><\/p>\n<p><span>Huishoudelijk afval, alle soorten afval en papier moeten in de daarvoor bestemde bakken en recyclingcontainers worden gedeponeerd.<\/span><\/p>\n<p><span>De sanitaire voorzieningen moeten door de gebruikers te allen tijde schoon worden gehouden.<\/span><\/p>\n<p><span>Wassen is ten strengste verboden buiten de daarvoor bestemde bakken.<\/span><\/p>\n<p><span>De staanplaats die tijdens het verblijf is gebruikt, moet in zijn <\/span><span>teruggebracht in zijn oorspronkelijke staat.<\/span><\/p>\n<p><span>Beplantingen en bloemendecoraties moeten worden gerespecteerd. Het is verboden voor de kampeerder om spijkers in de bomen te slaan, takken af te zagen, om  <\/span><span>plantages. Het is evenmin toegestaan de plaats van een i<\/span><span>Het is niet nodig om met persoonlijke middelen (draad, ketting, tak, enz.) te installeren, noch om de grond af te graven en geulen te maken.<\/span><\/p>\n<p><span>Het is ten strengste verboden om hekken te bouwen, caravans of mobilhomes van hun mobiliteitsmiddelen te ontdoen <\/span><span>(trekhaak, wielen&#8230;), gebruikte voorwerpen op te slaan.<\/span><\/p>\n<p><span>Het is verboden palen te slaan die langer zijn dan 30 <\/span><span>cm in lengte vanwege de aanwezigheid van elektrische kabels, <\/span><span>water- en rioleringsnetwerken.<\/span><\/p>\n<p><span>Het ophangen van wasgoed in de buurt van de schuilplaatsen is toegestaan tot 10.00 uur, mits dit discreet gebeurt en geen overlast veroorzaakt.  <\/span><span>niet de buren. Het mag nooit gebeuren op draden van bomen of heggen. Alleen kledingrekken zijn toegestaan.<\/span><\/p>\n<p><span>Alleen flexibele voortenten die in het verlengde van de caravans worden geplaatst <\/span><span>caravans worden getolereerd (canvas luifels met een licht frame gemaakt van verwijderbaar <\/span><span>en moeten aan het einde van elk seizoen worden gedemonteerd.<\/span><\/p>\n<p><span>Om veiligheidsredenen en om de interventie van de hulpdiensten te vergemakkelijken, moet een minimumruimte van 4 m tussen elke woning (met inbegrip van de luifel) in acht worden genomen.<\/span><\/p>\n<p><span>De maximale oppervlakte van de installatie mag niet meer bedragen dan 30% van de oppervlakte van het veld.<\/span><\/p>\n<p><span>Het is verboden verplaatsbare of demonteerbare huizen op te zetten<\/span><span>verplaatsbare of demonteerbare woningen, zogenaamde lichte recreatiewoningen, zonder wettelijke vergunning.<\/span><\/p>\n<p><span>Elke uitbreiding of aanbouw van hout, metaalplaat of andere materialen (terras met een hoogte van meer dan 0,60 m, vaste overkapping, veranda, schutting, beplanting) is ten strengste verboden.<\/span><\/p>\n<p><span>Beveiliging<\/span><\/p>\n<p><span>a\/ Algemeen<\/span><\/p>\n<p><span>Bij de receptie en bij het zwembad is een EHBO-doos beschikbaar. <\/span><span>receptie en bij het zwembad.<\/span><\/p>\n<p><span>De poorten van de camping zijn in het hoogseizoen gesloten <\/span><span>van 23.00 tot 7.00 uur.<\/span><\/p>\n<p><span>Naast de doorgang bij de ingang van de camping zijn er nog verschillende andere evacuatieroutes op de camping <\/span><span>als volgt:<br \/><\/span><span>o <\/span><span>ter hoogte van zone A (blauwe uitgang, noordoost, richting de <\/span><span style=\"font-size: 16px;\">Nicotwijk)<\/span><\/p>\n<p><span>o <\/span><span>op het niveau van zone B (groene uitgang, noordwest, naar de <\/span><span style=\"font-size: 16px;\">parkeerplaats, route de Port d&#8217;Albret)<\/span><\/p>\n<p><span>o <\/span><span>bij zone S (grijze uitgang, zuidoost, richting fietspad) <\/span><span style=\"font-size: 16px;\">fietspad)<\/span><\/p>\n<p><span>Deze uitgangen worden afgesloten door veiligheidshekken die alleen door de <\/span><span style=\"font-size: 16px;\">alleen geopend kunnen worden door bevoegde personen (onderhoud<\/span><span style=\"font-size: 16px;\">bevoegde personen (onderhoudspersoneel, campingbeheer <\/span><span style=\"font-size: 16px;\">en brandweer).<\/span><\/p>\n<p><span>In geval van noodzaak kan de Directie gelasten dat de op de camping aanwezige personen zich verzamelen om  <\/span><span>de verzamelplaats voor het overdekte zwembad. A  <\/span><span>sirene<\/span><span>Hierdoor gaat het alarm met tussenpozen af om het publiek te waarschuwen.<\/span><\/p>\n<p><span>De verzamelplaats, evacuatieroutes en aanwijzingen zijn <\/span><span>gemarkeerd op het terrein en aangegeven op de plattegronden die zich bevinden in de <\/span><span>binnen de camping, bij de receptie, bij de ingang van de <\/span><span>en op de documenten die bij aankomst aan de gasten worden overhandigd.<\/span><\/p>\n<p><span>De voorschriften van prefectoraal decreet nr. 2008<\/span><span>-675 van 24 juli 2008 moet worden nageleefd. Deze  <\/span><span>De bestelling wordt opgehangen en kan bij de receptie worden geraadpleegd.<\/span><\/p>\n<p><span>b\/ Vuur<\/span><\/p>\n<p><span>In geval van brand of het uitbreken van een brand, onmiddellijk kennis geven aan <\/span><span>de directie.<\/span><\/p>\n<p><span>Elk open vuur (barbecue, hout, kolen, elektriciteit, gas) is ten strengste verboden op de standplaatsen.<\/span><\/p>\n<p><span>Barbecues mogen alleen op de daarvoor bestemde plaatsen worden gebruikt.<\/span><\/p>\n<p><span>Brandblussers bevinden zich overal op de camping en zijn te allen tijde toegankelijk voor gasten in geval van nood.<\/span><\/p>\n<p><span>Gewapende brandkleppen (AFV&#8217;s) zijn ook voorzien <\/span><span>waar de toegang tot structuren moeilijk kan zijn voor brandweerlieden. <\/span><span>moeilijk voor de brandweer.<\/span><\/p>\n<p><span>Het gebruik van deze blusmiddelen anders dan in geval van brand of het ontstaan van brand is ten strengste verboden.<\/span><\/p>\n<\/div>\n<div class=\"column\">\n<p><span><\/span><\/p>\n<p><span>c\/Diefstal<\/span><\/p>\n<p><span>Gasten blijven verantwoordelijk voor hun eigen faciliteiten en dienen verdachte personen te melden bij de beheerder.<\/span><\/p>\n<p><span>Hoewel de camping in juli en augustus &#8217;s nachts wordt bewaakt, wordt de gebruikers van de camping aangeraden de gebruikelijke voorzorgsmaatregelen te nemen om hun uitrusting te beschermen.<\/span><\/p>\n<p><span>Spelletjes<\/span><\/p>\n<p><span>In de buurt van de installaties mogen geen gewelddadige of storende spelletjes worden gespeeld.<\/span><\/p>\n<p><span>De TV kamer kan niet gebruikt worden voor bewegende spellen.<\/span><\/p>\n<p><span>Kinderen moeten altijd onder toezicht van hun ouders staan.<\/span><\/p>\n<p><span>Alcohol<\/span><\/p>\n<p><span>Elke consumptie van alcohol is strikt verboden in openbare gelegenheden en <\/span><span>(met uitzondering van bars en restaurants), overeenkomstig de geldende wetgeving.<\/span><\/p>\n<p><span>Dode garage<\/span><\/p>\n<p><span>Niet-gebruikte apparatuur mag alleen op het terrein worden achtergelaten <\/span><span>alleen na toestemming van de Directie en alleen op de plaats <\/span><span>aangegeven.<\/span><\/p>\n<p><span>Een vergoeding, waarvan het bedrag <\/span><span>Het bedrag staat aangegeven bij de ingang van de camping en bij de receptie. <\/span><span>voor de &#8220;dode garage&#8221;.<\/span><\/p>\n<p><span>Dieren<\/span><\/p>\n<p><span>Alleen honden en katten mogen binnenkomen en verblijven <\/span><span>op de camping l&#8217;Airial.<\/span><\/p>\n<p><span>Honden van de 1e<\/span><span>eerste <\/span><span>of 2<\/span><span>categorie <\/span><span>categorie zijn verboden.<br \/><\/span><span>Ze moeten inge\u00ebnt zijn. De eigenaar moet het bijgewerkte vaccinatieboekje voor elke  <\/span><span style=\"font-size: 16px;\">controle.<\/span><\/p>\n<p><span>Ze mogen nooit vrij rondlopen. Zij moeten niet  <\/span><span style=\"font-size: 16px;\">op het kampeerterrein blijven, zelfs wanneer ze zijn vastgebonden, bij afwezigheid van <\/span><span style=\"font-size: 16px;\">afwezigheid van <\/span><span style=\"font-size: 16px;\">van hun meesters, die financieel en burgerlijk aansprakelijk zullen zijn voor hun schade.<\/span><\/p>\n<p><span style=\"font-size: 16px;\">Ze zijn niet toegestaan op openbare plaatsen.<\/span><\/p>\n<p><span>Hondenbezitters moeten ervoor zorgen dat hun honden buiten de camping en <\/span><span style=\"font-size: 16px;\">buiten de camping en hun uitwerpselen op te ruimen.<\/span><\/p>\n<p><span>Huisdieren zijn niet toegestaan in de huuraccommodaties, zelfs niet als ze buiten de <\/span><span style=\"font-size: 16px;\">ook al slapen ze buiten de<\/span><span style=\"font-size: 16px;\">-buiten slapen.<\/span><\/p>\n<p><span>Milieu<\/span><\/p>\n<p><span>Je verblijft onder een dennenbos, dat je beschermt tegen de hitte, maar dat twee natuurlijke nadelen heeft:<br \/><\/span><span>o <\/span><span>dennenappels die tijdens warme periodes afvallen,<br \/><\/span><span>o <\/span><span>vallende takken bij harde wind of storm.<\/span><\/p>\n<p><span>Ondanks de zorg die besteed wordt aan het onderhoud of het snoeien van dit bos <\/span><span>wil de directie van de camping u vragen om waakzaam te blijven, vooral bij harde wind.<\/span><\/p>\n<p><span>Vorderingen<\/span><\/p>\n<p><span style=\"font-size: 16px;\">Elke klacht kan binnen 10 dagen na het einde van het verblijf worden ingediend per brief die persoonlijk wordt afgegeven aan de verantwoordelijke persoon of per aangetekende brief met ontvangstbewijs. Klachten worden alleen in aanmerking genomen als zij ondertekend en gedateerd zijn, zo nauwkeurig mogelijk zijn en betrekking hebben op recente gebeurtenissen.<\/span><\/p>\n<p><span>Display<\/span><\/p>\n<p><span>Dit reglement is opgehangen bij de ingang van de camping en bij de receptie. Het wordt aan de klant gegeven op zijn  <\/span><span>verzoek.<\/span><\/p>\n<p><span>Schending van het reglement voor de procesvoering<\/span><\/p>\n<p><span>Indien een bewoner het verblijf van andere gebruikers verstoort of de bepalingen van dit reglement niet respecteert, kan de beheerder of zijn vertegenwoordiger <\/span><span>vertegenwoordiger mondeling of schriftelijk indien hij\/zij dit nodig acht, opdracht geven<\/span><span>de laatste om de verstoring te stoppen.<\/span><\/p>\n<p><span>In geval van ernstige of herhaalde overtreding van het huishoudelijk reglement, en <\/span><span>de beheerder of zijn vertegenwoordiger om deze na te leven, de <\/span><span>om ze na te leven, kan de beheerder of zijn vertegenwoordiger<\/span><span>-mag de huurovereenkomst opzeggen.<\/span><\/p>\n<p><span>Verbale of fysieke agressie zal resulteren in een schending van het huurcontract, onmiddellijke uitzetting van het terrein <\/span><span>en mogelijke vervolging met schadevergoeding.<\/span><\/p>\n<p><span>In geval van een strafbaar feit kan de beheerder een beroep doen op de politie<\/span><span>.<\/span><\/p>\n<p><span>De directie<\/span><\/p>\n<\/div>\n<\/div>\n<\/div>\n<p>[\/et_pb_text][\/et_pb_column][\/et_pb_row][\/et_pb_section]<\/p>\n","protected":false},"excerpt":{"rendered":"<p>Reglement van Camping l&#8217;Airial in Soustons Toelatingseisen Om toegelaten te worden tot het betreden, vestigen of verblijven op de Om een camping te gebruiken, moet u toestemming hebben van de beheerder of zijn vertegenwoordiger en het huishoudelijk reglement naleven. De beheerder is verplicht ervoor te zorgen dat de De camping moet in goede staat worden [&hellip;]<\/p>\n","protected":false},"author":1,"featured_media":0,"parent":0,"menu_order":0,"comment_status":"closed","ping_status":"closed","template":"","meta":{"_et_pb_use_builder":"on","_et_pb_old_content":"","_et_gb_content_width":"","footnotes":""},"class_list":["post-6358","page","type-page","status-publish","hentry"],"_links":{"self":[{"href":"https:\/\/www.camping-airial.com\/nl\/wp-json\/wp\/v2\/pages\/6358","targetHints":{"allow":["GET"]}}],"collection":[{"href":"https:\/\/www.camping-airial.com\/nl\/wp-json\/wp\/v2\/pages"}],"about":[{"href":"https:\/\/www.camping-airial.com\/nl\/wp-json\/wp\/v2\/types\/page"}],"author":[{"embeddable":true,"href":"https:\/\/www.camping-airial.com\/nl\/wp-json\/wp\/v2\/users\/1"}],"replies":[{"embeddable":true,"href":"https:\/\/www.camping-airial.com\/nl\/wp-json\/wp\/v2\/comments?post=6358"}],"version-history":[{"count":0,"href":"https:\/\/www.camping-airial.com\/nl\/wp-json\/wp\/v2\/pages\/6358\/revisions"}],"wp:attachment":[{"href":"https:\/\/www.camping-airial.com\/nl\/wp-json\/wp\/v2\/media?parent=6358"}],"curies":[{"name":"wp","href":"https:\/\/api.w.org\/{rel}","templated":true}]}}